{"id":717254,"date":"2025-08-27T17:53:22","date_gmt":"2025-08-27T14:53:22","guid":{"rendered":"https:\/\/roveyayinevi.com.tr\/index.php\/urun\/delilik-daglarinda\/"},"modified":"2026-04-08T02:32:47","modified_gmt":"2026-04-07T23:32:47","slug":"delilik-daglarinda","status":"publish","type":"product","link":"https:\/\/roveyayinevi.com.tr\/index.php\/urun\/delilik-daglarinda\/","title":{"rendered":"Delilik Da\u011flar\u0131nda"},"content":{"rendered":"<p>\u201cBu evrende cazibesine kar\u015f\u0131 koyulamayan iki \u015fey vard\u0131r: \u015e\u00fcphe ve gizem. Hi\u00e7bir korku g\u00fcnl\u00fck hayat\u0131n i\u015fkencesinden daha deh\u015fet verici olamaz.\u201d20. y\u00fczy\u0131l\u0131n \u00f6nemli isimlerinden Amerikal\u0131 yazar H.P.Lovecraft (20 A\u011fustos 1890-15 Mart 1937), bug\u00fcn korku edebiyat\u0131 denilince akla ilk gelen isimlerdendir. Yaratt\u0131\u011f\u0131 korku evreni ve \u201cCthulhu Mitosu\u201d ile tan\u0131nan yazar, birbiriyle ba\u011flant\u0131l\u0131 \u00f6yk\u00fclerini \u201cArkham D\u00f6ng\u00fcs\u00fc\u201d olarak adland\u0131rd\u0131. Kendisinden sonra pek \u00e7ok sanat eserine, sinema filmine ve bug\u00fcn bilgisayar oyunlar\u0131na dahi ilham olan Lovecraft\u2019\u0131n b\u00fct\u00fcn eserlerini sizlere sunmaktan \u00f6t\u00fcr\u00fc mutluyuz.\u0130\u00e7erisinde yer alan Delilik Da\u011flar\u0131nda, Dunwich Deh\u015feti ve Charles Dexter Ward Vakas\u0131 adl\u0131 uzun \u00f6yk\u00fcleriyle elinizdeki kitap sizi karanl\u0131k, gizemli ve korku dolu bir evrenin yarat\u0131c\u0131s\u0131na, d\u00fc\u015flerin s\u0131n\u0131rlar\u0131n\u0131 zorlay\u0131c\u0131 bir dehan\u0131n hayal g\u00fcc\u00fcne davet ediyor.<\/p>\n","protected":false},"excerpt":{"rendered":"<p>\u201cBu evrende cazibesine kar\u015f\u0131 koyulamayan iki \u015fey vard\u0131r: \u015e\u00fcphe ve gizem. Hi\u00e7bir korku g\u00fcnl\u00fck hayat\u0131n i\u015fkencesinden daha deh\u015fet verici olamaz.\u201d20. y\u00fczy\u0131l\u0131n \u00f6nemli isimlerinden Amerikal\u0131 yazar H.P.Lovecraft<span class=\"excerpt-hellip\"> [\u2026]<\/span><\/p>\n","protected":false},"featured_media":0,"template":"","meta":{"_monsterinsights_skip_tracking":false,"_monsterinsights_sitenote_active":false,"_monsterinsights_sitenote_note":"","_monsterinsights_sitenote_category":0},"product_brand":[],"product_cat":[12291,12711],"product_tag":[],"class_list":{"0":"post-717254","1":"product","2":"type-product","3":"status-publish","5":"product_cat-edebiyat","6":"product_cat-roman-oyku","7":"pa_cilt-ciltsiz","8":"pa_tur-kitap","9":"pa_yayinevi-ren-kitap","10":"pa_yazar-howard-phillips-lovecraft","12":"first","13":"instock","14":"sale","15":"shipping-taxable","16":"purchasable","17":"product-type-simple"},"_links":{"self":[{"href":"https:\/\/roveyayinevi.com.tr\/index.php\/wp-json\/wp\/v2\/product\/717254","targetHints":{"allow":["GET"]}}],"collection":[{"href":"https:\/\/roveyayinevi.com.tr\/index.php\/wp-json\/wp\/v2\/product"}],"about":[{"href":"https:\/\/roveyayinevi.com.tr\/index.php\/wp-json\/wp\/v2\/types\/product"}],"wp:attachment":[{"href":"https:\/\/roveyayinevi.com.tr\/index.php\/wp-json\/wp\/v2\/media?parent=717254"}],"wp:term":[{"taxonomy":"product_brand","embeddable":true,"href":"https:\/\/roveyayinevi.com.tr\/index.php\/wp-json\/wp\/v2\/product_brand?post=717254"},{"taxonomy":"product_cat","embeddable":true,"href":"https:\/\/roveyayinevi.com.tr\/index.php\/wp-json\/wp\/v2\/product_cat?post=717254"},{"taxonomy":"product_tag","embeddable":true,"href":"https:\/\/roveyayinevi.com.tr\/index.php\/wp-json\/wp\/v2\/product_tag?post=717254"}],"curies":[{"name":"wp","href":"https:\/\/api.w.org\/{rel}","templated":true}]}}