{"id":717252,"date":"2025-08-27T17:53:21","date_gmt":"2025-08-27T14:53:21","guid":{"rendered":"https:\/\/roveyayinevi.com.tr\/index.php\/urun\/mukemmel-hata\/"},"modified":"2026-04-16T02:25:41","modified_gmt":"2026-04-15T23:25:41","slug":"mukemmel-hata","status":"publish","type":"product","link":"https:\/\/roveyayinevi.com.tr\/index.php\/urun\/mukemmel-hata\/","title":{"rendered":"M\u00fckemmel Hata"},"content":{"rendered":"<p>Zihninde t\u00f6rp\u00fclenen ge\u00e7mi\u015fi silip atmak ve sevginin ba\u011fr\u0131na sokulmak isteyen Beren, aile ba\u011flar\u0131 kopmu\u015f, sevgiden uzak bir kad\u0131nd\u0131r. En b\u00fcy\u00fck d\u00fc\u015fman\u0131 ise zihnidir.Onu hasta eden zihni&#8230;Hastal\u0131kl\u0131 d\u00fc\u015f\u00fcncelerinden kurtulamayaca\u011f\u0131na i\u00e7ten i\u00e7e inansa da, \u00f6yle bir umut do\u011far ki ya\u015fant\u0131s\u0131na, ac\u0131yla \u00f6rd\u00fc\u011f\u00fc ipler yava\u015f yava\u015f eriyerek yok olmaya ba\u015flar. O umudun ad\u0131 Arslan\u2019d\u0131r. Psikolo\u011fu olan adam; Arslan Ulusoy&#8230;Sonras\u0131nda t\u00fcm do\u011frulara s\u0131rt\u0131n\u0131 \u00e7evirerek bir plan kurar. \u0130lmek ilmek i\u015fledi\u011fi kusursuz plan\u0131n\u0131 d\u00fc\u015f\u00fcnmeden hayata ge\u00e7irir.Sonu\u00e7 ise b\u00fcy\u00fck, m\u00fckemmel bir hata!Ve beraberinde getirdi\u011fi ak\u0131l almaz bir a\u015fk&#8230;Bir gece, bir plan, bir hata ve \u00f6denecek bir bedel!<\/p>\n","protected":false},"excerpt":{"rendered":"<p>Zihninde t\u00f6rp\u00fclenen ge\u00e7mi\u015fi silip atmak ve sevginin ba\u011fr\u0131na sokulmak isteyen Beren, aile ba\u011flar\u0131 kopmu\u015f, sevgiden uzak bir kad\u0131nd\u0131r. En b\u00fcy\u00fck d\u00fc\u015fman\u0131 ise zihnidir.Onu hasta eden zihni&#8230;Hastal\u0131kl\u0131<span class=\"excerpt-hellip\"> [\u2026]<\/span><\/p>\n","protected":false},"featured_media":0,"template":"","meta":{"_monsterinsights_skip_tracking":false,"_monsterinsights_sitenote_active":false,"_monsterinsights_sitenote_note":"","_monsterinsights_sitenote_category":0},"product_brand":[],"product_cat":[12291,12711],"product_tag":[],"class_list":{"0":"post-717252","1":"product","2":"type-product","3":"status-publish","5":"product_cat-edebiyat","6":"product_cat-roman-oyku","7":"pa_cilt-ciltsiz","8":"pa_tur-kitap","9":"pa_yayinevi-parola-yayinlari","10":"pa_yazar-umran-tan","12":"first","13":"instock","14":"sale","15":"shipping-taxable","16":"purchasable","17":"product-type-simple"},"_links":{"self":[{"href":"https:\/\/roveyayinevi.com.tr\/index.php\/wp-json\/wp\/v2\/product\/717252","targetHints":{"allow":["GET"]}}],"collection":[{"href":"https:\/\/roveyayinevi.com.tr\/index.php\/wp-json\/wp\/v2\/product"}],"about":[{"href":"https:\/\/roveyayinevi.com.tr\/index.php\/wp-json\/wp\/v2\/types\/product"}],"wp:attachment":[{"href":"https:\/\/roveyayinevi.com.tr\/index.php\/wp-json\/wp\/v2\/media?parent=717252"}],"wp:term":[{"taxonomy":"product_brand","embeddable":true,"href":"https:\/\/roveyayinevi.com.tr\/index.php\/wp-json\/wp\/v2\/product_brand?post=717252"},{"taxonomy":"product_cat","embeddable":true,"href":"https:\/\/roveyayinevi.com.tr\/index.php\/wp-json\/wp\/v2\/product_cat?post=717252"},{"taxonomy":"product_tag","embeddable":true,"href":"https:\/\/roveyayinevi.com.tr\/index.php\/wp-json\/wp\/v2\/product_tag?post=717252"}],"curies":[{"name":"wp","href":"https:\/\/api.w.org\/{rel}","templated":true}]}}