{"id":717251,"date":"2025-08-27T17:53:20","date_gmt":"2025-08-27T14:53:20","guid":{"rendered":"https:\/\/roveyayinevi.com.tr\/index.php\/urun\/kuantum-beslenme\/"},"modified":"2026-02-24T02:31:47","modified_gmt":"2026-02-23T23:31:47","slug":"kuantum-beslenme","status":"publish","type":"product","link":"https:\/\/roveyayinevi.com.tr\/index.php\/urun\/kuantum-beslenme\/","title":{"rendered":"Kuantum Beslenme"},"content":{"rendered":"<p>Hastal\u0131klar\u0131 ve ya\u015flanmay\u0131 unutun!   Bu kitapta okuyaca\u011f\u0131n\u0131z konular:    \u0130nsan\u0131n \u00f6l\u00fcms\u00fczl\u00fck aray\u0131\u015f\u0131  140 adet ya\u015f g\u00fcn\u00fc mumunuz var m\u0131?  Kuantum biyoloji Mitokondriler ve enerji  Serbest radikaller ve antioksidanlar  Her hastal\u0131k ayn\u0131 sebeple ba\u015flar: Mitokondrilerin bozulmas\u0131  Sonsuz ya\u015fama giden yolda mucize s\u0131r: Bitkiler  Beslenmede y\u00fckselen de\u011fer: Ya\u011flar  Hayvansal besinler tamamen kesilmeli mi?  Oksijen ve beslenme Elektromanyetik kirlenmeden korunma  Bioritmin \u00f6nemi ve uyku Detoks ve toksin at\u0131m\u0131n\u0131 destekleme  Mitokondrileri \u015farj etmek  A\u015fk\u0131n kimyas\u0131  Sa\u011fl\u0131kl\u0131 ve uzun bir ya\u015fam i\u00e7in \u00f6rnek tarifler  <\/p>\n","protected":false},"excerpt":{"rendered":"<p>Hastal\u0131klar\u0131 ve ya\u015flanmay\u0131 unutun! Bu kitapta okuyaca\u011f\u0131n\u0131z konular: \u0130nsan\u0131n \u00f6l\u00fcms\u00fczl\u00fck aray\u0131\u015f\u0131 140 adet ya\u015f g\u00fcn\u00fc mumunuz var m\u0131? Kuantum biyoloji Mitokondriler ve enerji Serbest radikaller ve<span class=\"excerpt-hellip\"> [\u2026]<\/span><\/p>\n","protected":false},"featured_media":0,"template":"","meta":{"_monsterinsights_skip_tracking":false,"_monsterinsights_sitenote_active":false,"_monsterinsights_sitenote_note":"","_monsterinsights_sitenote_category":0},"product_brand":[],"product_cat":[13402,13365],"product_tag":[],"class_list":{"0":"post-717251","1":"product","2":"type-product","3":"status-publish","5":"product_cat-beslenme-ve-diyet","6":"product_cat-saglik","7":"pa_cilt-ciltsiz","8":"pa_tur-kitap","9":"pa_yayinevi-dogan-kitap","10":"pa_yazar-aysegul-coruhlu","12":"first","13":"instock","14":"sale","15":"shipping-taxable","16":"purchasable","17":"product-type-simple"},"_links":{"self":[{"href":"https:\/\/roveyayinevi.com.tr\/index.php\/wp-json\/wp\/v2\/product\/717251","targetHints":{"allow":["GET"]}}],"collection":[{"href":"https:\/\/roveyayinevi.com.tr\/index.php\/wp-json\/wp\/v2\/product"}],"about":[{"href":"https:\/\/roveyayinevi.com.tr\/index.php\/wp-json\/wp\/v2\/types\/product"}],"wp:attachment":[{"href":"https:\/\/roveyayinevi.com.tr\/index.php\/wp-json\/wp\/v2\/media?parent=717251"}],"wp:term":[{"taxonomy":"product_brand","embeddable":true,"href":"https:\/\/roveyayinevi.com.tr\/index.php\/wp-json\/wp\/v2\/product_brand?post=717251"},{"taxonomy":"product_cat","embeddable":true,"href":"https:\/\/roveyayinevi.com.tr\/index.php\/wp-json\/wp\/v2\/product_cat?post=717251"},{"taxonomy":"product_tag","embeddable":true,"href":"https:\/\/roveyayinevi.com.tr\/index.php\/wp-json\/wp\/v2\/product_tag?post=717251"}],"curies":[{"name":"wp","href":"https:\/\/api.w.org\/{rel}","templated":true}]}}