{"id":717249,"date":"2025-08-27T17:53:19","date_gmt":"2025-08-27T14:53:19","guid":{"rendered":"https:\/\/roveyayinevi.com.tr\/index.php\/urun\/feminist-manifesto-kadinlarin-ozgurlugu-icin-15-madde\/"},"modified":"2026-04-16T02:25:41","modified_gmt":"2026-04-15T23:25:41","slug":"feminist-manifesto-kadinlarin-ozgurlugu-icin-15-madde","status":"publish","type":"product","link":"https:\/\/roveyayinevi.com.tr\/index.php\/urun\/feminist-manifesto-kadinlarin-ozgurlugu-icin-15-madde\/","title":{"rendered":"Feminist Manifesto &#8211; Kad\u0131nlar\u0131n \u00d6zg\u00fcrl\u00fc\u011f\u00fc \u0130\u00e7in 15 Madde"},"content":{"rendered":"<p>\u201cBana g\u00f6re bir feminist, \u2018evet, g\u00fcn\u00fcm\u00fczde bir toplumsal cinsiyet sorunu var ve onu \u00e7\u00f6zmeliyiz, daha iyisini yapmal\u0131y\u0131z\u2019 diyen ki\u015fidir. Kad\u0131n erkek, hepimiz daha iyisini yapmal\u0131y\u0131z.\u201d Chimamanda Ngozi Adichie, bir g\u00fcn \u00e7ocukluk arkada\u015f\u0131ndan bir mektup ald\u0131. Arkada\u015f\u0131, k\u0131z\u0131n\u0131 feminist olarak yeti\u015ftirme konusunda Chimamanda\u2019dan yard\u0131m istiyordu. Chimamanda, kendisinin ve hemcinslerinin deneyimlerinden s\u00fcz\u00fcp getirdi\u011fi 15 madde s\u0131ralad\u0131 k\u00fc\u00e7\u00fck k\u0131z i\u00e7in. Erkek egemen bir d\u00fcnyada, e\u015fit ve tam bir birey olarak varl\u0131\u011f\u0131n\u0131 s\u00fcrd\u00fcrmesini, s\u0131rf kad\u0131n oldu\u011fu i\u00e7in kendisinden beklenilen rolleri elinin tersiyle itmesini, s\u0131rf kad\u0131n oldu\u011fu i\u00e7in ona ya\u015fat\u0131lacak k\u0131s\u0131tlamalar\u0131 reddetmesini sa\u011flayacak \u00f6neriler. Feminist Manifesto, yaln\u0131z kad\u0131nlar i\u00e7in de\u011fil, k\u0131z ve erkek \u00e7ocuklar\u0131n\u0131 \u00f6nyarg\u0131lardan, ayr\u0131mc\u0131l\u0131ktan, toplumsal cinsiyet tuzaklar\u0131ndan ar\u0131nd\u0131r\u0131lm\u0131\u015f bir d\u00fcnyada b\u00fcy\u00fctmek isteyen ebeveynler; \u00f6\u011frencilerine okulun \u00f6tesinde bir hayat vermek isteyen e\u011fitimciler i\u00e7in de ba\u015fucu kitab\u0131. <\/p>\n","protected":false},"excerpt":{"rendered":"<p>\u201cBana g\u00f6re bir feminist, \u2018evet, g\u00fcn\u00fcm\u00fczde bir toplumsal cinsiyet sorunu var ve onu \u00e7\u00f6zmeliyiz, daha iyisini yapmal\u0131y\u0131z\u2019 diyen ki\u015fidir. Kad\u0131n erkek, hepimiz daha iyisini yapmal\u0131y\u0131z.\u201d Chimamanda<span class=\"excerpt-hellip\"> [\u2026]<\/span><\/p>\n","protected":false},"featured_media":0,"template":"","meta":{"_monsterinsights_skip_tracking":false,"_monsterinsights_sitenote_active":false,"_monsterinsights_sitenote_note":"","_monsterinsights_sitenote_category":0},"product_brand":[],"product_cat":[12777,12291],"product_tag":[],"class_list":{"0":"post-717249","1":"product","2":"type-product","3":"status-publish","5":"product_cat-deneme","6":"product_cat-edebiyat","7":"pa_cilt-ciltsiz","8":"pa_tur-kitap","9":"pa_yayinevi-dogan-kitap","10":"pa_yazar-chimamanda-ngozi-adichie","12":"first","13":"instock","14":"sale","15":"shipping-taxable","16":"purchasable","17":"product-type-simple"},"_links":{"self":[{"href":"https:\/\/roveyayinevi.com.tr\/index.php\/wp-json\/wp\/v2\/product\/717249","targetHints":{"allow":["GET"]}}],"collection":[{"href":"https:\/\/roveyayinevi.com.tr\/index.php\/wp-json\/wp\/v2\/product"}],"about":[{"href":"https:\/\/roveyayinevi.com.tr\/index.php\/wp-json\/wp\/v2\/types\/product"}],"wp:attachment":[{"href":"https:\/\/roveyayinevi.com.tr\/index.php\/wp-json\/wp\/v2\/media?parent=717249"}],"wp:term":[{"taxonomy":"product_brand","embeddable":true,"href":"https:\/\/roveyayinevi.com.tr\/index.php\/wp-json\/wp\/v2\/product_brand?post=717249"},{"taxonomy":"product_cat","embeddable":true,"href":"https:\/\/roveyayinevi.com.tr\/index.php\/wp-json\/wp\/v2\/product_cat?post=717249"},{"taxonomy":"product_tag","embeddable":true,"href":"https:\/\/roveyayinevi.com.tr\/index.php\/wp-json\/wp\/v2\/product_tag?post=717249"}],"curies":[{"name":"wp","href":"https:\/\/api.w.org\/{rel}","templated":true}]}}