{"id":717248,"date":"2025-08-27T17:53:18","date_gmt":"2025-08-27T14:53:18","guid":{"rendered":"https:\/\/roveyayinevi.com.tr\/index.php\/urun\/alkali-diyet\/"},"modified":"2025-11-13T05:08:21","modified_gmt":"2025-11-13T02:08:21","slug":"alkali-diyet","status":"publish","type":"product","link":"https:\/\/roveyayinevi.com.tr\/index.php\/urun\/alkali-diyet\/","title":{"rendered":"Alkali Diyet"},"content":{"rendered":"<p>Sa\u011fl\u0131kl\u0131, mutlu ve uzun bir \u00f6m\u00fcr i\u00e7in tek y\u00f6ntem alkali olmak! Bu kitapta okuyaca\u011f\u0131n\u0131z konular:  Asitlenme Asitlenmenin sonu\u00e7lar\u0131 Asitlerden kurtulman\u0131n yollar\u0131 V\u00fccut ya\u011flar\u0131 Asitlenmeye yol a\u00e7an yiyecekler  Alkali beslenme  V\u00fccut asitli\u011fini \u00f6l\u00e7me ve de\u011ferlendirme  Alkali beslenme rehberi  \u00d6rnek beslenme plan\u0131 10 ad\u0131mda alkali beslenmeye ge\u00e7i\u015f.  <\/p>\n","protected":false},"excerpt":{"rendered":"<p>Sa\u011fl\u0131kl\u0131, mutlu ve uzun bir \u00f6m\u00fcr i\u00e7in tek y\u00f6ntem alkali olmak! Bu kitapta okuyaca\u011f\u0131n\u0131z konular: Asitlenme Asitlenmenin sonu\u00e7lar\u0131 Asitlerden kurtulman\u0131n yollar\u0131 V\u00fccut ya\u011flar\u0131 Asitlenmeye yol a\u00e7an<span class=\"excerpt-hellip\"> [\u2026]<\/span><\/p>\n","protected":false},"featured_media":0,"template":"","meta":{"_monsterinsights_skip_tracking":false,"_monsterinsights_sitenote_active":false,"_monsterinsights_sitenote_note":"","_monsterinsights_sitenote_category":0},"product_brand":[],"product_cat":[13402,13365],"product_tag":[],"class_list":{"0":"post-717248","1":"product","2":"type-product","3":"status-publish","5":"product_cat-beslenme-ve-diyet","6":"product_cat-saglik","7":"pa_cilt-ciltsiz","8":"pa_tur-kitap","9":"pa_yayinevi-dogan-kitap","10":"pa_yazar-aysegul-coruhlu","12":"first","13":"instock","14":"sale","15":"shipping-taxable","16":"purchasable","17":"product-type-simple"},"_links":{"self":[{"href":"https:\/\/roveyayinevi.com.tr\/index.php\/wp-json\/wp\/v2\/product\/717248","targetHints":{"allow":["GET"]}}],"collection":[{"href":"https:\/\/roveyayinevi.com.tr\/index.php\/wp-json\/wp\/v2\/product"}],"about":[{"href":"https:\/\/roveyayinevi.com.tr\/index.php\/wp-json\/wp\/v2\/types\/product"}],"wp:attachment":[{"href":"https:\/\/roveyayinevi.com.tr\/index.php\/wp-json\/wp\/v2\/media?parent=717248"}],"wp:term":[{"taxonomy":"product_brand","embeddable":true,"href":"https:\/\/roveyayinevi.com.tr\/index.php\/wp-json\/wp\/v2\/product_brand?post=717248"},{"taxonomy":"product_cat","embeddable":true,"href":"https:\/\/roveyayinevi.com.tr\/index.php\/wp-json\/wp\/v2\/product_cat?post=717248"},{"taxonomy":"product_tag","embeddable":true,"href":"https:\/\/roveyayinevi.com.tr\/index.php\/wp-json\/wp\/v2\/product_tag?post=717248"}],"curies":[{"name":"wp","href":"https:\/\/api.w.org\/{rel}","templated":true}]}}