{"id":717247,"date":"2025-08-27T17:53:18","date_gmt":"2025-08-27T14:53:18","guid":{"rendered":"https:\/\/roveyayinevi.com.tr\/index.php\/urun\/baris-agaci\/"},"modified":"2026-04-16T02:25:41","modified_gmt":"2026-04-15T23:25:41","slug":"baris-agaci","status":"publish","type":"product","link":"https:\/\/roveyayinevi.com.tr\/index.php\/urun\/baris-agaci\/","title":{"rendered":"Bar\u0131\u015f A\u011fac\u0131"},"content":{"rendered":"<p>Bar\u0131\u015f, her bayram oldu\u011fu gibi bu bayramda da dedesini ziyarete gitmi\u015fti. Ama bu seferki hepsinden farkl\u0131 oldu. S\u0131radan bir tatil olarak ba\u015flayan g\u00fcnleri, beklenmedik bir maceraya d\u00f6n\u00fc\u015ft\u00fc. Bar\u0131\u015f\u2019\u0131n neler ya\u015fad\u0131\u011f\u0131n\u0131 \u00f6\u011frenmek i\u00e7in, yazar\u0131 Emrah Nisan Aslan\u2019\u0131n ilk kitab\u0131 olan ve Sinem \u00d6zen T\u00fcrki\u015f\u2019in sevimli \u00e7izimleriyle renklenen kitab\u0131m\u0131z\u0131n sayfalar\u0131n\u0131 \u00e7evirmeye ba\u015flayabilirsiniz. <\/p>\n","protected":false},"excerpt":{"rendered":"<p>Bar\u0131\u015f, her bayram oldu\u011fu gibi bu bayramda da dedesini ziyarete gitmi\u015fti. Ama bu seferki hepsinden farkl\u0131 oldu. S\u0131radan bir tatil olarak ba\u015flayan g\u00fcnleri, beklenmedik bir maceraya<span class=\"excerpt-hellip\"> [\u2026]<\/span><\/p>\n","protected":false},"featured_media":0,"template":"","meta":{"_monsterinsights_skip_tracking":false,"_monsterinsights_sitenote_active":false,"_monsterinsights_sitenote_note":"","_monsterinsights_sitenote_category":0},"product_brand":[],"product_cat":[12274,12284],"product_tag":[],"class_list":{"0":"post-717247","1":"product","2":"type-product","3":"status-publish","5":"product_cat-cocuk-ve-genclik-kitaplari","6":"product_cat-hikayeler","7":"pa_cilt-ciltsiz","8":"pa_tur-kitap","9":"pa_yayinevi-potikare-yayincilik","10":"pa_yazar-emrah-nisan-aslan","12":"first","13":"instock","14":"sale","15":"shipping-taxable","16":"purchasable","17":"product-type-simple"},"_links":{"self":[{"href":"https:\/\/roveyayinevi.com.tr\/index.php\/wp-json\/wp\/v2\/product\/717247","targetHints":{"allow":["GET"]}}],"collection":[{"href":"https:\/\/roveyayinevi.com.tr\/index.php\/wp-json\/wp\/v2\/product"}],"about":[{"href":"https:\/\/roveyayinevi.com.tr\/index.php\/wp-json\/wp\/v2\/types\/product"}],"wp:attachment":[{"href":"https:\/\/roveyayinevi.com.tr\/index.php\/wp-json\/wp\/v2\/media?parent=717247"}],"wp:term":[{"taxonomy":"product_brand","embeddable":true,"href":"https:\/\/roveyayinevi.com.tr\/index.php\/wp-json\/wp\/v2\/product_brand?post=717247"},{"taxonomy":"product_cat","embeddable":true,"href":"https:\/\/roveyayinevi.com.tr\/index.php\/wp-json\/wp\/v2\/product_cat?post=717247"},{"taxonomy":"product_tag","embeddable":true,"href":"https:\/\/roveyayinevi.com.tr\/index.php\/wp-json\/wp\/v2\/product_tag?post=717247"}],"curies":[{"name":"wp","href":"https:\/\/api.w.org\/{rel}","templated":true}]}}