{"id":717239,"date":"2025-08-27T17:53:12","date_gmt":"2025-08-27T14:53:12","guid":{"rendered":"https:\/\/roveyayinevi.com.tr\/index.php\/urun\/turgut-ve-tomris\/"},"modified":"2025-10-01T17:08:40","modified_gmt":"2025-10-01T14:08:40","slug":"turgut-ve-tomris","status":"publish","type":"product","link":"https:\/\/roveyayinevi.com.tr\/index.php\/urun\/turgut-ve-tomris\/","title":{"rendered":"Turgut ve Tomris"},"content":{"rendered":"<p>Bir bozuk saattir y\u00fcre\u011fim hep sende durur.   \u201cBirbirlerinin ilk a\u015fk\u0131 de\u011fillerdi belki, ama her a\u015fk bir ilkti&#8230;\u201d   Turgut ile Tomris&#8230; T\u00fcrk edebiyat\u0131na unutulmaz eserler kazand\u0131ran, yazmaya tutkuyla ba\u011fl\u0131, iki \u00f6nemli isim&#8230; Onlar\u0131n derin ve sars\u0131c\u0131 ili\u015fkileri&#8230;  \u015eiire dair mektupla\u015fmalarla ba\u015flay\u0131p, \u015fiire d\u00f6n\u00fc\u015fen bir a\u015fk hikayesi&#8230;   Ve bu hikayenin kahramanlar\u0131, \u015fiir gibi a\u015fklar\u0131n yery\u00fcz\u00fcn\u00fc terk etti\u011fi bir zamanda, elimizden tutup, bizi bir g\u00f6\u011fe bakma dura\u011f\u0131na g\u00f6t\u00fcrm\u00fc\u015fler gibi&#8230; Kim bilir? &#8216;A\u015fk\u2019\u0131 yeniden hat\u0131rlar\u0131z belki&#8230; <\/p>\n","protected":false},"excerpt":{"rendered":"<p>Bir bozuk saattir y\u00fcre\u011fim hep sende durur. \u201cBirbirlerinin ilk a\u015fk\u0131 de\u011fillerdi belki, ama her a\u015fk bir ilkti&#8230;\u201d Turgut ile Tomris&#8230; T\u00fcrk edebiyat\u0131na unutulmaz eserler kazand\u0131ran, yazmaya<span class=\"excerpt-hellip\"> [\u2026]<\/span><\/p>\n","protected":false},"featured_media":0,"template":"","meta":{"_monsterinsights_skip_tracking":false,"_monsterinsights_sitenote_active":false,"_monsterinsights_sitenote_note":"","_monsterinsights_sitenote_category":0},"product_brand":[],"product_cat":[12777,12291],"product_tag":[],"class_list":{"0":"post-717239","1":"product","2":"type-product","3":"status-publish","5":"product_cat-deneme","6":"product_cat-edebiyat","7":"pa_cilt-ciltsiz","8":"pa_tur-kitap","9":"pa_yayinevi-hayykitap","10":"pa_yazar-siddik-akbayir","12":"first","13":"instock","14":"sale","15":"shipping-taxable","16":"purchasable","17":"product-type-simple"},"_links":{"self":[{"href":"https:\/\/roveyayinevi.com.tr\/index.php\/wp-json\/wp\/v2\/product\/717239","targetHints":{"allow":["GET"]}}],"collection":[{"href":"https:\/\/roveyayinevi.com.tr\/index.php\/wp-json\/wp\/v2\/product"}],"about":[{"href":"https:\/\/roveyayinevi.com.tr\/index.php\/wp-json\/wp\/v2\/types\/product"}],"wp:attachment":[{"href":"https:\/\/roveyayinevi.com.tr\/index.php\/wp-json\/wp\/v2\/media?parent=717239"}],"wp:term":[{"taxonomy":"product_brand","embeddable":true,"href":"https:\/\/roveyayinevi.com.tr\/index.php\/wp-json\/wp\/v2\/product_brand?post=717239"},{"taxonomy":"product_cat","embeddable":true,"href":"https:\/\/roveyayinevi.com.tr\/index.php\/wp-json\/wp\/v2\/product_cat?post=717239"},{"taxonomy":"product_tag","embeddable":true,"href":"https:\/\/roveyayinevi.com.tr\/index.php\/wp-json\/wp\/v2\/product_tag?post=717239"}],"curies":[{"name":"wp","href":"https:\/\/api.w.org\/{rel}","templated":true}]}}