{"id":717237,"date":"2025-08-27T17:53:10","date_gmt":"2025-08-27T14:53:10","guid":{"rendered":"https:\/\/roveyayinevi.com.tr\/index.php\/urun\/muhendislik-eglenceli-etkinlikler\/"},"modified":"2026-04-16T02:25:41","modified_gmt":"2026-04-15T23:25:41","slug":"muhendislik-eglenceli-etkinlikler","status":"publish","type":"product","link":"https:\/\/roveyayinevi.com.tr\/index.php\/urun\/muhendislik-eglenceli-etkinlikler\/","title":{"rendered":"M\u00fchendislik &#8211; E\u011flenceli Etkinlikler"},"content":{"rendered":"<p>M\u00fchendisler makinelere hayat verir. Alan\u0131n minik merakl\u0131lar\u0131 bu kitab\u0131n yal\u0131n a\u00e7\u0131klamalar\u0131 ve e\u011flenceli etkinlikleriyle m\u00fchendisli\u011fe ilk ad\u0131mlar\u0131 atabilir. STEM alanlar\u0131na derin bir tutku geli\u015ftirmek i\u00e7in en g\u00fczel ba\u015flang\u0131\u00e7\u2026Kim bilir, belki bir g\u00fcn bu tutku d\u00fcnyay\u0131 de\u011fi\u015ftirir\u2026<\/p>\n","protected":false},"excerpt":{"rendered":"<p>M\u00fchendisler makinelere hayat verir. Alan\u0131n minik merakl\u0131lar\u0131 bu kitab\u0131n yal\u0131n a\u00e7\u0131klamalar\u0131 ve e\u011flenceli etkinlikleriyle m\u00fchendisli\u011fe ilk ad\u0131mlar\u0131 atabilir. STEM alanlar\u0131na derin bir tutku geli\u015ftirmek i\u00e7in en<span class=\"excerpt-hellip\"> [\u2026]<\/span><\/p>\n","protected":false},"featured_media":0,"template":"","meta":{"_monsterinsights_skip_tracking":false,"_monsterinsights_sitenote_active":false,"_monsterinsights_sitenote_note":"","_monsterinsights_sitenote_category":0},"product_brand":[],"product_cat":[13829,12274],"product_tag":[],"class_list":{"0":"post-717237","1":"product","2":"type-product","3":"status-publish","5":"product_cat-bilimsel-kitaplar","6":"product_cat-cocuk-ve-genclik-kitaplari","7":"pa_cilt-ciltsiz","8":"pa_tur-kitap","9":"pa_yayinevi-is-bankasi-kultur-yayinlari","10":"pa_yazar-jenny-jacoby","12":"first","13":"instock","14":"sale","15":"shipping-taxable","16":"purchasable","17":"product-type-simple"},"_links":{"self":[{"href":"https:\/\/roveyayinevi.com.tr\/index.php\/wp-json\/wp\/v2\/product\/717237","targetHints":{"allow":["GET"]}}],"collection":[{"href":"https:\/\/roveyayinevi.com.tr\/index.php\/wp-json\/wp\/v2\/product"}],"about":[{"href":"https:\/\/roveyayinevi.com.tr\/index.php\/wp-json\/wp\/v2\/types\/product"}],"wp:attachment":[{"href":"https:\/\/roveyayinevi.com.tr\/index.php\/wp-json\/wp\/v2\/media?parent=717237"}],"wp:term":[{"taxonomy":"product_brand","embeddable":true,"href":"https:\/\/roveyayinevi.com.tr\/index.php\/wp-json\/wp\/v2\/product_brand?post=717237"},{"taxonomy":"product_cat","embeddable":true,"href":"https:\/\/roveyayinevi.com.tr\/index.php\/wp-json\/wp\/v2\/product_cat?post=717237"},{"taxonomy":"product_tag","embeddable":true,"href":"https:\/\/roveyayinevi.com.tr\/index.php\/wp-json\/wp\/v2\/product_tag?post=717237"}],"curies":[{"name":"wp","href":"https:\/\/api.w.org\/{rel}","templated":true}]}}