{"id":717236,"date":"2025-08-27T17:53:03","date_gmt":"2025-08-27T14:53:03","guid":{"rendered":"https:\/\/roveyayinevi.com.tr\/index.php\/urun\/bir-devekusu-her-seyi-yapabilir\/"},"modified":"2026-04-16T02:25:41","modified_gmt":"2026-04-15T23:25:41","slug":"bir-devekusu-her-seyi-yapabilir","status":"publish","type":"product","link":"https:\/\/roveyayinevi.com.tr\/index.php\/urun\/bir-devekusu-her-seyi-yapabilir\/","title":{"rendered":"Bir Deveku\u015fu Her \u015eeyi Yapabilir!"},"content":{"rendered":"<p>Bu deveku\u015funun g\u00f6z\u00fc y\u00fckseklerde!Didem \u00dcnal ile birlikte haz\u0131rlad\u0131klar\u0131 Ormanda Alfabe ve Denizde Say\u0131lar isimli kitaplar\u0131ndan tan\u0131d\u0131\u011f\u0131m\u0131z \u00f6d\u00fcll\u00fc yazar, \u00e7izer O\u011fuz Demir\u2019in imzas\u0131n\u0131 ta\u015f\u0131yan Bir Deveku\u015fu Her \u015eeyi Yapabilir, ki\u015fisel \u00f6zelliklerin g\u00fczelli\u011fini vurgulayan, e\u011flenceli, k\u0131p\u0131r k\u0131p\u0131r bir resimli \u00f6yk\u00fc.Her zaman hep daha fazlas\u0131n\u0131 isteyenlere ele\u015ftirel bir pencereden bakan bu matrak kitap; hayat\u0131n\u0131 ke\u015fkelerle ge\u00e7iren bir deveku\u015funun ad\u0131m ad\u0131m kendini ger\u00e7ekle\u015ftirmesini anlat\u0131yor.Farkl\u0131l\u0131klar\u0131n zenginli\u011fine de\u011finen mizahi anlat\u0131m\u0131 ve karikat\u00fcr esintili resimleriyle 5 ya\u015f ve \u00fczeri her ya\u015ftan kitapseverin merak\u0131n\u0131 cezbedecek Bir Deveku\u015fu Her \u015eeyi Yapabilir, hayat\u0131 anlamaya ve anlamland\u0131rmaya, kendiyle bar\u0131\u015f\u0131k olmaya y\u00f6nelik sorular\u0131yla okurlar\u0131n\u0131 d\u00fc\u015f\u00fcnd\u00fcr\u00fcyor.G\u00fcnler Deveku\u015fu i\u00e7in biraz zorlu ge\u00e7iyor. Kaplan koval\u0131yor, o ko\u015fuyor\u2026 Ko\u015ftuk\u00e7a ko\u015fuyor\u2026 Hep ko\u015fuyor\u2026 \u0130yi ama bu \u00e7ok yorucu! Her \u015feyden \u00f6te, her g\u00fcn pe\u015finden kaplan ko\u015fan bir deveku\u015fu olmak acayip s\u0131k\u0131c\u0131. Deveku\u015fu, ke\u015fkelere dal\u0131p gitti\u011fi bir g\u00fcn, g\u00f6ky\u00fcz\u00fcne bak\u0131yor ve akl\u0131na parlak bir fikir geliyor.Bir deveku\u015fu her \u015feyi yapabilir. \u0130sterse u\u00e7abilir bile! Ama nas\u0131l?Ya\u015fam\u0131n her alan\u0131nda, hatta hayal kurarken bile inanman\u0131n \u00f6nemine de\u011finen bu ilham verici \u00f6yk\u00fc, ba\u015fkalar\u0131n\u0131n hayat\u0131na \u00f6zenip \u201conlar\u201d gibi davranman\u0131n yersizli\u011fine dem vuruyor.Hen\u00fcz kendi potansiyelinin fark\u0131na varamam\u0131\u015f okurlara yepyeni ke\u015fifler sunan Bir Deveku\u015fu Her \u015eeyi Yapabilir, biraz azim, bolca heyecan ve bir tutam da yarat\u0131c\u0131l\u0131kla yo\u011frulmu\u015f rengarenk bir ser\u00fcven vadediyor&#8230;<\/p>\n","protected":false},"excerpt":{"rendered":"<p>Bu deveku\u015funun g\u00f6z\u00fc y\u00fckseklerde!Didem \u00dcnal ile birlikte haz\u0131rlad\u0131klar\u0131 Ormanda Alfabe ve Denizde Say\u0131lar isimli kitaplar\u0131ndan tan\u0131d\u0131\u011f\u0131m\u0131z \u00f6d\u00fcll\u00fc yazar, \u00e7izer O\u011fuz Demir\u2019in imzas\u0131n\u0131 ta\u015f\u0131yan Bir Deveku\u015fu Her<span class=\"excerpt-hellip\"> [\u2026]<\/span><\/p>\n","protected":false},"featured_media":0,"template":"","meta":{"_monsterinsights_skip_tracking":false,"_monsterinsights_sitenote_active":false,"_monsterinsights_sitenote_note":"","_monsterinsights_sitenote_category":0},"product_brand":[],"product_cat":[12274,12518],"product_tag":[],"class_list":{"0":"post-717236","1":"product","2":"type-product","3":"status-publish","5":"product_cat-cocuk-ve-genclik-kitaplari","6":"product_cat-okul-oncesi-kitaplar","7":"pa_cilt-ciltsiz","8":"pa_tur-kitap","9":"pa_yayinevi-ucanbalik-yayincilik","10":"pa_yazar-oguz-demir","12":"first","13":"instock","14":"sale","15":"shipping-taxable","16":"purchasable","17":"product-type-simple"},"_links":{"self":[{"href":"https:\/\/roveyayinevi.com.tr\/index.php\/wp-json\/wp\/v2\/product\/717236","targetHints":{"allow":["GET"]}}],"collection":[{"href":"https:\/\/roveyayinevi.com.tr\/index.php\/wp-json\/wp\/v2\/product"}],"about":[{"href":"https:\/\/roveyayinevi.com.tr\/index.php\/wp-json\/wp\/v2\/types\/product"}],"wp:attachment":[{"href":"https:\/\/roveyayinevi.com.tr\/index.php\/wp-json\/wp\/v2\/media?parent=717236"}],"wp:term":[{"taxonomy":"product_brand","embeddable":true,"href":"https:\/\/roveyayinevi.com.tr\/index.php\/wp-json\/wp\/v2\/product_brand?post=717236"},{"taxonomy":"product_cat","embeddable":true,"href":"https:\/\/roveyayinevi.com.tr\/index.php\/wp-json\/wp\/v2\/product_cat?post=717236"},{"taxonomy":"product_tag","embeddable":true,"href":"https:\/\/roveyayinevi.com.tr\/index.php\/wp-json\/wp\/v2\/product_tag?post=717236"}],"curies":[{"name":"wp","href":"https:\/\/api.w.org\/{rel}","templated":true}]}}