{"id":717235,"date":"2025-08-27T17:53:02","date_gmt":"2025-08-27T14:53:02","guid":{"rendered":"https:\/\/roveyayinevi.com.tr\/index.php\/urun\/sanat-eglenceli-etkinlikler\/"},"modified":"2026-04-16T02:25:41","modified_gmt":"2026-04-15T23:25:41","slug":"sanat-eglenceli-etkinlikler","status":"publish","type":"product","link":"https:\/\/roveyayinevi.com.tr\/index.php\/urun\/sanat-eglenceli-etkinlikler\/","title":{"rendered":"Sanat &#8211; E\u011flenceli Etkinlikler"},"content":{"rendered":"<p>Sanat STEM i\u00e7in ilham kayna\u011f\u0131 olabilir. Ayn\u0131 \u015fekilde bilim, teknoloji, m\u00fchendislik ve matematik de sanata ilham verebilir. Bu kitaptaki yal\u0131n a\u00e7\u0131klamalar\u0131 okumak, zarif ve e\u011flenceli \u00e7izimlerle s\u00fcslenen etkinlikleri uygulamak, yolun ba\u015f\u0131ndaki sanat\u00e7\u0131lar\u0131n ve gen\u00e7 bilim insanlar\u0131n\u0131n ufkunu a\u00e7acak.STEM alanlar\u0131na derin bir tutku geli\u015ftirmek i\u00e7in en uygun ba\u015flang\u0131\u00e7\u2026<\/p>\n","protected":false},"excerpt":{"rendered":"<p>Sanat STEM i\u00e7in ilham kayna\u011f\u0131 olabilir. Ayn\u0131 \u015fekilde bilim, teknoloji, m\u00fchendislik ve matematik de sanata ilham verebilir. Bu kitaptaki yal\u0131n a\u00e7\u0131klamalar\u0131 okumak, zarif ve e\u011flenceli \u00e7izimlerle<span class=\"excerpt-hellip\"> [\u2026]<\/span><\/p>\n","protected":false},"featured_media":0,"template":"","meta":{"_monsterinsights_skip_tracking":false,"_monsterinsights_sitenote_active":false,"_monsterinsights_sitenote_note":"","_monsterinsights_sitenote_category":0},"product_brand":[],"product_cat":[13829,12274],"product_tag":[],"class_list":{"0":"post-717235","1":"product","2":"type-product","3":"status-publish","5":"product_cat-bilimsel-kitaplar","6":"product_cat-cocuk-ve-genclik-kitaplari","7":"pa_cilt-ciltsiz","8":"pa_tur-kitap","9":"pa_yayinevi-is-bankasi-kultur-yayinlari","10":"pa_yazar-jenny-jacoby","12":"first","13":"instock","14":"sale","15":"shipping-taxable","16":"purchasable","17":"product-type-simple"},"_links":{"self":[{"href":"https:\/\/roveyayinevi.com.tr\/index.php\/wp-json\/wp\/v2\/product\/717235","targetHints":{"allow":["GET"]}}],"collection":[{"href":"https:\/\/roveyayinevi.com.tr\/index.php\/wp-json\/wp\/v2\/product"}],"about":[{"href":"https:\/\/roveyayinevi.com.tr\/index.php\/wp-json\/wp\/v2\/types\/product"}],"wp:attachment":[{"href":"https:\/\/roveyayinevi.com.tr\/index.php\/wp-json\/wp\/v2\/media?parent=717235"}],"wp:term":[{"taxonomy":"product_brand","embeddable":true,"href":"https:\/\/roveyayinevi.com.tr\/index.php\/wp-json\/wp\/v2\/product_brand?post=717235"},{"taxonomy":"product_cat","embeddable":true,"href":"https:\/\/roveyayinevi.com.tr\/index.php\/wp-json\/wp\/v2\/product_cat?post=717235"},{"taxonomy":"product_tag","embeddable":true,"href":"https:\/\/roveyayinevi.com.tr\/index.php\/wp-json\/wp\/v2\/product_tag?post=717235"}],"curies":[{"name":"wp","href":"https:\/\/api.w.org\/{rel}","templated":true}]}}