{"id":717233,"date":"2025-08-27T17:53:01","date_gmt":"2025-08-27T14:53:01","guid":{"rendered":"https:\/\/roveyayinevi.com.tr\/index.php\/urun\/fizik-eglenceli-etkinlikler\/"},"modified":"2026-02-03T02:39:48","modified_gmt":"2026-02-02T23:39:48","slug":"fizik-eglenceli-etkinlikler","status":"publish","type":"product","link":"https:\/\/roveyayinevi.com.tr\/index.php\/urun\/fizik-eglenceli-etkinlikler\/","title":{"rendered":"Fizik &#8211; E\u011flenceli Etkinlikler"},"content":{"rendered":"<p>Fizik nesnelerin nas\u0131l davrand\u0131\u011f\u0131n\u0131 anlamam\u0131za yarar. Merakl\u0131 fizik\u00e7iler bu kitab\u0131n yal\u0131n anlat\u0131mlar\u0131 ve e\u011flenceli etkinlikleri sayesinde fizi\u011fin temel konular\u0131yla tan\u0131\u015facak ve yarat\u0131c\u0131l\u0131klar\u0131n\u0131 geli\u015ftirecekler.STEM alanlar\u0131na derin bir tutku geli\u015ftirmek i\u00e7in en uygun ba\u015flang\u0131\u00e7\u2026<\/p>\n","protected":false},"excerpt":{"rendered":"<p>Fizik nesnelerin nas\u0131l davrand\u0131\u011f\u0131n\u0131 anlamam\u0131za yarar. Merakl\u0131 fizik\u00e7iler bu kitab\u0131n yal\u0131n anlat\u0131mlar\u0131 ve e\u011flenceli etkinlikleri sayesinde fizi\u011fin temel konular\u0131yla tan\u0131\u015facak ve yarat\u0131c\u0131l\u0131klar\u0131n\u0131 geli\u015ftirecekler.STEM alanlar\u0131na derin bir<span class=\"excerpt-hellip\"> [\u2026]<\/span><\/p>\n","protected":false},"featured_media":0,"template":"","meta":{"_monsterinsights_skip_tracking":false,"_monsterinsights_sitenote_active":false,"_monsterinsights_sitenote_note":"","_monsterinsights_sitenote_category":0},"product_brand":[],"product_cat":[13829,12274],"product_tag":[],"class_list":{"0":"post-717233","1":"product","2":"type-product","3":"status-publish","5":"product_cat-bilimsel-kitaplar","6":"product_cat-cocuk-ve-genclik-kitaplari","7":"pa_cilt-ciltsiz","8":"pa_tur-kitap","9":"pa_yayinevi-is-bankasi-kultur-yayinlari","10":"pa_yazar-jenny-jacoby","12":"first","13":"instock","14":"sale","15":"shipping-taxable","16":"purchasable","17":"product-type-simple"},"_links":{"self":[{"href":"https:\/\/roveyayinevi.com.tr\/index.php\/wp-json\/wp\/v2\/product\/717233","targetHints":{"allow":["GET"]}}],"collection":[{"href":"https:\/\/roveyayinevi.com.tr\/index.php\/wp-json\/wp\/v2\/product"}],"about":[{"href":"https:\/\/roveyayinevi.com.tr\/index.php\/wp-json\/wp\/v2\/types\/product"}],"wp:attachment":[{"href":"https:\/\/roveyayinevi.com.tr\/index.php\/wp-json\/wp\/v2\/media?parent=717233"}],"wp:term":[{"taxonomy":"product_brand","embeddable":true,"href":"https:\/\/roveyayinevi.com.tr\/index.php\/wp-json\/wp\/v2\/product_brand?post=717233"},{"taxonomy":"product_cat","embeddable":true,"href":"https:\/\/roveyayinevi.com.tr\/index.php\/wp-json\/wp\/v2\/product_cat?post=717233"},{"taxonomy":"product_tag","embeddable":true,"href":"https:\/\/roveyayinevi.com.tr\/index.php\/wp-json\/wp\/v2\/product_tag?post=717233"}],"curies":[{"name":"wp","href":"https:\/\/api.w.org\/{rel}","templated":true}]}}