{"id":717232,"date":"2025-08-27T17:53:00","date_gmt":"2025-08-27T14:53:00","guid":{"rendered":"https:\/\/roveyayinevi.com.tr\/index.php\/urun\/bilim-eglenceli-etkinlikler\/"},"modified":"2026-04-16T02:25:41","modified_gmt":"2026-04-15T23:25:41","slug":"bilim-eglenceli-etkinlikler","status":"publish","type":"product","link":"https:\/\/roveyayinevi.com.tr\/index.php\/urun\/bilim-eglenceli-etkinlikler\/","title":{"rendered":"Bilim &#8211; E\u011flenceli Etkinlikler"},"content":{"rendered":"<p>K\u00fc\u00e7\u00fck bilim insanlar\u0131 bu etkinlik kitab\u0131ndaki g\u00f6rkemli fikirlere bay\u0131lacak. Her sayfadaki yal\u0131n a\u00e7\u0131klamalar ve e\u011flenceli etkinliklerle bilimi ad\u0131m ad\u0131m ke\u015ffedecekler. M\u0131knat\u0131s\u0131n g\u00fcc\u00fcnden, d\u00fcnyam\u0131zdaki enerji kaynaklar\u0131na; bu kitap minik k\u00e2\u015fiflerin i\u00e7indeki bilim a\u015fk\u0131n\u0131 uyand\u0131racak.STEM alanlar\u0131na derin bir tutku geli\u015ftirmek i\u00e7in en uygun ba\u015flang\u0131\u00e7\u2026<\/p>\n","protected":false},"excerpt":{"rendered":"<p>K\u00fc\u00e7\u00fck bilim insanlar\u0131 bu etkinlik kitab\u0131ndaki g\u00f6rkemli fikirlere bay\u0131lacak. Her sayfadaki yal\u0131n a\u00e7\u0131klamalar ve e\u011flenceli etkinliklerle bilimi ad\u0131m ad\u0131m ke\u015ffedecekler. M\u0131knat\u0131s\u0131n g\u00fcc\u00fcnden, d\u00fcnyam\u0131zdaki enerji kaynaklar\u0131na; bu<span class=\"excerpt-hellip\"> [\u2026]<\/span><\/p>\n","protected":false},"featured_media":0,"template":"","meta":{"_monsterinsights_skip_tracking":false,"_monsterinsights_sitenote_active":false,"_monsterinsights_sitenote_note":"","_monsterinsights_sitenote_category":0},"product_brand":[],"product_cat":[13829,12274],"product_tag":[],"class_list":{"0":"post-717232","1":"product","2":"type-product","3":"status-publish","5":"product_cat-bilimsel-kitaplar","6":"product_cat-cocuk-ve-genclik-kitaplari","7":"pa_cilt-ciltsiz","8":"pa_tur-kitap","9":"pa_yayinevi-is-bankasi-kultur-yayinlari","10":"pa_yazar-sam-hutchinson","12":"first","13":"instock","14":"sale","15":"shipping-taxable","16":"purchasable","17":"product-type-simple"},"_links":{"self":[{"href":"https:\/\/roveyayinevi.com.tr\/index.php\/wp-json\/wp\/v2\/product\/717232","targetHints":{"allow":["GET"]}}],"collection":[{"href":"https:\/\/roveyayinevi.com.tr\/index.php\/wp-json\/wp\/v2\/product"}],"about":[{"href":"https:\/\/roveyayinevi.com.tr\/index.php\/wp-json\/wp\/v2\/types\/product"}],"wp:attachment":[{"href":"https:\/\/roveyayinevi.com.tr\/index.php\/wp-json\/wp\/v2\/media?parent=717232"}],"wp:term":[{"taxonomy":"product_brand","embeddable":true,"href":"https:\/\/roveyayinevi.com.tr\/index.php\/wp-json\/wp\/v2\/product_brand?post=717232"},{"taxonomy":"product_cat","embeddable":true,"href":"https:\/\/roveyayinevi.com.tr\/index.php\/wp-json\/wp\/v2\/product_cat?post=717232"},{"taxonomy":"product_tag","embeddable":true,"href":"https:\/\/roveyayinevi.com.tr\/index.php\/wp-json\/wp\/v2\/product_tag?post=717232"}],"curies":[{"name":"wp","href":"https:\/\/api.w.org\/{rel}","templated":true}]}}