{"id":717230,"date":"2025-08-27T17:52:59","date_gmt":"2025-08-27T14:52:59","guid":{"rendered":"https:\/\/roveyayinevi.com.tr\/index.php\/urun\/politika-akla-yakin-1\/"},"modified":"2026-04-16T02:25:41","modified_gmt":"2026-04-15T23:25:41","slug":"politika-akla-yakin-1","status":"publish","type":"product","link":"https:\/\/roveyayinevi.com.tr\/index.php\/urun\/politika-akla-yakin-1\/","title":{"rendered":"Politika; Akla Yak\u0131n 1"},"content":{"rendered":"<p>Se\u00e7me \u015fans\u0131 verselerdi, Danimarka\u2019dam\u0131 yoksa Suriye\u2019de mi do\u011fmak isterdiniz?\u015eayet \u00f6zel bir ba\u011f\u0131n\u0131z yoksa, sorunun cevab\u0131 barizdir.\u0130ster sevin ister burun k\u0131v\u0131r\u0131n, politika \u00f6nemlidir.D\u00fcn s\u0131k\u0131c\u0131 bir kuzey karakolu olan Danimarka\u2019y\u0131 b\u00f6ylesine \u00e7ekici hale getiren de, uygarl\u0131\u011f\u0131n be\u015fi\u011finde yer alan Suriye\u2019yi bu derece ya\u015fanmaz k\u0131lan da politikad\u0131r. <\/p>\n","protected":false},"excerpt":{"rendered":"<p>Se\u00e7me \u015fans\u0131 verselerdi, Danimarka\u2019dam\u0131 yoksa Suriye\u2019de mi do\u011fmak isterdiniz?\u015eayet \u00f6zel bir ba\u011f\u0131n\u0131z yoksa, sorunun cevab\u0131 barizdir.\u0130ster sevin ister burun k\u0131v\u0131r\u0131n, politika \u00f6nemlidir.D\u00fcn s\u0131k\u0131c\u0131 bir kuzey karakolu<span class=\"excerpt-hellip\"> [\u2026]<\/span><\/p>\n","protected":false},"featured_media":0,"template":"","meta":{"_monsterinsights_skip_tracking":false,"_monsterinsights_sitenote_active":false,"_monsterinsights_sitenote_note":"","_monsterinsights_sitenote_category":0},"product_brand":[],"product_cat":[12338,12337],"product_tag":[],"class_list":{"0":"post-717230","1":"product","2":"type-product","3":"status-publish","5":"product_cat-dunya-siyaseti-ve-politikasi","6":"product_cat-politika-siyaset","7":"pa_cilt-ciltsiz","8":"pa_tur-kitap","9":"pa_yayinevi-domingo-yayinevi","10":"pa_yazar-david-runciman","12":"first","13":"instock","14":"sale","15":"shipping-taxable","16":"purchasable","17":"product-type-simple"},"_links":{"self":[{"href":"https:\/\/roveyayinevi.com.tr\/index.php\/wp-json\/wp\/v2\/product\/717230","targetHints":{"allow":["GET"]}}],"collection":[{"href":"https:\/\/roveyayinevi.com.tr\/index.php\/wp-json\/wp\/v2\/product"}],"about":[{"href":"https:\/\/roveyayinevi.com.tr\/index.php\/wp-json\/wp\/v2\/types\/product"}],"wp:attachment":[{"href":"https:\/\/roveyayinevi.com.tr\/index.php\/wp-json\/wp\/v2\/media?parent=717230"}],"wp:term":[{"taxonomy":"product_brand","embeddable":true,"href":"https:\/\/roveyayinevi.com.tr\/index.php\/wp-json\/wp\/v2\/product_brand?post=717230"},{"taxonomy":"product_cat","embeddable":true,"href":"https:\/\/roveyayinevi.com.tr\/index.php\/wp-json\/wp\/v2\/product_cat?post=717230"},{"taxonomy":"product_tag","embeddable":true,"href":"https:\/\/roveyayinevi.com.tr\/index.php\/wp-json\/wp\/v2\/product_tag?post=717230"}],"curies":[{"name":"wp","href":"https:\/\/api.w.org\/{rel}","templated":true}]}}