{"id":717229,"date":"2025-08-27T17:52:58","date_gmt":"2025-08-27T14:52:58","guid":{"rendered":"https:\/\/roveyayinevi.com.tr\/index.php\/urun\/her-seyin-teorisi-akla-yakin-2\/"},"modified":"2026-04-16T02:25:41","modified_gmt":"2026-04-15T23:25:41","slug":"her-seyin-teorisi-akla-yakin-2","status":"publish","type":"product","link":"https:\/\/roveyayinevi.com.tr\/index.php\/urun\/her-seyin-teorisi-akla-yakin-2\/","title":{"rendered":"Her \u015eeyin Teorisi; Akla Yak\u0131n 2"},"content":{"rendered":"<p>1900\u2019lar\u0131n ba\u015flar\u0131nda, Lord Kelvin fizikte art\u0131k ke\u015ffedilecek bir \u015fey kalmad\u0131\u011f\u0131n\u0131 \u00f6ne s\u00fcrd\u00fc.Sadece bir ka\u00e7 y\u0131l sonra, Einstein g\u00f6relilik teorisiyle d\u00fcnyam\u0131za dair o g\u00fcne kadar olu\u015fmu\u015f bilgiyi ters y\u00fczetti. Ard\u0131ndan 1980\u2019lerde Stephen Hawking kuramsal fizi\u011fin sonuna geldi\u011fimizi, her \u015feyi a\u00e7\u0131klayan tek bir teorinin yak\u0131n oldu\u011funu iddia etti\u2026 ve yan\u0131ld\u0131. <\/p>\n","protected":false},"excerpt":{"rendered":"<p>1900\u2019lar\u0131n ba\u015flar\u0131nda, Lord Kelvin fizikte art\u0131k ke\u015ffedilecek bir \u015fey kalmad\u0131\u011f\u0131n\u0131 \u00f6ne s\u00fcrd\u00fc.Sadece bir ka\u00e7 y\u0131l sonra, Einstein g\u00f6relilik teorisiyle d\u00fcnyam\u0131za dair o g\u00fcne kadar olu\u015fmu\u015f bilgiyi<span class=\"excerpt-hellip\"> [\u2026]<\/span><\/p>\n","protected":false},"featured_media":0,"template":"","meta":{"_monsterinsights_skip_tracking":false,"_monsterinsights_sitenote_active":false,"_monsterinsights_sitenote_note":"","_monsterinsights_sitenote_category":0},"product_brand":[],"product_cat":[13005,13006],"product_tag":[],"class_list":{"0":"post-717229","1":"product","2":"type-product","3":"status-publish","5":"product_cat-bilim-muhendislik","6":"product_cat-populer-bilim","7":"pa_cilt-ciltsiz","8":"pa_tur-kitap","9":"pa_yayinevi-domingo-yayinevi","10":"pa_yazar-frank-close","12":"first","13":"instock","14":"sale","15":"shipping-taxable","16":"purchasable","17":"product-type-simple"},"_links":{"self":[{"href":"https:\/\/roveyayinevi.com.tr\/index.php\/wp-json\/wp\/v2\/product\/717229","targetHints":{"allow":["GET"]}}],"collection":[{"href":"https:\/\/roveyayinevi.com.tr\/index.php\/wp-json\/wp\/v2\/product"}],"about":[{"href":"https:\/\/roveyayinevi.com.tr\/index.php\/wp-json\/wp\/v2\/types\/product"}],"wp:attachment":[{"href":"https:\/\/roveyayinevi.com.tr\/index.php\/wp-json\/wp\/v2\/media?parent=717229"}],"wp:term":[{"taxonomy":"product_brand","embeddable":true,"href":"https:\/\/roveyayinevi.com.tr\/index.php\/wp-json\/wp\/v2\/product_brand?post=717229"},{"taxonomy":"product_cat","embeddable":true,"href":"https:\/\/roveyayinevi.com.tr\/index.php\/wp-json\/wp\/v2\/product_cat?post=717229"},{"taxonomy":"product_tag","embeddable":true,"href":"https:\/\/roveyayinevi.com.tr\/index.php\/wp-json\/wp\/v2\/product_tag?post=717229"}],"curies":[{"name":"wp","href":"https:\/\/api.w.org\/{rel}","templated":true}]}}