{"id":717228,"date":"2025-08-27T17:52:58","date_gmt":"2025-08-27T14:52:58","guid":{"rendered":"https:\/\/roveyayinevi.com.tr\/index.php\/urun\/antik-dunya\/"},"modified":"2026-04-16T02:25:41","modified_gmt":"2026-04-15T23:25:41","slug":"antik-dunya","status":"publish","type":"product","link":"https:\/\/roveyayinevi.com.tr\/index.php\/urun\/antik-dunya\/","title":{"rendered":"Antik D\u00fcnya"},"content":{"rendered":"<p>Antik d\u00fcnyada ya\u015fam nas\u0131ld\u0131? Bir zaman makinemiz olsa ve gidebilseydik Antik Roma\u2019da neler g\u00f6r\u00fcrd\u00fck mesela? Par\u0131lt\u0131l\u0131 beyaz tap\u0131naklar ve togalara b\u00fcr\u00fcnm\u00fc\u015f Romal\u0131lar m\u0131? Forumda konu\u015fma yapan Cicero\u2019yu mu? Atina\u2019da gezinseydik fikirleriyle Atinal\u0131lar\u0131 \u00e7ileden \u00e7\u0131karan Sokrates\u2019e mi rastlard\u0131k? Parthenon\u2019un g\u00f6rkeminden g\u00f6zlerimizi alabilir miydik? <\/p>\n","protected":false},"excerpt":{"rendered":"<p>Antik d\u00fcnyada ya\u015fam nas\u0131ld\u0131? Bir zaman makinemiz olsa ve gidebilseydik Antik Roma\u2019da neler g\u00f6r\u00fcrd\u00fck mesela? Par\u0131lt\u0131l\u0131 beyaz tap\u0131naklar ve togalara b\u00fcr\u00fcnm\u00fc\u015f Romal\u0131lar m\u0131? Forumda konu\u015fma yapan<span class=\"excerpt-hellip\"> [\u2026]<\/span><\/p>\n","protected":false},"featured_media":0,"template":"","meta":{"_monsterinsights_skip_tracking":false,"_monsterinsights_sitenote_active":false,"_monsterinsights_sitenote_note":"","_monsterinsights_sitenote_category":0},"product_brand":[],"product_cat":[12370,12304],"product_tag":[],"class_list":{"0":"post-717228","1":"product","2":"type-product","3":"status-publish","5":"product_cat-arastirma-inceleme","6":"product_cat-tarih","7":"pa_cilt-ciltsiz","8":"pa_tur-kitap","9":"pa_yayinevi-domingo-yayinevi","10":"pa_yazar-jerry-toner","12":"first","13":"instock","14":"sale","15":"shipping-taxable","16":"purchasable","17":"product-type-simple"},"_links":{"self":[{"href":"https:\/\/roveyayinevi.com.tr\/index.php\/wp-json\/wp\/v2\/product\/717228","targetHints":{"allow":["GET"]}}],"collection":[{"href":"https:\/\/roveyayinevi.com.tr\/index.php\/wp-json\/wp\/v2\/product"}],"about":[{"href":"https:\/\/roveyayinevi.com.tr\/index.php\/wp-json\/wp\/v2\/types\/product"}],"wp:attachment":[{"href":"https:\/\/roveyayinevi.com.tr\/index.php\/wp-json\/wp\/v2\/media?parent=717228"}],"wp:term":[{"taxonomy":"product_brand","embeddable":true,"href":"https:\/\/roveyayinevi.com.tr\/index.php\/wp-json\/wp\/v2\/product_brand?post=717228"},{"taxonomy":"product_cat","embeddable":true,"href":"https:\/\/roveyayinevi.com.tr\/index.php\/wp-json\/wp\/v2\/product_cat?post=717228"},{"taxonomy":"product_tag","embeddable":true,"href":"https:\/\/roveyayinevi.com.tr\/index.php\/wp-json\/wp\/v2\/product_tag?post=717228"}],"curies":[{"name":"wp","href":"https:\/\/api.w.org\/{rel}","templated":true}]}}