{"id":717227,"date":"2025-08-27T17:52:57","date_gmt":"2025-08-27T14:52:57","guid":{"rendered":"https:\/\/roveyayinevi.com.tr\/index.php\/urun\/zihin-koleksiyoncusu\/"},"modified":"2025-08-31T15:51:02","modified_gmt":"2025-08-31T12:51:02","slug":"zihin-koleksiyoncusu","status":"publish","type":"product","link":"https:\/\/roveyayinevi.com.tr\/index.php\/urun\/zihin-koleksiyoncusu\/","title":{"rendered":"Zihin Koleksiyoncusu"},"content":{"rendered":"<p>\u201cToplumun benden bekledi\u011fini yapman\u0131n bask\u0131s\u0131n\u0131 her zaman \u00fczerimde hissettim. Yapt\u0131\u011f\u0131m her i\u015fte, edindi\u011fim her rolde en iyi ve en do\u011fru nas\u0131l davranabilirim kayg\u0131s\u0131n\u0131 da. Kimsenin beni g\u00f6rmedi\u011fini d\u00fc\u015f\u00fcnd\u00fc\u011f\u00fcm zamanlarda ise ka\u00e7arcas\u0131na ters y\u00f6ne yani asl\u0131nda gitmek istedi\u011fim y\u00f6ne gittim. Maalesef a\u00e7\u0131k se\u00e7ik de\u011fil ama, y\u00fcz\u00fcm\u00fc gizleyerek. Y\u0131llarca bunu yapmaya \u00e7al\u0131\u015f\u0131rken fark etmedi\u011fim \u015fu oldu; ben nas\u0131l ba\u015fkalar\u0131n\u0131n davran\u0131\u015flar\u0131n\u0131n izini s\u00fcrebiliyor ve neyi niye yapt\u0131\u011f\u0131n\u0131 ayan beyan g\u00f6rebiliyorsam, asl\u0131nda ben de toplum i\u00e7inde \u00e7\u0131plakt\u0131m. Kolayl\u0131kla anla\u015f\u0131labilir k\u00fc\u00e7\u00fck numaralar\u0131m vard\u0131 ve y\u0131llarca bunlar\u0131n fark edilmedi\u011fini sanm\u0131\u015ft\u0131m.\u201d <\/p>\n","protected":false},"excerpt":{"rendered":"<p>\u201cToplumun benden bekledi\u011fini yapman\u0131n bask\u0131s\u0131n\u0131 her zaman \u00fczerimde hissettim. Yapt\u0131\u011f\u0131m her i\u015fte, edindi\u011fim her rolde en iyi ve en do\u011fru nas\u0131l davranabilirim kayg\u0131s\u0131n\u0131 da. Kimsenin beni<span class=\"excerpt-hellip\"> [\u2026]<\/span><\/p>\n","protected":false},"featured_media":0,"template":"","meta":{"_monsterinsights_skip_tracking":false,"_monsterinsights_sitenote_active":false,"_monsterinsights_sitenote_note":"","_monsterinsights_sitenote_category":0},"product_brand":[],"product_cat":[12777,12291],"product_tag":[],"class_list":{"0":"post-717227","1":"product","2":"type-product","3":"status-publish","5":"product_cat-deneme","6":"product_cat-edebiyat","7":"pa_cilt-ciltsiz","8":"pa_tur-kitap","9":"pa_yayinevi-kara-karga-yayinlari","10":"pa_yazar-asli-kotaman","12":"first","13":"instock","14":"sale","15":"shipping-taxable","16":"purchasable","17":"product-type-simple"},"_links":{"self":[{"href":"https:\/\/roveyayinevi.com.tr\/index.php\/wp-json\/wp\/v2\/product\/717227","targetHints":{"allow":["GET"]}}],"collection":[{"href":"https:\/\/roveyayinevi.com.tr\/index.php\/wp-json\/wp\/v2\/product"}],"about":[{"href":"https:\/\/roveyayinevi.com.tr\/index.php\/wp-json\/wp\/v2\/types\/product"}],"wp:attachment":[{"href":"https:\/\/roveyayinevi.com.tr\/index.php\/wp-json\/wp\/v2\/media?parent=717227"}],"wp:term":[{"taxonomy":"product_brand","embeddable":true,"href":"https:\/\/roveyayinevi.com.tr\/index.php\/wp-json\/wp\/v2\/product_brand?post=717227"},{"taxonomy":"product_cat","embeddable":true,"href":"https:\/\/roveyayinevi.com.tr\/index.php\/wp-json\/wp\/v2\/product_cat?post=717227"},{"taxonomy":"product_tag","embeddable":true,"href":"https:\/\/roveyayinevi.com.tr\/index.php\/wp-json\/wp\/v2\/product_tag?post=717227"}],"curies":[{"name":"wp","href":"https:\/\/api.w.org\/{rel}","templated":true}]}}