{"id":717226,"date":"2025-08-27T17:52:56","date_gmt":"2025-08-27T14:52:56","guid":{"rendered":"https:\/\/roveyayinevi.com.tr\/index.php\/urun\/portekiz\/"},"modified":"2026-04-16T02:25:41","modified_gmt":"2026-04-15T23:25:41","slug":"portekiz","status":"publish","type":"product","link":"https:\/\/roveyayinevi.com.tr\/index.php\/urun\/portekiz\/","title":{"rendered":"Portekiz"},"content":{"rendered":"<p>\u201c\u0130\u00e7imde \u015fiddetli bir sigara alma iste\u011fi vard\u0131. \u0130ki y\u0131ld\u0131r a\u011fz\u0131ma tek bir sigara koymam\u0131\u015fken\u2026 Asl\u0131nda bu festivale davetli olmaktan ger\u00e7ekten memnundum. Gelmeyeli yirmi y\u0131l\u0131 ge\u00e7mi\u015fti. Bu \u00fclkeye bir yeti\u015fkin olarak att\u0131\u011f\u0131m ilk ad\u0131mlar\u0131md\u0131. B\u00fcy\u00fclenmi\u015ftim ve mutluydum. Bu ans\u0131z\u0131n g\u00f6kten d\u00fc\u015fen tuhaf  \u00f6fkenin ve ard\u0131ndan gelen tatl\u0131 melankolinin nereden \u00e7\u0131kt\u0131\u011f\u0131n\u0131 kendi kendime soruyordum&#8230;\u201d Hayat\u0131 griye d\u00f6nen \u00e7izgi roman yazar\u0131 SimonMuchat, esin s\u0131k\u0131nt\u0131s\u0131 \u00e7ekmekle birlikte varl\u0131\u011f\u0131n\u0131n da anlam\u0131n\u0131 yitirmi\u015f gibidir. Birka\u00e7 g\u00fcnl\u00fc\u011f\u00fcne Portekiz\u2019e davet edildi\u011fi s\u0131rada kar\u015f\u0131s\u0131na hi\u00e7 ummad\u0131\u011f\u0131 \u015feyler \u00e7\u0131kar; \u00e7ocuklu\u011fundan kalma kokular, tatilden kalma kahkaha ezgileri, unutulmu\u015f \u2013belki de terk edilmi\u015f\u2013 bir ailenin \u0131\u015f\u0131lt\u0131l\u0131 s\u0131cakl\u0131\u011f\u0131&#8230; Peki ya Muchat\u2019lar\u0131n s\u0131rr\u0131 ne? Simon neden kendini hi\u00e7bir yere ait hissedemez? Ve nas\u0131l olur da tek kelimesini bile anlamad\u0131\u011f\u0131 bu yabanc\u0131 dilin titre\u015fimine kap\u0131l\u0131r? Kendini yeniledi\u011fi bu yolculukta onu daha nice sorular ve cevaplar beklemektedir. Silik ge\u00e7mi\u015fine saplan\u0131p kalan Simon, nihayet kendine yeni bir yol \u00e7izecek ve ya\u015fam sonunda g\u00f6kku\u015faklar\u0131na b\u00fcr\u00fcnecektir. CyrilPedrosa, samimi renk ve \u00e7izimleriyle, kurguyla kar\u0131\u015f\u0131k bir otobiyografinin s\u0131n\u0131rlar\u0131nda, capcanl\u0131 bir kimlik aray\u0131\u015f\u0131 hik\u00e2yesine imza at\u0131yor. <\/p>\n","protected":false},"excerpt":{"rendered":"<p>\u201c\u0130\u00e7imde \u015fiddetli bir sigara alma iste\u011fi vard\u0131. \u0130ki y\u0131ld\u0131r a\u011fz\u0131ma tek bir sigara koymam\u0131\u015fken\u2026 Asl\u0131nda bu festivale davetli olmaktan ger\u00e7ekten memnundum. Gelmeyeli yirmi y\u0131l\u0131 ge\u00e7mi\u015fti. Bu<span class=\"excerpt-hellip\"> [\u2026]<\/span><\/p>\n","protected":false},"featured_media":0,"template":"","meta":{"_monsterinsights_skip_tracking":false,"_monsterinsights_sitenote_active":false,"_monsterinsights_sitenote_note":"","_monsterinsights_sitenote_category":0},"product_brand":[],"product_cat":[12416,12291],"product_tag":[],"class_list":{"0":"post-717226","1":"product","2":"type-product","3":"status-publish","5":"product_cat-cizgi-roman","6":"product_cat-edebiyat","7":"pa_cilt-ciltsiz","8":"pa_tur-kitap","9":"pa_yayinevi-kara-karga-yayinlari","10":"pa_yazar-cyril-pedrosa","12":"first","13":"instock","14":"sale","15":"shipping-taxable","16":"purchasable","17":"product-type-simple"},"_links":{"self":[{"href":"https:\/\/roveyayinevi.com.tr\/index.php\/wp-json\/wp\/v2\/product\/717226","targetHints":{"allow":["GET"]}}],"collection":[{"href":"https:\/\/roveyayinevi.com.tr\/index.php\/wp-json\/wp\/v2\/product"}],"about":[{"href":"https:\/\/roveyayinevi.com.tr\/index.php\/wp-json\/wp\/v2\/types\/product"}],"wp:attachment":[{"href":"https:\/\/roveyayinevi.com.tr\/index.php\/wp-json\/wp\/v2\/media?parent=717226"}],"wp:term":[{"taxonomy":"product_brand","embeddable":true,"href":"https:\/\/roveyayinevi.com.tr\/index.php\/wp-json\/wp\/v2\/product_brand?post=717226"},{"taxonomy":"product_cat","embeddable":true,"href":"https:\/\/roveyayinevi.com.tr\/index.php\/wp-json\/wp\/v2\/product_cat?post=717226"},{"taxonomy":"product_tag","embeddable":true,"href":"https:\/\/roveyayinevi.com.tr\/index.php\/wp-json\/wp\/v2\/product_tag?post=717226"}],"curies":[{"name":"wp","href":"https:\/\/api.w.org\/{rel}","templated":true}]}}