{"id":717225,"date":"2025-08-27T17:52:56","date_gmt":"2025-08-27T14:52:56","guid":{"rendered":"https:\/\/roveyayinevi.com.tr\/index.php\/urun\/tanrinin-yasam-kilavuzu\/"},"modified":"2026-04-16T02:25:41","modified_gmt":"2026-04-15T23:25:41","slug":"tanrinin-yasam-kilavuzu","status":"publish","type":"product","link":"https:\/\/roveyayinevi.com.tr\/index.php\/urun\/tanrinin-yasam-kilavuzu\/","title":{"rendered":"Tanr\u0131&#8217;n\u0131n Ya\u015fam K\u0131lavuzu"},"content":{"rendered":"<p>\u201c\u0130nsan\u0131n, kendisine kavu\u015fmak i\u00e7in s\u00fcrd\u00fcrd\u00fc\u011f\u00fc yolculuk, t\u0131pk\u0131 bu yolculukta soraca\u011f\u0131 sorular gibi, hi\u00e7 bitmeyecek. Kar\u015f\u0131la\u015ft\u0131\u011f\u0131 her durum da, i\u00e7sel yolculu\u011funun birer dura\u011f\u0131 gibi, ona soluklanma, ya\u015fad\u0131klar\u0131n\u0131 sindirme ve yola devam etme g\u00fcc\u00fc verecek.\u201d D\u00f6rt G\u00fcn Buda, \u00dc\u00e7 G\u00fcn Zorba\u2019n\u0131n yazar\u0131 \u00dcnal Ers\u00f6zl\u00fc, tevafuk ve kuantumun ortakl\u0131\u011f\u0131n\u0131 i\u015faret edip, bizi g\u00f6lgemiz gibi takip eden kaderimizle ili\u015fkimizi g\u00fczelle\u015ftirmeye \u00e7a\u011f\u0131r\u0131yor. \u0130lk Yedi Bilge\u2019den eczac\u0131lara, \u015fairlerden doktorlara kadar, insanl\u0131k i\u00e7in hayat\u0131 daha iyi, daha do\u011fru ve anlaml\u0131 hale getirmeye g\u00f6n\u00fcl vermi\u015f ariflerin yorumlar\u0131n\u0131 da arkas\u0131na alarak, yolculu\u011fumuzu tatland\u0131rmam\u0131z\u0131n yollar\u0131n\u0131 g\u00f6steriyor. <\/p>\n","protected":false},"excerpt":{"rendered":"<p>\u201c\u0130nsan\u0131n, kendisine kavu\u015fmak i\u00e7in s\u00fcrd\u00fcrd\u00fc\u011f\u00fc yolculuk, t\u0131pk\u0131 bu yolculukta soraca\u011f\u0131 sorular gibi, hi\u00e7 bitmeyecek. Kar\u015f\u0131la\u015ft\u0131\u011f\u0131 her durum da, i\u00e7sel yolculu\u011funun birer dura\u011f\u0131 gibi, ona soluklanma, ya\u015fad\u0131klar\u0131n\u0131<span class=\"excerpt-hellip\"> [\u2026]<\/span><\/p>\n","protected":false},"featured_media":0,"template":"","meta":{"_monsterinsights_skip_tracking":false,"_monsterinsights_sitenote_active":false,"_monsterinsights_sitenote_note":"","_monsterinsights_sitenote_category":0},"product_brand":[],"product_cat":[12777,12291],"product_tag":[],"class_list":{"0":"post-717225","1":"product","2":"type-product","3":"status-publish","5":"product_cat-deneme","6":"product_cat-edebiyat","7":"pa_cilt-ciltsiz","8":"pa_tur-kitap","9":"pa_yayinevi-kara-karga-yayinlari","10":"pa_yazar-unal-ersozlu","12":"first","13":"instock","14":"sale","15":"shipping-taxable","16":"purchasable","17":"product-type-simple"},"_links":{"self":[{"href":"https:\/\/roveyayinevi.com.tr\/index.php\/wp-json\/wp\/v2\/product\/717225","targetHints":{"allow":["GET"]}}],"collection":[{"href":"https:\/\/roveyayinevi.com.tr\/index.php\/wp-json\/wp\/v2\/product"}],"about":[{"href":"https:\/\/roveyayinevi.com.tr\/index.php\/wp-json\/wp\/v2\/types\/product"}],"wp:attachment":[{"href":"https:\/\/roveyayinevi.com.tr\/index.php\/wp-json\/wp\/v2\/media?parent=717225"}],"wp:term":[{"taxonomy":"product_brand","embeddable":true,"href":"https:\/\/roveyayinevi.com.tr\/index.php\/wp-json\/wp\/v2\/product_brand?post=717225"},{"taxonomy":"product_cat","embeddable":true,"href":"https:\/\/roveyayinevi.com.tr\/index.php\/wp-json\/wp\/v2\/product_cat?post=717225"},{"taxonomy":"product_tag","embeddable":true,"href":"https:\/\/roveyayinevi.com.tr\/index.php\/wp-json\/wp\/v2\/product_tag?post=717225"}],"curies":[{"name":"wp","href":"https:\/\/api.w.org\/{rel}","templated":true}]}}