{"id":717222,"date":"2025-08-27T17:52:54","date_gmt":"2025-08-27T14:52:54","guid":{"rendered":"https:\/\/roveyayinevi.com.tr\/index.php\/urun\/eugenie-grandet\/"},"modified":"2026-04-16T02:25:41","modified_gmt":"2026-04-15T23:25:41","slug":"eugenie-grandet","status":"publish","type":"product","link":"https:\/\/roveyayinevi.com.tr\/index.php\/urun\/eugenie-grandet\/","title":{"rendered":"Eugenie Grandet"},"content":{"rendered":"<p>Honore de Balzac (1799-1850): 19. yy Frans\u0131z edebiyat\u0131n\u0131n b\u00fcy\u00fck ismi. Edebi kariyerine oyun yazarak ba\u015flad\u0131. Ancak ald\u0131\u011f\u0131 ele\u015ftiriler neticesinde romana y\u00f6neldi. Yirmi y\u0131lda 85 roman\u0131 tamamlad\u0131, \u00f6ld\u00fc\u011f\u00fcnde arkas\u0131nda 50 roman tasla\u011f\u0131 b\u0131rakt\u0131. 1830 y\u0131l\u0131nda kurmaca eserlerini Dante\u2019nin \u0130lahi Komedya\u2019s\u0131na at\u0131fla \u0130nsanl\u0131k Komedyas\u0131 ba\u015fl\u0131\u011f\u0131 alt\u0131nda toplad\u0131. Bir k\u0131sm\u0131 zamanla edebiyat\u0131n arketiplerine d\u00f6n\u00fc\u015fen 2000\u2019i a\u015fk\u0131n karakter yaratt\u0131, t\u00fcm bu karakterleri \u00f6nyarg\u0131dan uzak analitik bir yakla\u015f\u0131mla, toplumsal s\u0131n\u0131f\u0131ndan yal\u0131tmaks\u0131z\u0131n ele ald\u0131. Romana katt\u0131\u011f\u0131 toplumsal ve ger\u00e7ek\u00e7i \u00e7er\u00e7eve ona ger\u00e7ek\u00e7i roman\u0131n kurucusu unvan\u0131n\u0131 kazand\u0131rd\u0131. \u0130nsanl\u0131k Komedyas\u0131\u2019n\u0131n T\u00f6re \u0130ncelemesi aya\u011f\u0131nda Ta\u015fra Ya\u015fam\u0131ndan Sahneler ba\u015fl\u0131\u011f\u0131 alt\u0131nda yer alan Eugenie Grandet ilk kez 1834 y\u0131l\u0131nda yay\u0131mland\u0131. Roman, zengin fakat cimri babas\u0131n\u0131n g\u00f6lgesinde a\u015fk\u0131, yas\u0131, ac\u0131y\u0131 tadan Eug\u00e9nie\u2019nin dokunakl\u0131 hik\u00e2yesini anlat\u0131yor.<\/p>\n","protected":false},"excerpt":{"rendered":"<p>Honore de Balzac (1799-1850): 19. yy Frans\u0131z edebiyat\u0131n\u0131n b\u00fcy\u00fck ismi. Edebi kariyerine oyun yazarak ba\u015flad\u0131. Ancak ald\u0131\u011f\u0131 ele\u015ftiriler neticesinde romana y\u00f6neldi. Yirmi y\u0131lda 85 roman\u0131 tamamlad\u0131,<span class=\"excerpt-hellip\"> [\u2026]<\/span><\/p>\n","protected":false},"featured_media":0,"template":"","meta":{"_monsterinsights_skip_tracking":false,"_monsterinsights_sitenote_active":false,"_monsterinsights_sitenote_note":"","_monsterinsights_sitenote_category":0},"product_brand":[],"product_cat":[12291,13376],"product_tag":[],"class_list":{"0":"post-717222","1":"product","2":"type-product","3":"status-publish","5":"product_cat-edebiyat","6":"product_cat-fransiz-edebiyati","7":"pa_cilt-ciltsiz","8":"pa_tur-kitap","9":"pa_yayinevi-is-bankasi-kultur-yayinlari","10":"pa_yazar-honore-de-balzac","12":"first","13":"instock","14":"sale","15":"shipping-taxable","16":"purchasable","17":"product-type-simple"},"_links":{"self":[{"href":"https:\/\/roveyayinevi.com.tr\/index.php\/wp-json\/wp\/v2\/product\/717222","targetHints":{"allow":["GET"]}}],"collection":[{"href":"https:\/\/roveyayinevi.com.tr\/index.php\/wp-json\/wp\/v2\/product"}],"about":[{"href":"https:\/\/roveyayinevi.com.tr\/index.php\/wp-json\/wp\/v2\/types\/product"}],"wp:attachment":[{"href":"https:\/\/roveyayinevi.com.tr\/index.php\/wp-json\/wp\/v2\/media?parent=717222"}],"wp:term":[{"taxonomy":"product_brand","embeddable":true,"href":"https:\/\/roveyayinevi.com.tr\/index.php\/wp-json\/wp\/v2\/product_brand?post=717222"},{"taxonomy":"product_cat","embeddable":true,"href":"https:\/\/roveyayinevi.com.tr\/index.php\/wp-json\/wp\/v2\/product_cat?post=717222"},{"taxonomy":"product_tag","embeddable":true,"href":"https:\/\/roveyayinevi.com.tr\/index.php\/wp-json\/wp\/v2\/product_tag?post=717222"}],"curies":[{"name":"wp","href":"https:\/\/api.w.org\/{rel}","templated":true}]}}