{"id":717221,"date":"2025-08-27T17:52:53","date_gmt":"2025-08-27T14:52:53","guid":{"rendered":"https:\/\/roveyayinevi.com.tr\/index.php\/urun\/dolaptan-temasa-gunumuz-turkcesiyle\/"},"modified":"2026-04-16T02:25:41","modified_gmt":"2026-04-15T23:25:41","slug":"dolaptan-temasa-gunumuz-turkcesiyle","status":"publish","type":"product","link":"https:\/\/roveyayinevi.com.tr\/index.php\/urun\/dolaptan-temasa-gunumuz-turkcesiyle\/","title":{"rendered":"Dolaptan Tema\u015fa (G\u00fcn\u00fcm\u00fcz T\u00fcrk\u00e7esiyle)"},"content":{"rendered":"<p>Ahmet Mithat\u2019\u0131n \u201cMaksad\u0131m\u0131z yeni\u00e7erili\u011fin mevcut oldu\u011fu zamanlardaki e\u011flencelerin baz\u0131lar\u0131n\u0131 anlatmak\u201d diye bahsetti\u011fi Dolaptan Tema\u015fa\u2019da pek de bilmedi\u011fimiz ya\u015fay\u0131\u015f\u0131yla bir d\u00f6nemin kap\u0131lar\u0131 aralan\u0131yor. \u0130stanbul\u2019un mahalle kahveleri, \u201chelva sohbetleri\u201d, giyim ku\u015fam ve \u00e2detleri, hatta e\u015fyas\u0131yla&#8230; K\u0131sa, ancak olduk\u00e7a zengin i\u00e7eri\u011fiyle roman Behram A\u011fa, Dilber Leyla, Yeni\u00e7eri Zorlu Mustafa ve Pa\u015fal\u0131 Ahmet A\u011fa karakterleri aras\u0131nda geli\u015fen komedi ve gerilim unsuruyla bezeli, cinayetlere varan olaylar\u0131 konu al\u0131yor.Ahmet Mithat Efendi (1844-1912) Tanzimat devrinin \u00f6nde gelen yazarlar\u0131ndand\u0131r. Gazetecilikle ba\u015flad\u0131\u011f\u0131 yaz\u0131 hayat\u0131na hik\u00e2ye ve roman yazarl\u0131\u011f\u0131n\u0131 da ekleyerek \u00e7e\u015fitli alanlarda say\u0131s\u0131 y\u00fcz elliyi bulan eser kaleme alm\u0131\u015ft\u0131r. Yaz\u0131y\u0131 halk\u0131 e\u011fitmek i\u00e7in bir ara\u00e7 olarak g\u00f6rd\u00fc\u011f\u00fcnden ansiklopedik bilgilerle dolu eserlerinde okuyucuyla daima diyalog halindedir. Sofya\u2019da Tuna gazetesinde \u00f6nce yazar, daha sonra ba\u015fyazar olarak gazetecili\u011fe ad\u0131m atar. Mithat Pa\u015fa\u2019yla gitti\u011fi Ba\u011fdat\u2019ta ressam Osman Hamdi Bey, Muhammed Z\u00fchavi ve \u015eirazl\u0131 Bak\u0131r Can Muattar gibi isimlerin de bulundu\u011fu olduk\u00e7a geni\u015f k\u00fclt\u00fcrl\u00fc bir \u00e7evreye girerek Bat\u0131 ve Do\u011fu k\u00fclt\u00fcrleri \u00fczerine bilgisini derinle\u015ftirir. Tahtakale\u2019deki evinde kendi matbaas\u0131n\u0131 kurup kitaplar\u0131n\u0131 yay\u0131mlamaya ba\u015flar. Bir yandan da yay\u0131mlad\u0131\u011f\u0131 Devir, Bedir, Da\u011farc\u0131k, K\u0131rkambar gibi gazete ve dergilerle gazetecili\u011fe devam eder. Yaz\u0131lar\u0131ndan dolay\u0131 Abd\u00fclaziz y\u00f6netimi Nam\u0131k Kemallerle birlikte onu da s\u00fcrg\u00fcne g\u00f6nderir. \u00dc\u00e7 y\u0131l s\u00fcren Rodos s\u00fcrg\u00fcn\u00fcnde \u00e7ocuklar i\u00e7in bir okul a\u00e7arak ders vermeye ba\u015flar ve ilk romanlar\u0131n\u0131 yazar. \u0130stanbul\u2019a d\u00f6nd\u00fc\u011f\u00fcnde \u00e7e\u015fitli memuriyetlerde bulunur ve T\u00fcrk bas\u0131n tarihinin en uzun soluklu gazetelerinden Terc\u00fcman-\u0131 Hakikat\u2019i kurar. Hemen her konuda, \u00fcstelik yeni tekniklerle de yazan Ahmet Mithat\u2019\u0131n se\u00e7me eserlerine T\u00fcrk Edebiyat\u0131 Klasikler Dizimizde yer vermeyi s\u00fcrd\u00fcrece\u011fiz.<\/p>\n","protected":false},"excerpt":{"rendered":"<p>Ahmet Mithat\u2019\u0131n \u201cMaksad\u0131m\u0131z yeni\u00e7erili\u011fin mevcut oldu\u011fu zamanlardaki e\u011flencelerin baz\u0131lar\u0131n\u0131 anlatmak\u201d diye bahsetti\u011fi Dolaptan Tema\u015fa\u2019da pek de bilmedi\u011fimiz ya\u015fay\u0131\u015f\u0131yla bir d\u00f6nemin kap\u0131lar\u0131 aralan\u0131yor. \u0130stanbul\u2019un mahalle kahveleri, \u201chelva<span class=\"excerpt-hellip\"> [\u2026]<\/span><\/p>\n","protected":false},"featured_media":0,"template":"","meta":{"_monsterinsights_skip_tracking":false,"_monsterinsights_sitenote_active":false,"_monsterinsights_sitenote_note":"","_monsterinsights_sitenote_category":0},"product_brand":[],"product_cat":[12291,12292],"product_tag":[],"class_list":{"0":"post-717221","1":"product","2":"type-product","3":"status-publish","5":"product_cat-edebiyat","6":"product_cat-turk-edebiyati","7":"pa_cilt-ciltsiz","8":"pa_tur-kitap","9":"pa_yayinevi-is-bankasi-kultur-yayinlari","10":"pa_yazar-ahmet-mithat-efendi","12":"first","13":"instock","14":"sale","15":"shipping-taxable","16":"purchasable","17":"product-type-simple"},"_links":{"self":[{"href":"https:\/\/roveyayinevi.com.tr\/index.php\/wp-json\/wp\/v2\/product\/717221","targetHints":{"allow":["GET"]}}],"collection":[{"href":"https:\/\/roveyayinevi.com.tr\/index.php\/wp-json\/wp\/v2\/product"}],"about":[{"href":"https:\/\/roveyayinevi.com.tr\/index.php\/wp-json\/wp\/v2\/types\/product"}],"wp:attachment":[{"href":"https:\/\/roveyayinevi.com.tr\/index.php\/wp-json\/wp\/v2\/media?parent=717221"}],"wp:term":[{"taxonomy":"product_brand","embeddable":true,"href":"https:\/\/roveyayinevi.com.tr\/index.php\/wp-json\/wp\/v2\/product_brand?post=717221"},{"taxonomy":"product_cat","embeddable":true,"href":"https:\/\/roveyayinevi.com.tr\/index.php\/wp-json\/wp\/v2\/product_cat?post=717221"},{"taxonomy":"product_tag","embeddable":true,"href":"https:\/\/roveyayinevi.com.tr\/index.php\/wp-json\/wp\/v2\/product_tag?post=717221"}],"curies":[{"name":"wp","href":"https:\/\/api.w.org\/{rel}","templated":true}]}}