{"id":717219,"date":"2025-08-27T17:52:51","date_gmt":"2025-08-27T14:52:51","guid":{"rendered":"https:\/\/roveyayinevi.com.tr\/index.php\/urun\/dimitrovun-gunlukleri\/"},"modified":"2026-01-29T02:46:23","modified_gmt":"2026-01-28T23:46:23","slug":"dimitrovun-gunlukleri","status":"publish","type":"product","link":"https:\/\/roveyayinevi.com.tr\/index.php\/urun\/dimitrovun-gunlukleri\/","title":{"rendered":"Dimitrov&#8217;un G\u00fcnl\u00fckleri"},"content":{"rendered":"<p>Georgi Dimitrov, Kom\u00fcnist Enternasyonal\u2019in (Komintern\u2019in) 1935\u2019te Genel Sekreteri oldu. Dimitrov 9 Mart 1933\u2019te Almanya\u2019da tutukland\u0131. Bu tarihten itibaren G\u00fcnl\u00fck tutmaya ba\u015flad\u0131. 1949 y\u0131l\u0131 ba\u015flar\u0131na kadar (on be\u015f y\u0131l) g\u00fcnl\u00fck tutmay\u0131 s\u00fcrd\u00fcrd\u00fc. Almanya\u2019daki tutuklulu\u011fu bittikten sonra Sovyetler Birli\u011fi\u2019ne gitti ve Sovyet vatanda\u015f\u0131 oldu. 1937-1945 y\u0131llar\u0131 aras\u0131nda Sovyetler Birli\u011fi Y\u00fcksek \u015euras\u0131\u2019nda milletvekili oldu. Sovyet \u00fcst y\u00f6netiminde Stalin, Jdanov, Kaganovi\u00e7, Molotov ve Voro\u015filov ile birlikte \u00e7al\u0131\u015ft\u0131. Stalin\u2019in en yak\u0131n \u00e7al\u0131\u015fma arkada\u015flar\u0131ndan biri oldu; Stalin ile s\u0131k s\u0131k g\u00f6r\u00fc\u015ft\u00fc, sohbet etti. Dimitrov, Stalin\u2019le birlikte ya\u015fad\u0131\u011f\u0131 olaylar\u0131 kendi G\u00fcnl\u00fck sayfalar\u0131na k\u0131sa notlar halinde yazd\u0131. Dimitrov\u2019un G\u00fcnl\u00fckleri, yorumlanmas\u0131 gereken \u00f6nemli tarihsel belgelerdir.<\/p>\n","protected":false},"excerpt":{"rendered":"<p>Georgi Dimitrov, Kom\u00fcnist Enternasyonal\u2019in (Komintern\u2019in) 1935\u2019te Genel Sekreteri oldu. Dimitrov 9 Mart 1933\u2019te Almanya\u2019da tutukland\u0131. Bu tarihten itibaren G\u00fcnl\u00fck tutmaya ba\u015flad\u0131. 1949 y\u0131l\u0131 ba\u015flar\u0131na kadar (on<span class=\"excerpt-hellip\"> [\u2026]<\/span><\/p>\n","protected":false},"featured_media":0,"template":"","meta":{"_monsterinsights_skip_tracking":false,"_monsterinsights_sitenote_active":false,"_monsterinsights_sitenote_note":"","_monsterinsights_sitenote_category":0},"product_brand":[],"product_cat":[13072,12291],"product_tag":[],"class_list":{"0":"post-717219","1":"product","2":"type-product","3":"status-publish","5":"product_cat-arastirma-inceleme-referans","6":"product_cat-edebiyat","7":"pa_cilt-ciltsiz","8":"pa_tur-kitap","9":"pa_yayinevi-utopya-yayinevi","10":"pa_yazar-mehmet-inanc-turan","12":"first","13":"instock","14":"sale","15":"shipping-taxable","16":"purchasable","17":"product-type-simple"},"_links":{"self":[{"href":"https:\/\/roveyayinevi.com.tr\/index.php\/wp-json\/wp\/v2\/product\/717219","targetHints":{"allow":["GET"]}}],"collection":[{"href":"https:\/\/roveyayinevi.com.tr\/index.php\/wp-json\/wp\/v2\/product"}],"about":[{"href":"https:\/\/roveyayinevi.com.tr\/index.php\/wp-json\/wp\/v2\/types\/product"}],"wp:attachment":[{"href":"https:\/\/roveyayinevi.com.tr\/index.php\/wp-json\/wp\/v2\/media?parent=717219"}],"wp:term":[{"taxonomy":"product_brand","embeddable":true,"href":"https:\/\/roveyayinevi.com.tr\/index.php\/wp-json\/wp\/v2\/product_brand?post=717219"},{"taxonomy":"product_cat","embeddable":true,"href":"https:\/\/roveyayinevi.com.tr\/index.php\/wp-json\/wp\/v2\/product_cat?post=717219"},{"taxonomy":"product_tag","embeddable":true,"href":"https:\/\/roveyayinevi.com.tr\/index.php\/wp-json\/wp\/v2\/product_tag?post=717219"}],"curies":[{"name":"wp","href":"https:\/\/api.w.org\/{rel}","templated":true}]}}