{"id":717218,"date":"2025-08-27T17:52:51","date_gmt":"2025-08-27T14:52:51","guid":{"rendered":"https:\/\/roveyayinevi.com.tr\/index.php\/urun\/neoliberalizm-2\/"},"modified":"2026-01-29T02:46:23","modified_gmt":"2026-01-28T23:46:23","slug":"neoliberalizm-2","status":"publish","type":"product","link":"https:\/\/roveyayinevi.com.tr\/index.php\/urun\/neoliberalizm-2\/","title":{"rendered":"Neoliberalizm"},"content":{"rendered":"<p>\u201cZorlu fikirleri ve gizemli kavramlar\u0131 analizin kalitesini ya da \u00f6zg\u00fcn katk\u0131lar\u0131 yitirmeden genel okuyucuya olduk\u00e7a eri\u015filebilir k\u0131lan iki uzman yazar taraf\u0131ndan yaz\u0131lm\u0131\u015f m\u00fckemmel bir metin\u201d.Colin Crouch, Warwick \u00dcniversitesi\u201cNeoliberalizmin karma\u015f\u0131kl\u0131\u011f\u0131na y\u00f6nelik kolay anla\u015f\u0131l\u0131r bir k\u0131lavuz ya da ileri kapitalizm i\u00e7indeki h\u00e2kim e\u011filimlere kapsaml\u0131 bir giri\u015f ar\u0131yorsan\u0131z, daha fazla aramay\u0131n!\u201dDavid Coates, Wake Forest \u00dcniversitesiNeoliberalizm, otuz y\u0131ldan fazla bir s\u00fcredir egemen ekonomik ideoloji. 2007-2008 k\u00fcresel finansal krizinden g\u00f6rece zarar g\u00f6rmemi\u015f olarak \u00e7\u0131km\u0131\u015f olsa da vaatlerini yerine getirmedi\u011fi ve gittik\u00e7e daha e\u015fitsiz ve g\u00fcvenliksiz bir d\u00fcnya yaratt\u0131\u011f\u0131 bir\u00e7ok ele\u015ftirmen taraf\u0131ndan art\u0131k her zamankinden daha \u00e7ok dile getiriliyor. Bu kitap, mitler ve ger\u00e7ekli\u011fi ay\u0131rarak, neoliberalizmin anlam\u0131n\u0131n ve g\u00fcn\u00fcm\u00fczdeki pratik uygulan\u0131\u015f\u0131n\u0131n incelikli ve derinlemesine bir analizini sunuyor.Neoliberalizm hakk\u0131nda, finans\u0131n b\u00fcy\u00fcmesi, \u015firket g\u00fcc\u00fcn\u00fcn rol\u00fc ve \u00e7al\u0131\u015fma refah\u0131n\u0131n y\u00fckseli\u015fi gibi \u00f6rneklerden yararlanarak, fikirlerin etkile\u015fimini, maddi ekonomik de\u011fi\u015fimi ve siyasal d\u00f6n\u00fc\u015f\u00fcmleri i\u00e7eren dengeli fakat farkl\u0131 bir perspektif geli\u015ftiriyor. Neoliberalizmin sonunun geldi\u011fine dair iddialar\u0131 sorguluyor ve onun siyasal d\u00fc\u015f k\u0131r\u0131kl\u0131\u011f\u0131n\u0131n ve ekonomik kemer s\u0131kman\u0131n mevcut iklimi i\u00e7erisinde diren\u00e7lili\u011finin kaynaklar\u0131n\u0131 g\u00f6zler \u00f6n\u00fcne seriyor. A\u00e7\u0131k ve kolay anla\u015f\u0131l\u0131r bir bi\u00e7imde yaz\u0131lm\u0131\u015f olan bu kitap, sosyal bilimler alan\u0131ndaki \u00f6\u011frenciler ve bilim insanlar\u0131 i\u00e7in de\u011ferli bir kaynak olacakt\u0131r.<\/p>\n","protected":false},"excerpt":{"rendered":"<p>\u201cZorlu fikirleri ve gizemli kavramlar\u0131 analizin kalitesini ya da \u00f6zg\u00fcn katk\u0131lar\u0131 yitirmeden genel okuyucuya olduk\u00e7a eri\u015filebilir k\u0131lan iki uzman yazar taraf\u0131ndan yaz\u0131lm\u0131\u015f m\u00fckemmel bir metin\u201d.Colin Crouch,<span class=\"excerpt-hellip\"> [\u2026]<\/span><\/p>\n","protected":false},"featured_media":0,"template":"","meta":{"_monsterinsights_skip_tracking":false,"_monsterinsights_sitenote_active":false,"_monsterinsights_sitenote_note":"","_monsterinsights_sitenote_category":0},"product_brand":[],"product_cat":[13590,12337],"product_tag":[],"class_list":{"0":"post-717218","1":"product","2":"type-product","3":"status-publish","5":"product_cat-arastirma-inceleme-politika-siyaset","6":"product_cat-politika-siyaset","7":"pa_cilt-ciltsiz","8":"pa_tur-kitap","9":"pa_yayinevi-utopya-yayinevi","10":"pa_yazar-damien-cahill-martijn-konings","12":"first","13":"instock","14":"sale","15":"shipping-taxable","16":"purchasable","17":"product-type-simple"},"_links":{"self":[{"href":"https:\/\/roveyayinevi.com.tr\/index.php\/wp-json\/wp\/v2\/product\/717218","targetHints":{"allow":["GET"]}}],"collection":[{"href":"https:\/\/roveyayinevi.com.tr\/index.php\/wp-json\/wp\/v2\/product"}],"about":[{"href":"https:\/\/roveyayinevi.com.tr\/index.php\/wp-json\/wp\/v2\/types\/product"}],"wp:attachment":[{"href":"https:\/\/roveyayinevi.com.tr\/index.php\/wp-json\/wp\/v2\/media?parent=717218"}],"wp:term":[{"taxonomy":"product_brand","embeddable":true,"href":"https:\/\/roveyayinevi.com.tr\/index.php\/wp-json\/wp\/v2\/product_brand?post=717218"},{"taxonomy":"product_cat","embeddable":true,"href":"https:\/\/roveyayinevi.com.tr\/index.php\/wp-json\/wp\/v2\/product_cat?post=717218"},{"taxonomy":"product_tag","embeddable":true,"href":"https:\/\/roveyayinevi.com.tr\/index.php\/wp-json\/wp\/v2\/product_tag?post=717218"}],"curies":[{"name":"wp","href":"https:\/\/api.w.org\/{rel}","templated":true}]}}