{"id":717217,"date":"2025-08-27T17:52:50","date_gmt":"2025-08-27T14:52:50","guid":{"rendered":"https:\/\/roveyayinevi.com.tr\/index.php\/urun\/kole-ask\/"},"modified":"2026-04-16T02:25:41","modified_gmt":"2026-04-15T23:25:41","slug":"kole-ask","status":"publish","type":"product","link":"https:\/\/roveyayinevi.com.tr\/index.php\/urun\/kole-ask\/","title":{"rendered":"K\u00f6le &#8211; A\u015fk"},"content":{"rendered":"<p>Ruhunu amans\u0131z bir f\u0131rt\u0131na gibi istila eden intikam duygusu, ge\u00e7mi\u015fin k\u00e2busundan izlerle doluydu. \u00c7aresizli\u011fe boyun e\u011fmi\u015fken karanl\u0131k g\u00f6lgelerin ard\u0131nda umutlarla dolu bir g\u00fcne\u015f misali do\u011fmu\u015ftu a\u015fk. \u0130yile\u015fiyordu, h\u0131r\u00e7\u0131n ve tutkuyla atan bir kalbin ritmiyle uyan\u0131yordu her sabaha. Lakin silik ge\u00e7mi\u015fi tekinsiz i\u015faretlerle r\u00fcyalar\u0131ndayd\u0131. Korkuyordu. Ya i\u015faretlerin pe\u015finden gidecekti ya da ruhunu a\u015fka teslim edecekti.<\/p>\n","protected":false},"excerpt":{"rendered":"<p>Ruhunu amans\u0131z bir f\u0131rt\u0131na gibi istila eden intikam duygusu, ge\u00e7mi\u015fin k\u00e2busundan izlerle doluydu. \u00c7aresizli\u011fe boyun e\u011fmi\u015fken karanl\u0131k g\u00f6lgelerin ard\u0131nda umutlarla dolu bir g\u00fcne\u015f misali do\u011fmu\u015ftu a\u015fk.<span class=\"excerpt-hellip\"> [\u2026]<\/span><\/p>\n","protected":false},"featured_media":0,"template":"","meta":{"_monsterinsights_skip_tracking":false,"_monsterinsights_sitenote_active":false,"_monsterinsights_sitenote_note":"","_monsterinsights_sitenote_category":0},"product_brand":[],"product_cat":[12291,12711],"product_tag":[],"class_list":{"0":"post-717217","1":"product","2":"type-product","3":"status-publish","5":"product_cat-edebiyat","6":"product_cat-roman-oyku","7":"pa_cilt-ciltsiz","8":"pa_tur-kitap","9":"pa_yayinevi-indigo-kitap","10":"pa_yazar-isilca","12":"first","13":"instock","14":"sale","15":"shipping-taxable","16":"purchasable","17":"product-type-simple"},"_links":{"self":[{"href":"https:\/\/roveyayinevi.com.tr\/index.php\/wp-json\/wp\/v2\/product\/717217","targetHints":{"allow":["GET"]}}],"collection":[{"href":"https:\/\/roveyayinevi.com.tr\/index.php\/wp-json\/wp\/v2\/product"}],"about":[{"href":"https:\/\/roveyayinevi.com.tr\/index.php\/wp-json\/wp\/v2\/types\/product"}],"wp:attachment":[{"href":"https:\/\/roveyayinevi.com.tr\/index.php\/wp-json\/wp\/v2\/media?parent=717217"}],"wp:term":[{"taxonomy":"product_brand","embeddable":true,"href":"https:\/\/roveyayinevi.com.tr\/index.php\/wp-json\/wp\/v2\/product_brand?post=717217"},{"taxonomy":"product_cat","embeddable":true,"href":"https:\/\/roveyayinevi.com.tr\/index.php\/wp-json\/wp\/v2\/product_cat?post=717217"},{"taxonomy":"product_tag","embeddable":true,"href":"https:\/\/roveyayinevi.com.tr\/index.php\/wp-json\/wp\/v2\/product_tag?post=717217"}],"curies":[{"name":"wp","href":"https:\/\/api.w.org\/{rel}","templated":true}]}}