{"id":717215,"date":"2025-08-27T17:52:49","date_gmt":"2025-08-27T14:52:49","guid":{"rendered":"https:\/\/roveyayinevi.com.tr\/index.php\/urun\/spor-egitiminde-kullanilan-ogretim-yontemleri-ve-iyi-uygulama-ornegi\/"},"modified":"2026-04-16T02:25:41","modified_gmt":"2026-04-15T23:25:41","slug":"spor-egitiminde-kullanilan-ogretim-yontemleri-ve-iyi-uygulama-ornegi","status":"publish","type":"product","link":"https:\/\/roveyayinevi.com.tr\/index.php\/urun\/spor-egitiminde-kullanilan-ogretim-yontemleri-ve-iyi-uygulama-ornegi\/","title":{"rendered":"Spor E\u011fitiminde Kullan\u0131lan \u00d6\u011fretim Y\u00f6ntemleri ve \u0130yi Uygulama \u00d6rne\u011fi"},"content":{"rendered":"<p>\u0130\u00e7indekilerTablo Listesi\u015eekil Listesi\u00d6ns\u00f6z\u00d6\u011fretimde Kullan\u0131lan Model, Strateji, Y\u00f6ntem, Teknik \u0130li\u015fkisi\u0130yi Uygulama \u00d6rne\u011fi (Voleybol)Materyal ve MetotBulgularSonu\u00e7 ve \u00d6nerilerKaynaklar<\/p>\n","protected":false},"excerpt":{"rendered":"<p>\u0130\u00e7indekilerTablo Listesi\u015eekil Listesi\u00d6ns\u00f6z\u00d6\u011fretimde Kullan\u0131lan Model, Strateji, Y\u00f6ntem, Teknik \u0130li\u015fkisi\u0130yi Uygulama \u00d6rne\u011fi (Voleybol)Materyal ve MetotBulgularSonu\u00e7 ve \u00d6nerilerKaynaklar<\/p>\n","protected":false},"featured_media":0,"template":"","meta":{"_monsterinsights_skip_tracking":false,"_monsterinsights_sitenote_active":false,"_monsterinsights_sitenote_note":"","_monsterinsights_sitenote_category":0},"product_brand":[],"product_cat":[15563,15564],"product_tag":[],"class_list":{"0":"post-717215","1":"product","2":"type-product","3":"status-publish","5":"product_cat-hobi","6":"product_cat-spor","7":"pa_cilt-ciltsiz","8":"pa_tur-kitap","9":"pa_yayinevi-gazi-kitabevi","10":"pa_yazar-kolektif","12":"first","13":"instock","14":"sale","15":"shipping-taxable","16":"purchasable","17":"product-type-simple"},"_links":{"self":[{"href":"https:\/\/roveyayinevi.com.tr\/index.php\/wp-json\/wp\/v2\/product\/717215","targetHints":{"allow":["GET"]}}],"collection":[{"href":"https:\/\/roveyayinevi.com.tr\/index.php\/wp-json\/wp\/v2\/product"}],"about":[{"href":"https:\/\/roveyayinevi.com.tr\/index.php\/wp-json\/wp\/v2\/types\/product"}],"wp:attachment":[{"href":"https:\/\/roveyayinevi.com.tr\/index.php\/wp-json\/wp\/v2\/media?parent=717215"}],"wp:term":[{"taxonomy":"product_brand","embeddable":true,"href":"https:\/\/roveyayinevi.com.tr\/index.php\/wp-json\/wp\/v2\/product_brand?post=717215"},{"taxonomy":"product_cat","embeddable":true,"href":"https:\/\/roveyayinevi.com.tr\/index.php\/wp-json\/wp\/v2\/product_cat?post=717215"},{"taxonomy":"product_tag","embeddable":true,"href":"https:\/\/roveyayinevi.com.tr\/index.php\/wp-json\/wp\/v2\/product_tag?post=717215"}],"curies":[{"name":"wp","href":"https:\/\/api.w.org\/{rel}","templated":true}]}}