{"id":717214,"date":"2025-08-27T17:52:48","date_gmt":"2025-08-27T14:52:48","guid":{"rendered":"https:\/\/roveyayinevi.com.tr\/index.php\/urun\/paket\/"},"modified":"2026-04-16T02:25:41","modified_gmt":"2026-04-15T23:25:41","slug":"paket","status":"publish","type":"product","link":"https:\/\/roveyayinevi.com.tr\/index.php\/urun\/paket\/","title":{"rendered":"Paket"},"content":{"rendered":"<p>Postac\u0131s\u0131 ondan evde bulamad\u0131\u011f\u0131 kom\u015fusuna gelen bir paketi teslim almas\u0131n\u0131 rica etti. Daha \u00f6nce ad\u0131n\u0131 hi\u00e7 duymad\u0131\u011f\u0131 bir kom\u015fuydu bu. \u00dcstelik y\u0131llard\u0131r ayn\u0131 ara sokakta oturmas\u0131na ra\u011fmen.Kad\u0131n ise, \u201cBunda ne k\u00f6t\u00fcl\u00fck olabilir ki?\u201d diye d\u00fc\u015f\u00fcnd\u00fc.Ve b\u00f6ylece \u00f6l\u00fcmc\u00fcl bir k\u00e2busu evine sokmu\u015f oldu\u2026Gen\u00e7 psikiyatr Emma Stein bir otel odas\u0131nda sald\u0131r\u0131ya u\u011frad\u0131\u011f\u0131ndan beri evinden \u00e7\u0131kmay\u0131 reddediyordur. Emma, \u00f6ld\u00fcrmeden \u00f6nce kurbanlar\u0131n\u0131n sa\u00e7lar\u0131n\u0131 kaz\u0131d\u0131\u011f\u0131 i\u00e7in bas\u0131nda \u201cBerber\u201d ad\u0131yla an\u0131lan bir psikopat\u0131n \u00fc\u00e7\u00fcnc\u00fc kurban\u0131d\u0131r. Berber\u2019in elinden canl\u0131 kurtulan tek ki\u015fi olan Emma bu caninin yar\u0131m b\u0131rakt\u0131\u011f\u0131 i\u015fi tamamlamak i\u00e7in onun pe\u015fine d\u00fc\u015fece\u011finden korkmaktad\u0131r. Kendisine sald\u0131ran ki\u015fiyi hi\u00e7 g\u00f6rmemi\u015f olmas\u0131na ra\u011fmen kar\u015f\u0131s\u0131na \u00e7\u0131kan her adam\u0131n o oldu\u011funa dair paranoyak d\u00fc\u015f\u00fcnceler yakas\u0131n\u0131 b\u0131rakmaz. Kendisini g\u00fcvende hissetti\u011fi tek yer ise Berlin\u2019in \u00fccra bir semtinde bulunan ara sokaktaki evidir, ta ki bir g\u00fcn postac\u0131 Emma\u2019dan bir kom\u015fusunun paketini onun ad\u0131na teslim almas\u0131n\u0131 isteyene dek.Emma y\u0131llard\u0131r ayn\u0131 sokakta ya\u015famas\u0131na ra\u011fmen bu kom\u015fu hi\u00e7 tan\u0131mad\u0131\u011f\u0131 biridir ve onun ad\u0131na ald\u0131\u011f\u0131 paket Emma\u2019y\u0131 hayat\u0131n\u0131n en korkun\u00e7 k\u00e2busunun i\u00e7ine atacakt\u0131r.\u201cSebastian Fitzek uykusuz bir gece ge\u00e7irece\u011finizi garanti ediyor.\u201dDonna\u201cYazar, okuyucular\u0131 i\u00e7in delice bir hik\u00e2ye, tekinsizlikler ve son sayfaya kadar devam eden \u00e7\u0131lg\u0131nca bir temposu olan bir paket haz\u0131rlam\u0131\u015f.\u201ddpa\u201cFitzek yan\u0131ltmacalarla dolu bir \u015fahesere imza atm\u0131\u015f.\u201dWestdeutsche Allgemeine\u201cFitzek gerilim t\u00fcr\u00fcn\u00fcn ustas\u0131 oldu\u011funu bir kez daha kan\u0131tl\u0131yor.\u201dH\u00f6rzu<\/p>\n","protected":false},"excerpt":{"rendered":"<p>Postac\u0131s\u0131 ondan evde bulamad\u0131\u011f\u0131 kom\u015fusuna gelen bir paketi teslim almas\u0131n\u0131 rica etti. Daha \u00f6nce ad\u0131n\u0131 hi\u00e7 duymad\u0131\u011f\u0131 bir kom\u015fuydu bu. \u00dcstelik y\u0131llard\u0131r ayn\u0131 ara sokakta oturmas\u0131na<span class=\"excerpt-hellip\"> [\u2026]<\/span><\/p>\n","protected":false},"featured_media":0,"template":"","meta":{"_monsterinsights_skip_tracking":false,"_monsterinsights_sitenote_active":false,"_monsterinsights_sitenote_note":"","_monsterinsights_sitenote_category":0},"product_brand":[],"product_cat":[12291,17033],"product_tag":[],"class_list":{"0":"post-717214","1":"product","2":"type-product","3":"status-publish","5":"product_cat-edebiyat","6":"product_cat-korku-gerilim","7":"pa_cilt-ciltsiz","8":"pa_tur-kitap","9":"pa_yayinevi-pegasus-yayinlari","10":"pa_yazar-sebastian-fitzek","12":"first","13":"instock","14":"sale","15":"shipping-taxable","16":"purchasable","17":"product-type-simple"},"_links":{"self":[{"href":"https:\/\/roveyayinevi.com.tr\/index.php\/wp-json\/wp\/v2\/product\/717214","targetHints":{"allow":["GET"]}}],"collection":[{"href":"https:\/\/roveyayinevi.com.tr\/index.php\/wp-json\/wp\/v2\/product"}],"about":[{"href":"https:\/\/roveyayinevi.com.tr\/index.php\/wp-json\/wp\/v2\/types\/product"}],"wp:attachment":[{"href":"https:\/\/roveyayinevi.com.tr\/index.php\/wp-json\/wp\/v2\/media?parent=717214"}],"wp:term":[{"taxonomy":"product_brand","embeddable":true,"href":"https:\/\/roveyayinevi.com.tr\/index.php\/wp-json\/wp\/v2\/product_brand?post=717214"},{"taxonomy":"product_cat","embeddable":true,"href":"https:\/\/roveyayinevi.com.tr\/index.php\/wp-json\/wp\/v2\/product_cat?post=717214"},{"taxonomy":"product_tag","embeddable":true,"href":"https:\/\/roveyayinevi.com.tr\/index.php\/wp-json\/wp\/v2\/product_tag?post=717214"}],"curies":[{"name":"wp","href":"https:\/\/api.w.org\/{rel}","templated":true}]}}