{"id":717210,"date":"2025-08-27T17:52:45","date_gmt":"2025-08-27T14:52:45","guid":{"rendered":"https:\/\/roveyayinevi.com.tr\/index.php\/urun\/hazine-arazilerinde-yatirim-firsatlari-2\/"},"modified":"2026-04-16T02:25:41","modified_gmt":"2026-04-15T23:25:41","slug":"hazine-arazilerinde-yatirim-firsatlari-2","status":"publish","type":"product","link":"https:\/\/roveyayinevi.com.tr\/index.php\/urun\/hazine-arazilerinde-yatirim-firsatlari-2\/","title":{"rendered":"Hazine Arazilerinde Yat\u0131r\u0131m F\u0131rsatlar\u0131"},"content":{"rendered":"<p>HAZ\u0130NE ARAZ\u0130LER\u0130NDE YATIRIM FIRSATLARI (En G\u00fcncel Hali ile)Yat\u0131r\u0131m Te\u015fvik Ve Desteklerinden Hangi Ko\u015fullarda Nas\u0131l Faydalan\u0131l\u0131r?Teknoloji Odakl\u0131 Sanayi Hamlesi Te\u015fvik Program\u0131ndan Nas\u0131l Faydalan\u0131l\u0131r?Proje Bazl\u0131 Yat\u0131r\u0131m Te\u015fvik Sistemi Nedir, Nas\u0131l Faydalan\u0131l\u0131r?Cazibe Merkezleri Yat\u0131r\u0131m Te\u015fvik Program\u0131ndan Nas\u0131l Faydalan\u0131l\u0131r?\u0130mar Bar\u0131\u015f\u0131na G\u00f6re Hazine Ve Belediye Arazilerinin Do\u011frudan \u0130halesiz Nas\u0131l Sat\u0131n Al\u0131n\u0131r?Hazine Arazilerinin \u00c7ift\u00e7ilere \u0130halesiz Do\u011frudan Kiralanmas\u0131Vak\u0131f Arazileri nas\u0131l kiralan\u0131r?Meralar Nas\u0131l Kiralan\u0131r?Orman Arazileri Konaklamal\u0131\/Konaklamas\u0131z Mesire Alan\u0131 Ama\u00e7l\u0131 Nas\u0131l Kiralan\u0131rT\u00fcrkiye&#8217;de Gayrimenkul Yat\u0131r\u0131m\u0131 Yapan Yabanc\u0131ya T.C. Vatanda\u015fl\u0131\u011f\u0131 Hakk\u0131 Verilmesinde Yeni UygulamaHazine Arazilerinde Rayi\u00e7 Bedelinin Binde Biri \u00dczerinden Y\u0131ll\u0131k Kira Bedeli \u0130le T\u0131bbi Ve Aromatik Bitkiler \u0130le S\u00fcs Bitkileri Yeti\u015ftirme F\u0131rsat\u0131\u00d6zel A\u011fa\u00e7land\u0131rma Yapmak Amac\u0131yla Hazine arazileri Nas\u0131l Kiralan\u0131r?Devlet Ormanlar\u0131nda Yat\u0131r\u0131m \u0130mkanlar\u0131 ve Te\u015fviklerHazine Arazilerinde Uygun Bedeller \u0130le Uzun S\u00fcreli Yat\u0131r\u0131m Yapma \u0130mkanlar\u0131Hazine Arazilerinde Tar\u0131m Ve Hayvanc\u0131l\u0131k Yat\u0131r\u0131mlar\u0131 Ve Avantajlar\u0131Enerji Yat\u0131r\u0131mlar\u0131nda Arsa-Arazi Te\u015fvik Uygulamalar\u0131 Kamula\u015ft\u0131rma ve \u0130rtifak Hakk\u0131Hazine Arazilerinde Tersane, Yat Liman\u0131 ve Marina Yat\u0131r\u0131mlar\u0131Turizm Merkezlerinde Yat\u0131r\u0131mc\u0131lara Arazi TahsisiHazine Arazilerinin Do\u011frudan Sat\u0131n Al\u0131nmas\u0131 veya Kiralanmas\u0131<\/p>\n","protected":false},"excerpt":{"rendered":"<p>HAZ\u0130NE ARAZ\u0130LER\u0130NDE YATIRIM FIRSATLARI (En G\u00fcncel Hali ile)Yat\u0131r\u0131m Te\u015fvik Ve Desteklerinden Hangi Ko\u015fullarda Nas\u0131l Faydalan\u0131l\u0131r?Teknoloji Odakl\u0131 Sanayi Hamlesi Te\u015fvik Program\u0131ndan Nas\u0131l Faydalan\u0131l\u0131r?Proje Bazl\u0131 Yat\u0131r\u0131m Te\u015fvik Sistemi<span class=\"excerpt-hellip\"> [\u2026]<\/span><\/p>\n","protected":false},"featured_media":0,"template":"","meta":{"_monsterinsights_skip_tracking":false,"_monsterinsights_sitenote_active":false,"_monsterinsights_sitenote_note":"","_monsterinsights_sitenote_category":0},"product_brand":[],"product_cat":[17249,13043],"product_tag":[],"class_list":{"0":"post-717210","1":"product","2":"type-product","3":"status-publish","5":"product_cat-borsa-finans","6":"product_cat-ekonomi","7":"pa_cilt-ciltsiz","8":"pa_tur-kitap","9":"pa_yayinevi-astana-yayinlari","10":"pa_yazar-hidayet-mat","12":"first","13":"instock","14":"sale","15":"shipping-taxable","16":"purchasable","17":"product-type-simple"},"_links":{"self":[{"href":"https:\/\/roveyayinevi.com.tr\/index.php\/wp-json\/wp\/v2\/product\/717210","targetHints":{"allow":["GET"]}}],"collection":[{"href":"https:\/\/roveyayinevi.com.tr\/index.php\/wp-json\/wp\/v2\/product"}],"about":[{"href":"https:\/\/roveyayinevi.com.tr\/index.php\/wp-json\/wp\/v2\/types\/product"}],"wp:attachment":[{"href":"https:\/\/roveyayinevi.com.tr\/index.php\/wp-json\/wp\/v2\/media?parent=717210"}],"wp:term":[{"taxonomy":"product_brand","embeddable":true,"href":"https:\/\/roveyayinevi.com.tr\/index.php\/wp-json\/wp\/v2\/product_brand?post=717210"},{"taxonomy":"product_cat","embeddable":true,"href":"https:\/\/roveyayinevi.com.tr\/index.php\/wp-json\/wp\/v2\/product_cat?post=717210"},{"taxonomy":"product_tag","embeddable":true,"href":"https:\/\/roveyayinevi.com.tr\/index.php\/wp-json\/wp\/v2\/product_tag?post=717210"}],"curies":[{"name":"wp","href":"https:\/\/api.w.org\/{rel}","templated":true}]}}