{"id":717208,"date":"2025-08-27T17:52:44","date_gmt":"2025-08-27T14:52:44","guid":{"rendered":"https:\/\/roveyayinevi.com.tr\/index.php\/urun\/antikomunizm-ulkucu-hareket-turkes\/"},"modified":"2026-04-16T02:25:41","modified_gmt":"2026-04-15T23:25:41","slug":"antikomunizm-ulkucu-hareket-turkes","status":"publish","type":"product","link":"https:\/\/roveyayinevi.com.tr\/index.php\/urun\/antikomunizm-ulkucu-hareket-turkes\/","title":{"rendered":"Antikom\u00fcnizm \u00dclk\u00fcc\u00fc Hareket T\u00fcrke\u015f"},"content":{"rendered":"<p>T\u00fcrkiye siyasetinde antikom\u00fcnizm nas\u0131l bir yer kaplamaktad\u0131r? \u201cKom\u00fcnizm tehdidinin icat edilmesi\u201dnde i\u00e7 ve d\u0131\u015f dinamikler nas\u0131l bir rol oynam\u0131\u015ft\u0131r? Tan Matbaas\u0131 bask\u0131n\u0131, NATO \u00fcyeli\u011fi, Kore Sava\u015f\u0131, 1960 ve 70\u2019lerin siyasi \u00e7at\u0131\u015fmalar\u0131 ve 12 Eyl\u00fcl darbesi \u201cantikom\u00fcnist\u201d ve \u00fclk\u00fcc\u00fc hareketin geli\u015fimi a\u00e7\u0131s\u0131ndan nerede durmaktad\u0131r? 1990\u2019larla birlikte \u201cK\u00fcrt sorunu\u201dnun \u00fclk\u00fcc\u00fc hareket \u00fczerindeki etkisi ne olmu\u015ftur? B\u00fct\u00fcn bu tarih i\u00e7erisinde Alparslan T\u00fcrke\u015f fig\u00fcr\u00fc nas\u0131l bir yer kaplamaktad\u0131r?T\u00fcrk sa\u011f\u0131 ve yak\u0131n siyasi tarihimize dair yapt\u0131\u011f\u0131 \u00e7al\u0131\u015fmalarla tan\u0131nan Fatih Ya\u015fl\u0131, ara\u015ft\u0131rmalar\u0131n\u0131n yeni evresinde i\u015fte bu sorular\u0131n yan\u0131t\u0131n\u0131 ar\u0131yor, \u201cantikom\u00fcnizm\u201din bu topraklarda nas\u0131l k\u00f6k sald\u0131\u011f\u0131n\u0131 ayr\u0131nt\u0131lar\u0131yla anlat\u0131yor. Bunu yaparken \u00fclk\u00fcc\u00fc hareketin liderlerinden Alparslan T\u00fcrke\u015f\u2019in hayat\u0131na \u00f6zel bir yer ay\u0131rmay\u0131 da ihmal etmiyor.Ya\u015fl\u0131\u2019n\u0131n kendi s\u00f6zleriyle: \u201cT\u00fcrke\u015f\u2019in hayat\u0131na yak\u0131ndan bakmak, onun politik ya\u015fam\u0131n\u0131 yazmak \u00fclk\u00fcc\u00fcl\u00fc\u011f\u00fcn ve \u00fclk\u00fcc\u00fc hareketin tarihini yazmak anlam\u0131na gelecektir evet ama bunun ayn\u0131 zamanda T\u00fcrkiye\u2019nin So\u011fuk Sava\u015f tarihini, So\u011fuk Sava\u015f boyunca T\u00fcrkiye siyasetinin seyrini ve o seyrin ana belirleyeninin, yani kom\u00fcnizmle m\u00fccadelenin tarihini yazmak anlam\u0131na gelece\u011fi de a\u00e7\u0131kt\u0131r.\u201dFatih Ya\u015fl\u0131, T\u00fcrkiye\u2019nin yak\u0131n siyasi tarihine ve sa\u011f ak\u0131m i\u00e7erisinde \u201cantikom\u00fcnizm\u201din filizlenip g\u00fc\u00e7lenmesine tarihsel materyalist bir perspektifle ve s\u0131n\u0131f m\u00fccadeleleri i\u00e7erisinden bak\u0131yor. Ayn\u0131 bak\u0131\u015f a\u00e7\u0131s\u0131n\u0131, \u00fclkenin d\u00fcnya kapitalist sistemine eklemlenmesi ba\u011flam\u0131nda da yeniden \u00fcretiyor ve okurlara yeni bir kaynak kitap sunuyor.<\/p>\n","protected":false},"excerpt":{"rendered":"<p>T\u00fcrkiye siyasetinde antikom\u00fcnizm nas\u0131l bir yer kaplamaktad\u0131r? \u201cKom\u00fcnizm tehdidinin icat edilmesi\u201dnde i\u00e7 ve d\u0131\u015f dinamikler nas\u0131l bir rol oynam\u0131\u015ft\u0131r? Tan Matbaas\u0131 bask\u0131n\u0131, NATO \u00fcyeli\u011fi, Kore Sava\u015f\u0131,<span class=\"excerpt-hellip\"> [\u2026]<\/span><\/p>\n","protected":false},"featured_media":0,"template":"","meta":{"_monsterinsights_skip_tracking":false,"_monsterinsights_sitenote_active":false,"_monsterinsights_sitenote_note":"","_monsterinsights_sitenote_category":0},"product_brand":[],"product_cat":[12337,14543],"product_tag":[],"class_list":{"0":"post-717208","1":"product","2":"type-product","3":"status-publish","5":"product_cat-politika-siyaset","6":"product_cat-turkiye-siyaseti-ve-politikasi","7":"pa_cilt-ciltsiz","8":"pa_tur-kitap","9":"pa_yayinevi-yordam-kitap","10":"pa_yazar-fatih-yasli","12":"first","13":"instock","14":"sale","15":"shipping-taxable","16":"purchasable","17":"product-type-simple"},"_links":{"self":[{"href":"https:\/\/roveyayinevi.com.tr\/index.php\/wp-json\/wp\/v2\/product\/717208","targetHints":{"allow":["GET"]}}],"collection":[{"href":"https:\/\/roveyayinevi.com.tr\/index.php\/wp-json\/wp\/v2\/product"}],"about":[{"href":"https:\/\/roveyayinevi.com.tr\/index.php\/wp-json\/wp\/v2\/types\/product"}],"wp:attachment":[{"href":"https:\/\/roveyayinevi.com.tr\/index.php\/wp-json\/wp\/v2\/media?parent=717208"}],"wp:term":[{"taxonomy":"product_brand","embeddable":true,"href":"https:\/\/roveyayinevi.com.tr\/index.php\/wp-json\/wp\/v2\/product_brand?post=717208"},{"taxonomy":"product_cat","embeddable":true,"href":"https:\/\/roveyayinevi.com.tr\/index.php\/wp-json\/wp\/v2\/product_cat?post=717208"},{"taxonomy":"product_tag","embeddable":true,"href":"https:\/\/roveyayinevi.com.tr\/index.php\/wp-json\/wp\/v2\/product_tag?post=717208"}],"curies":[{"name":"wp","href":"https:\/\/api.w.org\/{rel}","templated":true}]}}