{"id":717207,"date":"2025-08-27T17:52:44","date_gmt":"2025-08-27T14:52:44","guid":{"rendered":"https:\/\/roveyayinevi.com.tr\/index.php\/urun\/sosyal-bilgilerde-guncel-okumalar-1\/"},"modified":"2026-04-16T02:25:41","modified_gmt":"2026-04-15T23:25:41","slug":"sosyal-bilgilerde-guncel-okumalar-1","status":"publish","type":"product","link":"https:\/\/roveyayinevi.com.tr\/index.php\/urun\/sosyal-bilgilerde-guncel-okumalar-1\/","title":{"rendered":"Sosyal Bilgilerde G\u00fcncel Okumalar 1"},"content":{"rendered":"<p>Bu kitap, kaybolan bilgileri derlemek ve toplamak ihtiyac\u0131yla olu\u015fan, g\u00fcncel bilgileri sosyal bilgilerle bulu\u015fturmay\u0131, sosyal bilgiler e\u011fitimini farkl\u0131 a\u00e7\u0131lardan d\u00fc\u015f\u00fcnmeyi ama\u00e7layan bir \u00e7al\u0131\u015fmad\u0131r. Sosyal bilgiler ekonomiden teknolojiye ve siyasete kadar \u00e7ok geni\u015f bir \u00e7al\u0131\u015fma alan\u0131na sahiptir. Bu bak\u0131mdan sosyal ya\u015fam\u0131 ilgiendiren her konu adeta sosyal bilgiler e\u011fitiminin kapsam\u0131na girmektedir. Bu kadar geni\u015f bir \u00f6\u011fretim alan\u0131na sahip olmak \u00e7ok y\u00f6nl\u00fc d\u00fc\u015f\u00fcnmeyi, b\u00fcy\u00fck bir k\u00fclt\u00fcrel birikimi, entelekt\u00fcel zenginli\u011fi ve duyarl\u0131l\u0131\u011f\u0131 beraberinde getirmektedir. Bu \u00e7al\u0131\u015fma, sosyal bilgileri farkl\u0131 ve yeni konularla \u00e7al\u0131\u015fan akademisyenlerin bilgi ve deneyimlerini meslekta\u015flar\u0131 ile payla\u015fma noktas\u0131 olmu\u015ftur. Sosyal bilim ve sosyal bilgiler uzmanlar\u0131n\u0131n birlikte katk\u0131 verdi\u011fi bu kitapta disiplinler aras\u0131 \u00e7al\u0131\u015fmalara da yer verilmi\u015ftir. Bizler, bu kitab\u0131, sosyal bilgiler e\u011fitimcilerine ve uzmanlar\u0131na sunmaktan mutluyuz.   Bir seri olarak \u00e7\u0131karaca\u011f\u0131m\u0131z kitab\u0131m\u0131zda ilk say\u0131 sekiz b\u00f6l\u00fcmden olu\u015fmaktad\u0131r. \u0130lk b\u00f6l\u00fcmde Do\u00e7. Dr. Adnan Altun taraf\u0131ndan \u201cMedya Okuryazarl\u0131\u011f\u0131\u201d kaleme al\u0131nm\u0131\u015ft\u0131r. Yazar, \u00f6ncelikle medya okuryazarl\u0131\u011f\u0131 ve becerilerine yer verdikten sonra sosyal bilgilerde medya okuryazarl\u0131\u011f\u0131 e\u011fitimine de\u011finmi\u015ftir. \u0130kinci b\u00f6l\u00fcmde Prof. Dr. S\u00fcleyman \u0130nan ve Ar\u015f. Grv. \u00d6zge Tarhan taraf\u0131ndan siyaset okuryazarl\u0131\u011f\u0131 kaleme al\u0131nm\u0131\u015ft\u0131r. Bu b\u00f6l\u00fcmde, siyaset okuryazarl\u0131\u011f\u0131 becerilerine de\u011finilerek sosyal bilgiler e\u011fitimi, siyaset e\u011fitimi a\u00e7\u0131s\u0131ndan tart\u0131\u015f\u0131lm\u0131\u015ft\u0131r. \u00dc\u00e7\u00fcnc\u00fc b\u00f6l\u00fcmde Do\u00e7. Dr. Yasemin Esen ve Ar\u015f. Grv. Serdar Malko\u00e7, sosyal bilgiler e\u011fitiminde toplumsal cinsiyete de\u011finmi\u015flerdir. Toplumsal cinsiyete kavramsal bir bak\u0131\u015ftan sonra, sosyal bilgiler e\u011fitiminde toplumsal cinsiyet e\u011fitimini irdelemi\u015flerdir. D\u00f6rd\u00fcnc\u00fc b\u00f6l\u00fcm, \u00e7at\u0131\u015fma \u00e7\u00f6zme ve bar\u0131\u015f e\u011fitimini konu alm\u0131\u015ft\u0131r. Dr. \u00d6\u011fr. \u00dcyesi \u00d6m\u00fcr G\u00fcrdo\u011fan-Bay\u0131r\u2019\u0131n yazarl\u0131\u011f\u0131n\u0131 yapt\u0131\u011f\u0131 b\u00f6l\u00fcmde, bar\u0131\u015f e\u011fitimi tan\u0131mland\u0131ktan sonra \u00e7at\u0131\u015fma \u00e7\u00f6zme e\u011fitimine de\u011finilmi\u015ftir. Be\u015finci b\u00f6l\u00fcmde Do\u00e7. Dr. Bur\u00e7in T\u00fcrkcan ve Ar\u015f. Grv. Mahmut Bozkurt, sosyal bilgilere yeni bir bak\u0131\u015fla g\u00f6rsel k\u00fclt\u00fcr ve e\u011fitimi a\u00e7\u0131s\u0131ndan yakla\u015fm\u0131\u015flard\u0131r. Yazarlar, postmodernizm ve g\u00f6rsel k\u00fclt\u00fcr\u00fc ili\u015fkilendirerek a\u00e7\u0131klad\u0131ktan sonra, g\u00f6rsel k\u00fclt\u00fcr\u00fc tan\u0131mlam\u0131\u015f ve sosyal bilgileri g\u00f6rsel k\u00fclt\u00fcr e\u011fitimi a\u00e7\u0131s\u0131ndan ele alm\u0131\u015flard\u0131r. Alt\u0131nc\u0131 b\u00f6l\u00fcmde Dr. \u00d6\u011fr. \u00dcyesi G\u00fclten Y\u0131ld\u0131r\u0131m taraf\u0131ndan ekonomi, ekonomi okuryazarl\u0131\u011f\u0131 ve ekonomi e\u011fitimine yer verilmi\u015ftir. Ekonominin sosyal bilgilerdeki rol\u00fcne de de\u011finen yazar, sosyal bilgilerde ekonomi e\u011fitimine ele\u015ftirel bir bak\u0131\u015f sunmu\u015ftur. Yedinci b\u00f6l\u00fcmde co\u011frafyan\u0131n bilgi teknolojileriyle bulu\u015ftu\u011fu yeni bir alan olan co\u011fraf\u00ee bilgi sistemleri Do\u00e7. Dr. Elif Alada\u011f taraf\u0131ndan irdelenmi\u015ftir. Co\u011fraf\u00ee bilgi sistemlerini tan\u0131tan yazar, daha sonra sosyal bilgilerde kullan\u0131m \u00f6rneklerini g\u00f6stermi\u015ftir. Son b\u00f6l\u00fcmde Prof. Dr. \u0130smail G\u00fcven ve Ar\u015f. Grv. Serkan Kele\u015fo\u011flu, sosyal bilgiler \u00f6\u011fretmen e\u011fitimini yeni geli\u015fmeler \u0131\u015f\u0131\u011f\u0131nda de\u011ferlendirmi\u015flerdir.<\/p>\n","protected":false},"excerpt":{"rendered":"<p>Bu kitap, kaybolan bilgileri derlemek ve toplamak ihtiyac\u0131yla olu\u015fan, g\u00fcncel bilgileri sosyal bilgilerle bulu\u015fturmay\u0131, sosyal bilgiler e\u011fitimini farkl\u0131 a\u00e7\u0131lardan d\u00fc\u015f\u00fcnmeyi ama\u00e7layan bir \u00e7al\u0131\u015fmad\u0131r. Sosyal bilgiler ekonomiden<span class=\"excerpt-hellip\"> [\u2026]<\/span><\/p>\n","protected":false},"featured_media":0,"template":"","meta":{"_monsterinsights_skip_tracking":false,"_monsterinsights_sitenote_active":false,"_monsterinsights_sitenote_note":"","_monsterinsights_sitenote_category":0},"product_brand":[],"product_cat":[12325,12324],"product_tag":[],"class_list":{"0":"post-717207","1":"product","2":"type-product","3":"status-publish","5":"product_cat-diger-sosyoloji","6":"product_cat-sosyoloji","7":"pa_cilt-ciltsiz","8":"pa_tur-kitap","9":"pa_yayinevi-ani-yayincilik","10":"pa_yazar-kollektif","12":"first","13":"instock","14":"sale","15":"shipping-taxable","16":"purchasable","17":"product-type-simple"},"_links":{"self":[{"href":"https:\/\/roveyayinevi.com.tr\/index.php\/wp-json\/wp\/v2\/product\/717207","targetHints":{"allow":["GET"]}}],"collection":[{"href":"https:\/\/roveyayinevi.com.tr\/index.php\/wp-json\/wp\/v2\/product"}],"about":[{"href":"https:\/\/roveyayinevi.com.tr\/index.php\/wp-json\/wp\/v2\/types\/product"}],"wp:attachment":[{"href":"https:\/\/roveyayinevi.com.tr\/index.php\/wp-json\/wp\/v2\/media?parent=717207"}],"wp:term":[{"taxonomy":"product_brand","embeddable":true,"href":"https:\/\/roveyayinevi.com.tr\/index.php\/wp-json\/wp\/v2\/product_brand?post=717207"},{"taxonomy":"product_cat","embeddable":true,"href":"https:\/\/roveyayinevi.com.tr\/index.php\/wp-json\/wp\/v2\/product_cat?post=717207"},{"taxonomy":"product_tag","embeddable":true,"href":"https:\/\/roveyayinevi.com.tr\/index.php\/wp-json\/wp\/v2\/product_tag?post=717207"}],"curies":[{"name":"wp","href":"https:\/\/api.w.org\/{rel}","templated":true}]}}