{"id":717204,"date":"2025-08-27T17:52:42","date_gmt":"2025-08-27T14:52:42","guid":{"rendered":"https:\/\/roveyayinevi.com.tr\/index.php\/urun\/babam-simdi-cok-uzaklarda\/"},"modified":"2026-04-16T02:25:40","modified_gmt":"2026-04-15T23:25:40","slug":"babam-simdi-cok-uzaklarda","status":"publish","type":"product","link":"https:\/\/roveyayinevi.com.tr\/index.php\/urun\/babam-simdi-cok-uzaklarda\/","title":{"rendered":"Babam \u015eimdi \u00c7ok Uzaklarda"},"content":{"rendered":"<p>T\u00fcrk\u00e7e\u2019nin ya\u015fayan en b\u00fcy\u00fck \u00f6yk\u00fcc\u00fclerinden Necati G\u00fcng\u00f6r, sonsuz birikimi ve g\u00f6zlem g\u00fcc\u00fcyle ger\u00e7ek insanlar\u0131n ger\u00e7ek duygular\u0131n\u0131 ve \u00f6yk\u00fclerini \u00e7ocuklara anlatmaya devam ediyor. \u00d6\u011frenciyle \u00f6\u011fretmen, anneyle \u00e7ocuk, insanla hayvan ileti\u015fiminin iz b\u0131rakan \u00f6rneklerini sundu\u011fu zengin \u00f6yk\u00fcler koleksiyonuna katt\u0131\u011f\u0131 d\u00f6rd\u00fcnc\u00fc kitapta bu kez, babayla \u00e7ocuk ileti\u015fimine odaklan\u0131yor. \u0130nsana ili\u015fkin her t\u00fcrl\u00fc duyguyu, incelikli bir s\u00f6zc\u00fck i\u015f\u00e7ili\u011fiyle, s\u0131cak bir dille sunan yazar, okurunu babalar\u0131n ve \u00e7ocuklar\u0131n \u015fefkat ve g\u00fcven dolu d\u00fcnyas\u0131ndaki \u00f6yk\u00fclere \u00e7a\u011f\u0131r\u0131yor. Babalarla \u00e7ocuklar\u0131 aras\u0131ndaki duygusal ba\u011f\u0131 her iki taraf\u0131n g\u00f6z\u00fcnden aktaran, iyilik, vicdan, empati, vefa, \u00f6zlem ve sevgiyle \u00f6r\u00fcl\u00fc 10 \u00f6yk\u00fc: Otob\u00fcs Bekliyordunuz, As\u0131l Babam, Hayat\u0131m\u0131n Kahraman\u0131, Muhabbetku\u015fum, Babam \u015eimdi \u00c7ok Uzaklarda, Babam ve Dedem, Annemin Defteri, Y\u0131ld\u0131zl\u0131 Gecelerde M\u0131z\u0131ka, Esmeralda, Roman Okumak.<\/p>\n","protected":false},"excerpt":{"rendered":"<p>T\u00fcrk\u00e7e\u2019nin ya\u015fayan en b\u00fcy\u00fck \u00f6yk\u00fcc\u00fclerinden Necati G\u00fcng\u00f6r, sonsuz birikimi ve g\u00f6zlem g\u00fcc\u00fcyle ger\u00e7ek insanlar\u0131n ger\u00e7ek duygular\u0131n\u0131 ve \u00f6yk\u00fclerini \u00e7ocuklara anlatmaya devam ediyor. \u00d6\u011frenciyle \u00f6\u011fretmen, anneyle \u00e7ocuk,<span class=\"excerpt-hellip\"> [\u2026]<\/span><\/p>\n","protected":false},"featured_media":0,"template":"","meta":{"_monsterinsights_skip_tracking":false,"_monsterinsights_sitenote_active":false,"_monsterinsights_sitenote_note":"","_monsterinsights_sitenote_category":0},"product_brand":[],"product_cat":[12274,12284],"product_tag":[],"class_list":{"0":"post-717204","1":"product","2":"type-product","3":"status-publish","5":"product_cat-cocuk-ve-genclik-kitaplari","6":"product_cat-hikayeler","7":"pa_cilt-ciltsiz","8":"pa_tur-kitap","9":"pa_yayinevi-gunisigi-kitapligi","10":"pa_yazar-necati-gungor","12":"first","13":"instock","14":"sale","15":"shipping-taxable","16":"purchasable","17":"product-type-simple"},"_links":{"self":[{"href":"https:\/\/roveyayinevi.com.tr\/index.php\/wp-json\/wp\/v2\/product\/717204","targetHints":{"allow":["GET"]}}],"collection":[{"href":"https:\/\/roveyayinevi.com.tr\/index.php\/wp-json\/wp\/v2\/product"}],"about":[{"href":"https:\/\/roveyayinevi.com.tr\/index.php\/wp-json\/wp\/v2\/types\/product"}],"wp:attachment":[{"href":"https:\/\/roveyayinevi.com.tr\/index.php\/wp-json\/wp\/v2\/media?parent=717204"}],"wp:term":[{"taxonomy":"product_brand","embeddable":true,"href":"https:\/\/roveyayinevi.com.tr\/index.php\/wp-json\/wp\/v2\/product_brand?post=717204"},{"taxonomy":"product_cat","embeddable":true,"href":"https:\/\/roveyayinevi.com.tr\/index.php\/wp-json\/wp\/v2\/product_cat?post=717204"},{"taxonomy":"product_tag","embeddable":true,"href":"https:\/\/roveyayinevi.com.tr\/index.php\/wp-json\/wp\/v2\/product_tag?post=717204"}],"curies":[{"name":"wp","href":"https:\/\/api.w.org\/{rel}","templated":true}]}}