{"id":717203,"date":"2025-08-27T17:52:41","date_gmt":"2025-08-27T14:52:41","guid":{"rendered":"https:\/\/roveyayinevi.com.tr\/index.php\/urun\/kara-prizma-isikyaratan-serisi-1\/"},"modified":"2026-04-16T02:25:40","modified_gmt":"2026-04-15T23:25:40","slug":"kara-prizma-isikyaratan-serisi-1","status":"publish","type":"product","link":"https:\/\/roveyayinevi.com.tr\/index.php\/urun\/kara-prizma-isikyaratan-serisi-1\/","title":{"rendered":"Kara Prizma &#8211; I\u015f\u0131kyaratan Serisi-1"},"content":{"rendered":"<p>Son y\u0131llar\u0131n en g\u00fc\u00e7l\u00fc fantastik serilerinden I\u015f\u0131kyaratan, ilk kitab\u0131 Kara Prizma\u2019yla ba\u015fl\u0131yor.\u201cKara Prizma, unutulmaz karakterleriyle, s\u00fcrekli \u015fa\u015f\u0131rtan hik\u00e2yesiyle ve kesilmeyen aksiyonuyla beni ilk sayfas\u0131ndan itibaren esir ald\u0131.\u201dTERRY BROOKS\u201cBrent Weeks\u2019in bu kadar iyi olmas\u0131 can\u0131m\u0131 s\u0131k\u0131yor.\u201d PETER V. BRETTI\u015f\u0131\u011f\u0131n, t\u00fcm b\u00fcy\u00fclerin kayna\u011f\u0131 oldu\u011fu bir d\u00fcnyada, Gavin Guile \u0131\u015f\u0131\u011f\u0131n k\u0131r\u0131l\u0131m\u0131ndaki t\u00fcm renkleri kullanabilen, bar\u0131\u015f\u0131n ve g\u00fcc\u00fcn oda\u011f\u0131ndaki Prizma\u2019d\u0131r. Halk\u0131n imparatoru ve dini lideri olan Prizma, b\u00fcy\u00fcn\u00fcn dengesini sa\u011flamakla y\u00fck\u00fcml\u00fcd\u00fcr. Ancak Prizmalar\u0131n \u00f6m\u00fcrleri \u00e7ok k\u0131sad\u0131r.Gavin Guile da tam olarak ne kadar \u00f6mr\u00fc kald\u0131\u011f\u0131n\u0131 biliyordu. Zek\u00e2s\u0131, adaleti ve elinde bulundurdu\u011fu g\u00fc\u00e7le g\u00f6revlerini eksiksiz bir \u015fekilde yerine getiren Gavin\u2019in Prizma olarak s\u00fcresi dolmadan ger\u00e7ekle\u015ftirmek istedi\u011fi be\u015f \u015fey vard\u0131. Ancak bir o\u011flunun olmas\u0131 bunlara dahil de\u011fildi.Uzak bir Satrapl\u0131k\u2019ta bir o\u011flu oldu\u011funu \u00f6\u011frenen Gavin ya o\u011flunun iyili\u011fini ya da bug\u00fcne kadar kurdu\u011fu d\u00fczeni se\u00e7mek zorunda kalacakt\u0131. Bu u\u011furda verece\u011fi kararlar Gavin\u2019in karanl\u0131k s\u0131rlar\u0131n\u0131 ortaya \u00e7\u0131karacak ve ge\u00e7mi\u015fiyle y\u00fczle\u015fmesine neden olacakt\u0131.David Gemmell En I\u00b7yi Fantazi Roman\u0131 O\u00a8du\u00a8lu\u00a8 aday\u0131<\/p>\n","protected":false},"excerpt":{"rendered":"<p>Son y\u0131llar\u0131n en g\u00fc\u00e7l\u00fc fantastik serilerinden I\u015f\u0131kyaratan, ilk kitab\u0131 Kara Prizma\u2019yla ba\u015fl\u0131yor.\u201cKara Prizma, unutulmaz karakterleriyle, s\u00fcrekli \u015fa\u015f\u0131rtan hik\u00e2yesiyle ve kesilmeyen aksiyonuyla beni ilk sayfas\u0131ndan itibaren esir<span class=\"excerpt-hellip\"> [\u2026]<\/span><\/p>\n","protected":false},"featured_media":0,"template":"","meta":{"_monsterinsights_skip_tracking":false,"_monsterinsights_sitenote_active":false,"_monsterinsights_sitenote_note":"","_monsterinsights_sitenote_category":0},"product_brand":[],"product_cat":[12540,12291],"product_tag":[],"class_list":{"0":"post-717203","1":"product","2":"type-product","3":"status-publish","5":"product_cat-bilim-kurgu","6":"product_cat-edebiyat","7":"pa_cilt-ciltsiz","8":"pa_tur-kitap","9":"pa_yayinevi-ithaki-yayinlari","10":"pa_yazar-brent-weeks","12":"first","13":"instock","14":"sale","15":"shipping-taxable","16":"purchasable","17":"product-type-simple"},"_links":{"self":[{"href":"https:\/\/roveyayinevi.com.tr\/index.php\/wp-json\/wp\/v2\/product\/717203","targetHints":{"allow":["GET"]}}],"collection":[{"href":"https:\/\/roveyayinevi.com.tr\/index.php\/wp-json\/wp\/v2\/product"}],"about":[{"href":"https:\/\/roveyayinevi.com.tr\/index.php\/wp-json\/wp\/v2\/types\/product"}],"wp:attachment":[{"href":"https:\/\/roveyayinevi.com.tr\/index.php\/wp-json\/wp\/v2\/media?parent=717203"}],"wp:term":[{"taxonomy":"product_brand","embeddable":true,"href":"https:\/\/roveyayinevi.com.tr\/index.php\/wp-json\/wp\/v2\/product_brand?post=717203"},{"taxonomy":"product_cat","embeddable":true,"href":"https:\/\/roveyayinevi.com.tr\/index.php\/wp-json\/wp\/v2\/product_cat?post=717203"},{"taxonomy":"product_tag","embeddable":true,"href":"https:\/\/roveyayinevi.com.tr\/index.php\/wp-json\/wp\/v2\/product_tag?post=717203"}],"curies":[{"name":"wp","href":"https:\/\/api.w.org\/{rel}","templated":true}]}}