{"id":717202,"date":"2025-08-27T17:52:40","date_gmt":"2025-08-27T14:52:40","guid":{"rendered":"https:\/\/roveyayinevi.com.tr\/index.php\/urun\/doga-dostu-nasil-yetistirilir\/"},"modified":"2026-04-11T02:31:46","modified_gmt":"2026-04-10T23:31:46","slug":"doga-dostu-nasil-yetistirilir","status":"publish","type":"product","link":"https:\/\/roveyayinevi.com.tr\/index.php\/urun\/doga-dostu-nasil-yetistirilir\/","title":{"rendered":"Do\u011fa Dostu Nas\u0131l Yeti\u015ftirilir?"},"content":{"rendered":"<p>\u201cScott Sampson y\u00fckselmekte olan, \u00f6zellikle \u00e7ocuklar i\u00e7in insan sa\u011fl\u0131\u011f\u0131 ve iyili\u011fine b\u00fcy\u00fck \u00f6nem veren yeni do\u011fa hareketinin liderlerinden biri. Kitab\u0131nda tabiat\u0131n g\u00fcc\u00fcne dair zarif bir kan\u0131t ile \u00e7ocuklarla ilgilenen herkes i\u00e7in uygulanabilir ipu\u00e7lar\u0131n\u0131 bir araya getiriyor.\u201d Richard Louv \u201cUmutsuzlu\u011fa kap\u0131lmay\u0131n, \u00e7\u00fcnk\u00fc Scott Sampson bizlere \u00e7ocuklar\u0131m\u0131z\u0131n do\u011fay\u0131 sevmesine nas\u0131l yard\u0131mc\u0131 olabilece\u011fimize dair bir k\u0131lavuz haz\u0131rlad\u0131. Ak\u0131l, zek\u00e2 ve empatiyle bize bu tabiata girebilmenin basit ama esasl\u0131, \u00e7o\u011funlukla kendi evlerimizin bah\u00e7elerinden ba\u015flayan bir\u00e7ok yolunu sunuyor.\u201d Lili Taylor \u201cBazen tek ihtiyac\u0131m\u0131z olan \u015fey, ebeveynler olarak \u00e7ocuklar\u0131m\u0131za do\u011fa sevgisi a\u015f\u0131lama konusunda en k\u00fc\u00e7\u00fck \u015feylerin bile \u00f6nemli oldu\u011funa dair k\u00fc\u00e7\u00fck bir g\u00fcvencedir. Do\u011fa Dostu \u00c7ocuk, dostlar\u0131m, benim i\u00e7in i\u015fte tam da bunu verdi.\u201d Debi Huang <\/p>\n","protected":false},"excerpt":{"rendered":"<p>\u201cScott Sampson y\u00fckselmekte olan, \u00f6zellikle \u00e7ocuklar i\u00e7in insan sa\u011fl\u0131\u011f\u0131 ve iyili\u011fine b\u00fcy\u00fck \u00f6nem veren yeni do\u011fa hareketinin liderlerinden biri. Kitab\u0131nda tabiat\u0131n g\u00fcc\u00fcne dair zarif bir kan\u0131t<span class=\"excerpt-hellip\"> [\u2026]<\/span><\/p>\n","protected":false},"featured_media":0,"template":"","meta":{"_monsterinsights_skip_tracking":false,"_monsterinsights_sitenote_active":false,"_monsterinsights_sitenote_note":"","_monsterinsights_sitenote_category":0},"product_brand":[],"product_cat":[12291,12711],"product_tag":[],"class_list":{"0":"post-717202","1":"product","2":"type-product","3":"status-publish","5":"product_cat-edebiyat","6":"product_cat-roman-oyku","7":"pa_cilt-ciltsiz","8":"pa_tur-kitap","9":"pa_yayinevi-alfa-yayinlari","10":"pa_yazar-scott-d-samson","12":"first","13":"instock","14":"sale","15":"shipping-taxable","16":"purchasable","17":"product-type-simple"},"_links":{"self":[{"href":"https:\/\/roveyayinevi.com.tr\/index.php\/wp-json\/wp\/v2\/product\/717202","targetHints":{"allow":["GET"]}}],"collection":[{"href":"https:\/\/roveyayinevi.com.tr\/index.php\/wp-json\/wp\/v2\/product"}],"about":[{"href":"https:\/\/roveyayinevi.com.tr\/index.php\/wp-json\/wp\/v2\/types\/product"}],"wp:attachment":[{"href":"https:\/\/roveyayinevi.com.tr\/index.php\/wp-json\/wp\/v2\/media?parent=717202"}],"wp:term":[{"taxonomy":"product_brand","embeddable":true,"href":"https:\/\/roveyayinevi.com.tr\/index.php\/wp-json\/wp\/v2\/product_brand?post=717202"},{"taxonomy":"product_cat","embeddable":true,"href":"https:\/\/roveyayinevi.com.tr\/index.php\/wp-json\/wp\/v2\/product_cat?post=717202"},{"taxonomy":"product_tag","embeddable":true,"href":"https:\/\/roveyayinevi.com.tr\/index.php\/wp-json\/wp\/v2\/product_tag?post=717202"}],"curies":[{"name":"wp","href":"https:\/\/api.w.org\/{rel}","templated":true}]}}