{"id":717201,"date":"2025-08-27T17:52:40","date_gmt":"2025-08-27T14:52:40","guid":{"rendered":"https:\/\/roveyayinevi.com.tr\/index.php\/urun\/bazi-dusunurlerde-insan\/"},"modified":"2026-04-16T02:25:40","modified_gmt":"2026-04-15T23:25:40","slug":"bazi-dusunurlerde-insan","status":"publish","type":"product","link":"https:\/\/roveyayinevi.com.tr\/index.php\/urun\/bazi-dusunurlerde-insan\/","title":{"rendered":"Baz\u0131 D\u00fc\u015f\u00fcn\u00fcrlerde \u0130nsan"},"content":{"rendered":"<p>D\u00fc\u015f\u00fcn\u00fcrlerin insana ili\u015fkin de\u011fi\u015fik bak\u0131\u015f a\u00e7\u0131lar\u0131n\u0131 \u00f6\u011frenmek , bizleri bir \u00f6l\u00e7\u00fcde olsa \u00f6znel , g\u00f6reli , \u00e7\u0131karc\u0131 bak\u0131\u015f a\u00e7\u0131lardan kurtar\u0131r. Onlar\u0131n insana ili\u015fkin de\u011fi\u015fik bak\u0131\u015f a\u00e7\u0131lar\u0131n\u0131 , yanl\u0131zca ,ge\u00e7mi\u015fini ayd\u0131nlatmakla kalmayacak , g\u00fcn\u00fcm\u00fcze ve gelece\u011fimize de \u0131\u015f\u0131k tutarak daha anlay\u0131\u015fl\u0131 , bar\u0131\u015f\u00e7\u0131 ve ho\u015fg\u00f6r\u00fcl\u00fc insanlardan olu\u015fan bir toplum ortaya \u00e7\u0131karacakt\u0131r.\u00c7\u00fcnk\u00fc her \u015fey insanlar\u0131n birbirlerini tan\u0131mas\u0131yla ba\u015flar&#8230;<\/p>\n","protected":false},"excerpt":{"rendered":"<p>D\u00fc\u015f\u00fcn\u00fcrlerin insana ili\u015fkin de\u011fi\u015fik bak\u0131\u015f a\u00e7\u0131lar\u0131n\u0131 \u00f6\u011frenmek , bizleri bir \u00f6l\u00e7\u00fcde olsa \u00f6znel , g\u00f6reli , \u00e7\u0131karc\u0131 bak\u0131\u015f a\u00e7\u0131lardan kurtar\u0131r. Onlar\u0131n insana ili\u015fkin de\u011fi\u015fik bak\u0131\u015f a\u00e7\u0131lar\u0131n\u0131<span class=\"excerpt-hellip\"> [\u2026]<\/span><\/p>\n","protected":false},"featured_media":0,"template":"","meta":{"_monsterinsights_skip_tracking":false,"_monsterinsights_sitenote_active":false,"_monsterinsights_sitenote_note":"","_monsterinsights_sitenote_category":0},"product_brand":[],"product_cat":[12389,12388],"product_tag":[],"class_list":{"0":"post-717201","1":"product","2":"type-product","3":"status-publish","5":"product_cat-diger-felsefe","6":"product_cat-felsefe","7":"pa_cilt-ciltsiz","8":"pa_tur-kitap","9":"pa_yayinevi-hamdullah-aktas-yayinlari","10":"pa_yazar-hamdullah-aktas","12":"first","13":"instock","14":"sale","15":"shipping-taxable","16":"purchasable","17":"product-type-simple"},"_links":{"self":[{"href":"https:\/\/roveyayinevi.com.tr\/index.php\/wp-json\/wp\/v2\/product\/717201","targetHints":{"allow":["GET"]}}],"collection":[{"href":"https:\/\/roveyayinevi.com.tr\/index.php\/wp-json\/wp\/v2\/product"}],"about":[{"href":"https:\/\/roveyayinevi.com.tr\/index.php\/wp-json\/wp\/v2\/types\/product"}],"wp:attachment":[{"href":"https:\/\/roveyayinevi.com.tr\/index.php\/wp-json\/wp\/v2\/media?parent=717201"}],"wp:term":[{"taxonomy":"product_brand","embeddable":true,"href":"https:\/\/roveyayinevi.com.tr\/index.php\/wp-json\/wp\/v2\/product_brand?post=717201"},{"taxonomy":"product_cat","embeddable":true,"href":"https:\/\/roveyayinevi.com.tr\/index.php\/wp-json\/wp\/v2\/product_cat?post=717201"},{"taxonomy":"product_tag","embeddable":true,"href":"https:\/\/roveyayinevi.com.tr\/index.php\/wp-json\/wp\/v2\/product_tag?post=717201"}],"curies":[{"name":"wp","href":"https:\/\/api.w.org\/{rel}","templated":true}]}}