{"id":717199,"date":"2025-08-27T17:52:39","date_gmt":"2025-08-27T14:52:39","guid":{"rendered":"https:\/\/roveyayinevi.com.tr\/index.php\/urun\/insanin-yasamsal-degeri-bilgi\/"},"modified":"2026-04-16T02:25:11","modified_gmt":"2026-04-15T23:25:11","slug":"insanin-yasamsal-degeri-bilgi","status":"publish","type":"product","link":"https:\/\/roveyayinevi.com.tr\/index.php\/urun\/insanin-yasamsal-degeri-bilgi\/","title":{"rendered":"\u0130nsan\u0131n Ya\u015famsal De\u011feri Bilgi"},"content":{"rendered":"<p>Bilgi , ya\u015fam i\u00e7in , ya\u015fam i\u00e7inde kazan\u0131lan de\u011ferlerdir.\u00c7\u00fcnk\u00fc insan\u0131n insanca ya\u015fayabilmesi, do\u011fal ve toplumsal \u00e7evresini insana yak\u0131\u015f\u0131r duruma d\u00f6n\u00fc\u015ft\u00fcrebilmesi ve daha adil ve daha g\u00fczel bir d\u00fcnyan\u0131n kurulabilmesi , bilgilenmenin nitelik ve niceli\u011fine ba\u011fl\u0131d\u0131r.Bilgi \u0130nsanca ve niceli\u011fine ba\u011fl\u0131d\u0131r.Bilgi insanca ya\u015faman\u0131n arac\u0131d\u0131r.c<\/p>\n","protected":false},"excerpt":{"rendered":"<p>Bilgi , ya\u015fam i\u00e7in , ya\u015fam i\u00e7inde kazan\u0131lan de\u011ferlerdir.\u00c7\u00fcnk\u00fc insan\u0131n insanca ya\u015fayabilmesi, do\u011fal ve toplumsal \u00e7evresini insana yak\u0131\u015f\u0131r duruma d\u00f6n\u00fc\u015ft\u00fcrebilmesi ve daha adil ve daha g\u00fczel<span class=\"excerpt-hellip\"> [\u2026]<\/span><\/p>\n","protected":false},"featured_media":0,"template":"","meta":{"_monsterinsights_skip_tracking":false,"_monsterinsights_sitenote_active":false,"_monsterinsights_sitenote_note":"","_monsterinsights_sitenote_category":0},"product_brand":[],"product_cat":[12389,12388],"product_tag":[],"class_list":{"0":"post-717199","1":"product","2":"type-product","3":"status-publish","5":"product_cat-diger-felsefe","6":"product_cat-felsefe","7":"pa_cilt-ciltsiz","8":"pa_tur-kitap","9":"pa_yayinevi-hamdullah-aktas-yayinlari","10":"pa_yazar-hamdullah-aktas","12":"first","13":"instock","14":"sale","15":"shipping-taxable","16":"purchasable","17":"product-type-simple"},"_links":{"self":[{"href":"https:\/\/roveyayinevi.com.tr\/index.php\/wp-json\/wp\/v2\/product\/717199","targetHints":{"allow":["GET"]}}],"collection":[{"href":"https:\/\/roveyayinevi.com.tr\/index.php\/wp-json\/wp\/v2\/product"}],"about":[{"href":"https:\/\/roveyayinevi.com.tr\/index.php\/wp-json\/wp\/v2\/types\/product"}],"wp:attachment":[{"href":"https:\/\/roveyayinevi.com.tr\/index.php\/wp-json\/wp\/v2\/media?parent=717199"}],"wp:term":[{"taxonomy":"product_brand","embeddable":true,"href":"https:\/\/roveyayinevi.com.tr\/index.php\/wp-json\/wp\/v2\/product_brand?post=717199"},{"taxonomy":"product_cat","embeddable":true,"href":"https:\/\/roveyayinevi.com.tr\/index.php\/wp-json\/wp\/v2\/product_cat?post=717199"},{"taxonomy":"product_tag","embeddable":true,"href":"https:\/\/roveyayinevi.com.tr\/index.php\/wp-json\/wp\/v2\/product_tag?post=717199"}],"curies":[{"name":"wp","href":"https:\/\/api.w.org\/{rel}","templated":true}]}}