{"id":717197,"date":"2025-08-27T17:52:38","date_gmt":"2025-08-27T14:52:38","guid":{"rendered":"https:\/\/roveyayinevi.com.tr\/index.php\/urun\/insanin-yasamsal-kilavuzu-beyin\/"},"modified":"2026-04-16T02:25:11","modified_gmt":"2026-04-15T23:25:11","slug":"insanin-yasamsal-kilavuzu-beyin","status":"publish","type":"product","link":"https:\/\/roveyayinevi.com.tr\/index.php\/urun\/insanin-yasamsal-kilavuzu-beyin\/","title":{"rendered":"\u0130nsan\u0131n Ya\u015famsal K\u0131lavuzu Beyin"},"content":{"rendered":"<p>\u0130nsan\u0131 insan yapan beyninin niteli\u011fidir.\u0130nsan insandan ne inanc\u0131 ne de \u0131rk\u0131yla ayr\u0131l\u0131r.\u00c7al\u0131\u015ft\u0131\u011f\u0131 i\u015f ,edindi\u011fi meslekte insan\u0131 insandan ay\u0131ran \u00f6l\u00e7\u00fct olamaz.\u0130nsan\u0131 insandan ay\u0131ran , kendi eme\u011fi ve \u00e7abas\u0131yla edindi\u011fi beyinsel niteliktir.Edindi\u011fi diyorum , \u00e7\u00fcnk\u00fc beynin bi\u00e7imlenmesinde do\u011fal ve toplumsal ya\u015fam ko\u015fullar\u0131 oldu\u011fu kadar , insan\u0131n \u00e7al\u0131\u015fma ve \u00e7abalar\u0131nda \u00f6nemli rol\u00fc vard\u0131r. San\u0131r\u0131m \u015funu s\u00f6ylemem abart\u0131 olmaz;beyin b\u00fcy\u00fck \u00f6l\u00e7\u00fcde insan eme\u011finin \u00fcr\u00fcn\u00fcd\u00fcr. \u0130nsan kendini ancak eme\u011fiyle bi\u00e7imlendirebilir.<\/p>\n","protected":false},"excerpt":{"rendered":"<p>\u0130nsan\u0131 insan yapan beyninin niteli\u011fidir.\u0130nsan insandan ne inanc\u0131 ne de \u0131rk\u0131yla ayr\u0131l\u0131r.\u00c7al\u0131\u015ft\u0131\u011f\u0131 i\u015f ,edindi\u011fi meslekte insan\u0131 insandan ay\u0131ran \u00f6l\u00e7\u00fct olamaz.\u0130nsan\u0131 insandan ay\u0131ran , kendi eme\u011fi ve<span class=\"excerpt-hellip\"> [\u2026]<\/span><\/p>\n","protected":false},"featured_media":0,"template":"","meta":{"_monsterinsights_skip_tracking":false,"_monsterinsights_sitenote_active":false,"_monsterinsights_sitenote_note":"","_monsterinsights_sitenote_category":0},"product_brand":[],"product_cat":[13005,37328],"product_tag":[],"class_list":{"0":"post-717197","1":"product","2":"type-product","3":"status-publish","5":"product_cat-bilim-muhendislik","6":"product_cat-diger-bilim-muhendislik","7":"pa_cilt-ciltsiz","8":"pa_tur-kitap","9":"pa_yayinevi-hamdullah-aktas-yayinlari","10":"pa_yazar-hamdullah-aktas","12":"first","13":"instock","14":"sale","15":"shipping-taxable","16":"purchasable","17":"product-type-simple"},"_links":{"self":[{"href":"https:\/\/roveyayinevi.com.tr\/index.php\/wp-json\/wp\/v2\/product\/717197","targetHints":{"allow":["GET"]}}],"collection":[{"href":"https:\/\/roveyayinevi.com.tr\/index.php\/wp-json\/wp\/v2\/product"}],"about":[{"href":"https:\/\/roveyayinevi.com.tr\/index.php\/wp-json\/wp\/v2\/types\/product"}],"wp:attachment":[{"href":"https:\/\/roveyayinevi.com.tr\/index.php\/wp-json\/wp\/v2\/media?parent=717197"}],"wp:term":[{"taxonomy":"product_brand","embeddable":true,"href":"https:\/\/roveyayinevi.com.tr\/index.php\/wp-json\/wp\/v2\/product_brand?post=717197"},{"taxonomy":"product_cat","embeddable":true,"href":"https:\/\/roveyayinevi.com.tr\/index.php\/wp-json\/wp\/v2\/product_cat?post=717197"},{"taxonomy":"product_tag","embeddable":true,"href":"https:\/\/roveyayinevi.com.tr\/index.php\/wp-json\/wp\/v2\/product_tag?post=717197"}],"curies":[{"name":"wp","href":"https:\/\/api.w.org\/{rel}","templated":true}]}}