{"id":717196,"date":"2025-08-27T17:52:37","date_gmt":"2025-08-27T14:52:37","guid":{"rendered":"https:\/\/roveyayinevi.com.tr\/index.php\/urun\/felsefeden-yoksunluk\/"},"modified":"2026-04-16T02:25:11","modified_gmt":"2026-04-15T23:25:11","slug":"felsefeden-yoksunluk","status":"publish","type":"product","link":"https:\/\/roveyayinevi.com.tr\/index.php\/urun\/felsefeden-yoksunluk\/","title":{"rendered":"Felsefeden Yoksunluk"},"content":{"rendered":"<p>Felsefi d\u00fc\u015f\u00fcnme , ya\u015famsal konulara ili\u015fkin gerekli ve ger\u00e7ek\u00e7i yakla\u015f\u0131mlard\u0131r. Felsefi bilgileri di\u011fer bilgilerden ay\u0131rt edici teme \u00f6zelli\u011fi , ussal kendi i\u00e7inde tutarl\u0131 ve \u00f6zg\u00fcn d\u00fc\u015f\u00fcnmeleridir.Ger\u00e7ekli\u011fe (varl\u0131\u011fa) yeni bir boyuttan bak\u0131\u015ft\u0131r.O nedenle felsefi d\u00fc\u015f\u00fcnme , iri ve s\u00fcsl\u00fc s\u00f6zlerle i\u00e7eri\u011fi bo\u015f ama insanlar\u0131 etkilemeyi ama\u00e7layan duygusal s\u00f6ylevler de\u011fildir. Ayr\u0131ca usd\u0131\u015f\u0131 , d\u00fc\u015fsel mistik do\u011fa\u00f6tesi s\u00f6ylemler de de\u011fildir.Ele\u015ftirilmeye sorgulanmaya ve sorgulamaya her zaman a\u00e7\u0131k olan bilgilerdir.<\/p>\n","protected":false},"excerpt":{"rendered":"<p>Felsefi d\u00fc\u015f\u00fcnme , ya\u015famsal konulara ili\u015fkin gerekli ve ger\u00e7ek\u00e7i yakla\u015f\u0131mlard\u0131r. Felsefi bilgileri di\u011fer bilgilerden ay\u0131rt edici teme \u00f6zelli\u011fi , ussal kendi i\u00e7inde tutarl\u0131 ve \u00f6zg\u00fcn d\u00fc\u015f\u00fcnmeleridir.Ger\u00e7ekli\u011fe<span class=\"excerpt-hellip\"> [\u2026]<\/span><\/p>\n","protected":false},"featured_media":0,"template":"","meta":{"_monsterinsights_skip_tracking":false,"_monsterinsights_sitenote_active":false,"_monsterinsights_sitenote_note":"","_monsterinsights_sitenote_category":0},"product_brand":[],"product_cat":[12388,13555],"product_tag":[],"class_list":{"0":"post-717196","1":"product","2":"type-product","3":"status-publish","5":"product_cat-felsefe","6":"product_cat-genel-felsefe","7":"pa_cilt-ciltsiz","8":"pa_tur-kitap","9":"pa_yayinevi-hamdullah-aktas-yayinlari","10":"pa_yazar-hamdullah-aktas","12":"first","13":"instock","14":"sale","15":"shipping-taxable","16":"purchasable","17":"product-type-simple"},"_links":{"self":[{"href":"https:\/\/roveyayinevi.com.tr\/index.php\/wp-json\/wp\/v2\/product\/717196","targetHints":{"allow":["GET"]}}],"collection":[{"href":"https:\/\/roveyayinevi.com.tr\/index.php\/wp-json\/wp\/v2\/product"}],"about":[{"href":"https:\/\/roveyayinevi.com.tr\/index.php\/wp-json\/wp\/v2\/types\/product"}],"wp:attachment":[{"href":"https:\/\/roveyayinevi.com.tr\/index.php\/wp-json\/wp\/v2\/media?parent=717196"}],"wp:term":[{"taxonomy":"product_brand","embeddable":true,"href":"https:\/\/roveyayinevi.com.tr\/index.php\/wp-json\/wp\/v2\/product_brand?post=717196"},{"taxonomy":"product_cat","embeddable":true,"href":"https:\/\/roveyayinevi.com.tr\/index.php\/wp-json\/wp\/v2\/product_cat?post=717196"},{"taxonomy":"product_tag","embeddable":true,"href":"https:\/\/roveyayinevi.com.tr\/index.php\/wp-json\/wp\/v2\/product_tag?post=717196"}],"curies":[{"name":"wp","href":"https:\/\/api.w.org\/{rel}","templated":true}]}}