{"id":717195,"date":"2025-08-27T17:52:37","date_gmt":"2025-08-27T14:52:37","guid":{"rendered":"https:\/\/roveyayinevi.com.tr\/index.php\/urun\/insanin-bilissel-yetisi-dusunme\/"},"modified":"2026-04-16T02:25:11","modified_gmt":"2026-04-15T23:25:11","slug":"insanin-bilissel-yetisi-dusunme","status":"publish","type":"product","link":"https:\/\/roveyayinevi.com.tr\/index.php\/urun\/insanin-bilissel-yetisi-dusunme\/","title":{"rendered":"\u0130nsan\u0131n Bili\u015fsel Yetisi D\u00fc\u015f\u00fcnme"},"content":{"rendered":"<p>D\u00fc\u015f\u00fcnme , insan eylem ve etkinli\u011finin, \u00f6zg\u00fcn , yarat\u0131c\u0131 , \u00fcretici sorun \u00e7\u00f6z\u00fcc\u00fc,  yeni bir bak\u0131\u015f getirici , yeni bir bulu\u015f ortaya koyucu bir nitelik ta\u015f\u0131mas\u0131d\u0131r. Ya\u015famak i\u00e7in , ya\u015famsal sorunlar\u0131 \u00e7\u00f6zme u\u011fra\u015f\u0131s\u0131d\u0131r. Kendini de\u011fi\u015fim ve d\u00f6n\u00fc\u015f\u00fcme u\u011fratma , do\u011fal ve toplumsal \u00e7evresini, insana yara\u015f\u0131r bi\u00e7ime d\u00f6n\u00fc\u015ft\u00fcrme \u00e7abas\u0131d\u0131r.Onun i\u00e7in ba\u015fta d\u00fc\u015f\u00fcnme olmak \u00fczere t\u00fcm bili\u015fsel yetkilerin , yaban otlar\u0131 gibi kendili\u011finden yeti\u015fmesi beklenemez.Bili\u015fsel yetilerin i\u015flevselli\u011fi , g\u00fcn\u00fcm\u00fcz toplumlar\u0131nda insanlar\u0131n \u00f6znel  ya\u015fam deneyimlerine b\u0131rak\u0131lmaz.\u0130nsan\u0131 insan k\u0131lan , duygusal , bili\u015fsel ve bedensel yetilerin i\u015flevselle\u015febilmesi e\u011fitim ve \u00f6\u011fretimi gerektirir.<\/p>\n","protected":false},"excerpt":{"rendered":"<p>D\u00fc\u015f\u00fcnme , insan eylem ve etkinli\u011finin, \u00f6zg\u00fcn , yarat\u0131c\u0131 , \u00fcretici sorun \u00e7\u00f6z\u00fcc\u00fc, yeni bir bak\u0131\u015f getirici , yeni bir bulu\u015f ortaya koyucu bir nitelik ta\u015f\u0131mas\u0131d\u0131r.<span class=\"excerpt-hellip\"> [\u2026]<\/span><\/p>\n","protected":false},"featured_media":0,"template":"","meta":{"_monsterinsights_skip_tracking":false,"_monsterinsights_sitenote_active":false,"_monsterinsights_sitenote_note":"","_monsterinsights_sitenote_category":0},"product_brand":[],"product_cat":[20351,12388],"product_tag":[],"class_list":{"0":"post-717195","1":"product","2":"type-product","3":"status-publish","5":"product_cat-dusunce","6":"product_cat-felsefe","7":"pa_cilt-ciltsiz","8":"pa_tur-kitap","9":"pa_yayinevi-hamdullah-aktas-yayinlari","10":"pa_yazar-hamdullah-aktas","12":"first","13":"instock","14":"sale","15":"shipping-taxable","16":"purchasable","17":"product-type-simple"},"_links":{"self":[{"href":"https:\/\/roveyayinevi.com.tr\/index.php\/wp-json\/wp\/v2\/product\/717195","targetHints":{"allow":["GET"]}}],"collection":[{"href":"https:\/\/roveyayinevi.com.tr\/index.php\/wp-json\/wp\/v2\/product"}],"about":[{"href":"https:\/\/roveyayinevi.com.tr\/index.php\/wp-json\/wp\/v2\/types\/product"}],"wp:attachment":[{"href":"https:\/\/roveyayinevi.com.tr\/index.php\/wp-json\/wp\/v2\/media?parent=717195"}],"wp:term":[{"taxonomy":"product_brand","embeddable":true,"href":"https:\/\/roveyayinevi.com.tr\/index.php\/wp-json\/wp\/v2\/product_brand?post=717195"},{"taxonomy":"product_cat","embeddable":true,"href":"https:\/\/roveyayinevi.com.tr\/index.php\/wp-json\/wp\/v2\/product_cat?post=717195"},{"taxonomy":"product_tag","embeddable":true,"href":"https:\/\/roveyayinevi.com.tr\/index.php\/wp-json\/wp\/v2\/product_tag?post=717195"}],"curies":[{"name":"wp","href":"https:\/\/api.w.org\/{rel}","templated":true}]}}