{"id":717194,"date":"2025-08-27T17:52:36","date_gmt":"2025-08-27T14:52:36","guid":{"rendered":"https:\/\/roveyayinevi.com.tr\/index.php\/urun\/ne-olur-gitme\/"},"modified":"2026-04-16T02:25:11","modified_gmt":"2026-04-15T23:25:11","slug":"ne-olur-gitme","status":"publish","type":"product","link":"https:\/\/roveyayinevi.com.tr\/index.php\/urun\/ne-olur-gitme\/","title":{"rendered":"Ne Olur Gitme"},"content":{"rendered":"<p>\u201cGitme, ne olursun! Sana masallar anlatay\u0131m, k\u0131sa hik\u00e2yeler&#8230; Ninniler, \u015fark\u0131lar s\u00f6yleyeyim. Yazd\u0131\u011f\u0131m \u00fcrk\u00fcn\u00e7 \u015fiirleri okuyay\u0131m, kahkahan\u0131 sal. Gitme, bula\u015f\u0131klar\u0131 bu ay boyunca ben y\u0131kar\u0131m, \u00fct\u00fc benim g\u00f6revim olur, tozlar\u0131 da bir y\u0131l boyunca m\u00fctemadiyen ben al\u0131r\u0131m. Evdeki sorumlulu\u011funu es ge\u00e7, s\u00f6z, ben her \u015feyi ayarlar\u0131m. Dilersen b\u0131y\u0131klar\u0131m\u0131 keserim, sa\u00e7lar\u0131m\u0131 senin be\u011fendi\u011fin \u015fekilde k\u0131saltt\u0131r\u0131r\u0131m. Parf\u00fcm\u00fcm\u00fc de\u011fi\u015ftiririm, boynuma yakla\u015fmaya niyetlendi\u011finde tart\u0131\u015fmam\u0131z gerekmez. K\u0131rm\u0131z\u0131 kaza\u011f\u0131m\u0131 \u00e7\u00f6pe atar\u0131m, atk\u0131m\u0131 keserim, i\u011frendi\u011fin foto\u011fraflar\u0131 par\u00e7alara ay\u0131r\u0131r\u0131m. Gitme, seni kollar\u0131mla \u0131s\u0131tay\u0131m. Gitme, seni mutlu edecek ne tutuyorsa bu d\u00fcnya, ondan \u00e7al\u0131p sana sunay\u0131m. Gitme, kalbimi sen k\u0131rsan da ben kendimi su\u00e7layay\u0131m. Gitme, k\u00e2buslar\u0131n\u0131 ben kovay\u0131m.\u201d <\/p>\n","protected":false},"excerpt":{"rendered":"<p>\u201cGitme, ne olursun! Sana masallar anlatay\u0131m, k\u0131sa hik\u00e2yeler&#8230; Ninniler, \u015fark\u0131lar s\u00f6yleyeyim. Yazd\u0131\u011f\u0131m \u00fcrk\u00fcn\u00e7 \u015fiirleri okuyay\u0131m, kahkahan\u0131 sal. Gitme, bula\u015f\u0131klar\u0131 bu ay boyunca ben y\u0131kar\u0131m, \u00fct\u00fc benim<span class=\"excerpt-hellip\"> [\u2026]<\/span><\/p>\n","protected":false},"featured_media":0,"template":"","meta":{"_monsterinsights_skip_tracking":false,"_monsterinsights_sitenote_active":false,"_monsterinsights_sitenote_note":"","_monsterinsights_sitenote_category":0},"product_brand":[],"product_cat":[12291,12711],"product_tag":[],"class_list":{"0":"post-717194","1":"product","2":"type-product","3":"status-publish","5":"product_cat-edebiyat","6":"product_cat-roman-oyku","7":"pa_cilt-ciltsiz","8":"pa_tur-kitap","9":"pa_yayinevi-muptela-yayinevi","10":"pa_yazar-bahadir-demiralay","12":"first","13":"instock","14":"sale","15":"shipping-taxable","16":"purchasable","17":"product-type-simple"},"_links":{"self":[{"href":"https:\/\/roveyayinevi.com.tr\/index.php\/wp-json\/wp\/v2\/product\/717194","targetHints":{"allow":["GET"]}}],"collection":[{"href":"https:\/\/roveyayinevi.com.tr\/index.php\/wp-json\/wp\/v2\/product"}],"about":[{"href":"https:\/\/roveyayinevi.com.tr\/index.php\/wp-json\/wp\/v2\/types\/product"}],"wp:attachment":[{"href":"https:\/\/roveyayinevi.com.tr\/index.php\/wp-json\/wp\/v2\/media?parent=717194"}],"wp:term":[{"taxonomy":"product_brand","embeddable":true,"href":"https:\/\/roveyayinevi.com.tr\/index.php\/wp-json\/wp\/v2\/product_brand?post=717194"},{"taxonomy":"product_cat","embeddable":true,"href":"https:\/\/roveyayinevi.com.tr\/index.php\/wp-json\/wp\/v2\/product_cat?post=717194"},{"taxonomy":"product_tag","embeddable":true,"href":"https:\/\/roveyayinevi.com.tr\/index.php\/wp-json\/wp\/v2\/product_tag?post=717194"}],"curies":[{"name":"wp","href":"https:\/\/api.w.org\/{rel}","templated":true}]}}