{"id":717193,"date":"2025-08-27T17:52:35","date_gmt":"2025-08-27T14:52:35","guid":{"rendered":"https:\/\/roveyayinevi.com.tr\/index.php\/urun\/yuzlesme-3\/"},"modified":"2026-04-16T02:25:11","modified_gmt":"2026-04-15T23:25:11","slug":"yuzlesme-3","status":"publish","type":"product","link":"https:\/\/roveyayinevi.com.tr\/index.php\/urun\/yuzlesme-3\/","title":{"rendered":"Y\u00fczle\u015fme"},"content":{"rendered":"<p>Akl\u0131n sustu\u011fu, kalbin kabul etti\u011fi ve ruhun teslim oldu\u011fu noktadas\u0131n \u015fimdi. Her \u015feyin ba\u015flad\u0131\u011f\u0131 noktadas\u0131n. Kendinle kar\u015f\u0131 kar\u015f\u0131yas\u0131n. Mucizelerini harekete ge\u00e7irmeye haz\u0131r m\u0131s\u0131n? <\/p>\n","protected":false},"excerpt":{"rendered":"<p>Akl\u0131n sustu\u011fu, kalbin kabul etti\u011fi ve ruhun teslim oldu\u011fu noktadas\u0131n \u015fimdi. Her \u015feyin ba\u015flad\u0131\u011f\u0131 noktadas\u0131n. Kendinle kar\u015f\u0131 kar\u015f\u0131yas\u0131n. Mucizelerini harekete ge\u00e7irmeye haz\u0131r m\u0131s\u0131n?<\/p>\n","protected":false},"featured_media":0,"template":"","meta":{"_monsterinsights_skip_tracking":false,"_monsterinsights_sitenote_active":false,"_monsterinsights_sitenote_note":"","_monsterinsights_sitenote_category":0},"product_brand":[],"product_cat":[12364,12376],"product_tag":[],"class_list":{"0":"post-717193","1":"product","2":"type-product","3":"status-publish","5":"product_cat-genel-konular","6":"product_cat-kisisel-gelisim","7":"pa_cilt-ciltsiz","8":"pa_tur-kitap","9":"pa_yayinevi-muptela-yayinevi","10":"pa_yazar-can-perimcek","12":"first","13":"instock","14":"sale","15":"shipping-taxable","16":"purchasable","17":"product-type-simple"},"_links":{"self":[{"href":"https:\/\/roveyayinevi.com.tr\/index.php\/wp-json\/wp\/v2\/product\/717193","targetHints":{"allow":["GET"]}}],"collection":[{"href":"https:\/\/roveyayinevi.com.tr\/index.php\/wp-json\/wp\/v2\/product"}],"about":[{"href":"https:\/\/roveyayinevi.com.tr\/index.php\/wp-json\/wp\/v2\/types\/product"}],"wp:attachment":[{"href":"https:\/\/roveyayinevi.com.tr\/index.php\/wp-json\/wp\/v2\/media?parent=717193"}],"wp:term":[{"taxonomy":"product_brand","embeddable":true,"href":"https:\/\/roveyayinevi.com.tr\/index.php\/wp-json\/wp\/v2\/product_brand?post=717193"},{"taxonomy":"product_cat","embeddable":true,"href":"https:\/\/roveyayinevi.com.tr\/index.php\/wp-json\/wp\/v2\/product_cat?post=717193"},{"taxonomy":"product_tag","embeddable":true,"href":"https:\/\/roveyayinevi.com.tr\/index.php\/wp-json\/wp\/v2\/product_tag?post=717193"}],"curies":[{"name":"wp","href":"https:\/\/api.w.org\/{rel}","templated":true}]}}