{"id":717190,"date":"2025-08-27T17:52:34","date_gmt":"2025-08-27T14:52:34","guid":{"rendered":"https:\/\/roveyayinevi.com.tr\/index.php\/urun\/cocuk-sporcular\/"},"modified":"2026-04-16T02:25:11","modified_gmt":"2026-04-15T23:25:11","slug":"cocuk-sporcular","status":"publish","type":"product","link":"https:\/\/roveyayinevi.com.tr\/index.php\/urun\/cocuk-sporcular\/","title":{"rendered":"\u00c7ocuk Sporcular"},"content":{"rendered":"<p>\u00dcnl\u00fc sporcular\u0131n ba\u015far\u0131lar\u0131n\u0131 biliyoruz. Peki, \u00e7ocukluklar\u0131 ile ilgili ne kadar bilgi sahibiyiz? Bunu \u00f6\u011frenmek i\u00e7in onlar\u0131n hik\u00e2yelerinin ba\u015flad\u0131\u011f\u0131 zamana d\u00f6n\u00fcyoruz. Bu kitapta yer alan sporcular d\u00fcnyaca \u00fcnl\u00fc. Lionel Messi, Michael Jordan, Muhammed Ali, Bruce Lee\u2026 \u0130simlerini duymu\u015f olabilirsiniz. En \u00f6nemli ba\u015far\u0131lar\u0131na tan\u0131kl\u0131k etmi\u015f olabilirsiniz. Yine de onlar hakk\u0131nda bilmedi\u011finiz bir s\u00fcr\u00fc \u015fey oldu\u011funa bahse gireriz. David Stabler\u2019\u0131n yazd\u0131\u011f\u0131 Doogie Horner\u2019\u0131n resimledi\u011fi \u00dcnl\u00fc Sporcular\u0131n Ger\u00e7ek \u00c7ocukluk Hik\u00e2yeleri sekiz ya\u015f \u00fcst\u00fc \u00e7ocuklar kadar yeti\u015fkinlere de hitap ediyor. <\/p>\n","protected":false},"excerpt":{"rendered":"<p>\u00dcnl\u00fc sporcular\u0131n ba\u015far\u0131lar\u0131n\u0131 biliyoruz. Peki, \u00e7ocukluklar\u0131 ile ilgili ne kadar bilgi sahibiyiz? Bunu \u00f6\u011frenmek i\u00e7in onlar\u0131n hik\u00e2yelerinin ba\u015flad\u0131\u011f\u0131 zamana d\u00f6n\u00fcyoruz. Bu kitapta yer alan sporcular d\u00fcnyaca<span class=\"excerpt-hellip\"> [\u2026]<\/span><\/p>\n","protected":false},"featured_media":0,"template":"","meta":{"_monsterinsights_skip_tracking":false,"_monsterinsights_sitenote_active":false,"_monsterinsights_sitenote_note":"","_monsterinsights_sitenote_category":0},"product_brand":[],"product_cat":[12274,12631],"product_tag":[],"class_list":{"0":"post-717190","1":"product","2":"type-product","3":"status-publish","5":"product_cat-cocuk-ve-genclik-kitaplari","6":"product_cat-diger-cocuk-ve-genclik-kitaplari","7":"pa_cilt-ciltsiz","8":"pa_tur-kitap","9":"pa_yayinevi-hep-kitap","10":"pa_yazar-david-stabler","12":"first","13":"instock","14":"sale","15":"shipping-taxable","16":"purchasable","17":"product-type-simple"},"_links":{"self":[{"href":"https:\/\/roveyayinevi.com.tr\/index.php\/wp-json\/wp\/v2\/product\/717190","targetHints":{"allow":["GET"]}}],"collection":[{"href":"https:\/\/roveyayinevi.com.tr\/index.php\/wp-json\/wp\/v2\/product"}],"about":[{"href":"https:\/\/roveyayinevi.com.tr\/index.php\/wp-json\/wp\/v2\/types\/product"}],"wp:attachment":[{"href":"https:\/\/roveyayinevi.com.tr\/index.php\/wp-json\/wp\/v2\/media?parent=717190"}],"wp:term":[{"taxonomy":"product_brand","embeddable":true,"href":"https:\/\/roveyayinevi.com.tr\/index.php\/wp-json\/wp\/v2\/product_brand?post=717190"},{"taxonomy":"product_cat","embeddable":true,"href":"https:\/\/roveyayinevi.com.tr\/index.php\/wp-json\/wp\/v2\/product_cat?post=717190"},{"taxonomy":"product_tag","embeddable":true,"href":"https:\/\/roveyayinevi.com.tr\/index.php\/wp-json\/wp\/v2\/product_tag?post=717190"}],"curies":[{"name":"wp","href":"https:\/\/api.w.org\/{rel}","templated":true}]}}