{"id":717186,"date":"2025-08-27T17:52:31","date_gmt":"2025-08-27T14:52:31","guid":{"rendered":"https:\/\/roveyayinevi.com.tr\/index.php\/urun\/bilge-kopek-yeni-evinde\/"},"modified":"2026-04-16T02:25:11","modified_gmt":"2026-04-15T23:25:11","slug":"bilge-kopek-yeni-evinde","status":"publish","type":"product","link":"https:\/\/roveyayinevi.com.tr\/index.php\/urun\/bilge-kopek-yeni-evinde\/","title":{"rendered":"Bilge K\u00f6pek Yeni Evinde"},"content":{"rendered":"<p>&#8220;K\u00f6pek \u00f6m\u00fcrl\u00fckt\u00fcr, tatil e\u011flenceli\u011fi de\u011fil&#8230;&#8221; Anne Pi\u015fi, g\u00fcn\u00fcn birinde annelikten istifa eder! \u00d6yle ki, Pi\u015fi ailesinin evinde ne temiz \u00e7ama\u015f\u0131r kal\u0131r, ne de bir tabak yemek pi\u015fer. Da\u011f\u0131n\u0131kl\u0131k, evde bir s\u00fcr\u00fcngen gibi dola\u015fmaya ba\u015flar. Ta ki, g\u00fcn\u00fcn birinde, bilge k\u00f6pek Merlin, Pi\u015fi ailesini bar\u0131nakta g\u00f6r\u00fcp sahiplenene kadar. Kahraman\u0131m\u0131z\u0131n bu sorumsuz ve anlay\u0131\u015fs\u0131z aile bireylerini yola getirecek \u00e7ok \u00e7\u0131lg\u0131n planlar\u0131 vard\u0131r&#8230;Yazar Meg Rosoff ve \u00e7izer Grace Easton&#8217;\u0131n ortak imzas\u0131n\u0131 ta\u015f\u0131yan Bilge K\u00f6pek Yeni Evinde, Tudem\u2019in, okumaya isteksiz ve okuma g\u00fc\u00e7l\u00fc\u011f\u00fc \u00e7eken \u00e7ocuklar i\u00e7in \u00f6zel olarak haz\u0131rlad\u0131\u011f\u0131 SEN de OKU koleksiyonundaki yerini al\u0131yor!Kelimelerle m\u00fccadele eden \u00e7ocuklar, bilge k\u00f6pek Merlin&#8217;in dahiyane fikirleri e\u015fli\u011finde yeni ufuklara do\u011fru ko\u015farken, okuma sevgisi kazan\u0131yor!Kelimelerle m\u00fccadele eden \u00e7ocuklar, SEN de OKU kokesiyonu ile okuma sevgisi kazan\u0131yor!  Tudem\u2019in, okumaya isteksiz ve okuma g\u00fc\u00e7l\u00fc\u011f\u00fc \u00e7eken \u00e7ocuklar i\u00e7in \u00f6zel olarak haz\u0131rlad\u0131\u011f\u0131 SEN de OKU koleksiyonu, kitaplar\u0131 e\u011flenceli k\u0131lan bir okuma deneyimi vadediyor.SEN de OKU koleksiyonu, kitaplara mesafeli duran \u00e7ocuklar\u0131n rahat okuyabilecekleri metinsel ve fiziksel \u00f6zelliklere sahip, ilgilerini \u00e7ekecek g\u00fcncel konulara ve temalara de\u011finen resimli kitaplardan olu\u015fuyor.Sade, kolay anla\u015f\u0131l\u0131r dili; okuma ak\u0131\u015f\u0131na yard\u0131mc\u0131 olmas\u0131 i\u00e7in \u00f6zel olarak tasarlanm\u0131\u015f yaz\u0131 tipi; g\u00f6z yorgunlu\u011funu azalt\u0131p, metnin rahat alg\u0131lanmas\u0131n\u0131 sa\u011flayan hafif renklendirilmi\u015f kal\u0131n k\u00e2\u011f\u0131d\u0131 ve rahat okumay\u0131 \u00fcst d\u00fczeye ta\u015f\u0131mas\u0131 i\u00e7in harfler, sat\u0131rlar, paragraflar aras\u0131 geni\u015f bo\u015fluk kullan\u0131m\u0131yla fark yaratan SEN de OKU koleksiyonu, okumaya isteksiz ve okuma g\u00fc\u00e7l\u00fc\u011f\u00fc \u00e7eken \u00e7ocuklar\u0131 kitaplar\u0131n renkli d\u00fcnyas\u0131yla bulu\u015fturuyor.\u0130lk okuma seviyesinden ba\u015flayarak kolaydan zora do\u011fru a\u015fama a\u015fama ilerleyen bir okuma yelpazesi sunan SEN de OKU koleksiyonu, \u00e7ocuklara okuma zevkini ya\u015fat\u0131p onlar\u0131 yetkin okur olma yolunda cesaretlendiriyor.\u0130lgi ya\u015f\u0131 ve y\u0131ld\u0131zlarla belirtilen okuma seviyesi bilgileri sayesinde, \u00e7ocuklar\u0131na uygun kitap se\u00e7iminde karars\u0131z kalan ebeveynlere k\u0131lavuzluk edecek SEN de OKU koleksiyonu, her ay yeni kitaplarla zenginle\u015fmeye ve b\u00fcy\u00fcmeye devam edecek!<\/p>\n","protected":false},"excerpt":{"rendered":"<p>&#8220;K\u00f6pek \u00f6m\u00fcrl\u00fckt\u00fcr, tatil e\u011flenceli\u011fi de\u011fil&#8230;&#8221; Anne Pi\u015fi, g\u00fcn\u00fcn birinde annelikten istifa eder! \u00d6yle ki, Pi\u015fi ailesinin evinde ne temiz \u00e7ama\u015f\u0131r kal\u0131r, ne de bir tabak yemek<span class=\"excerpt-hellip\"> [\u2026]<\/span><\/p>\n","protected":false},"featured_media":0,"template":"","meta":{"_monsterinsights_skip_tracking":false,"_monsterinsights_sitenote_active":false,"_monsterinsights_sitenote_note":"","_monsterinsights_sitenote_category":0},"product_brand":[],"product_cat":[12274,12284],"product_tag":[],"class_list":{"0":"post-717186","1":"product","2":"type-product","3":"status-publish","5":"product_cat-cocuk-ve-genclik-kitaplari","6":"product_cat-hikayeler","7":"pa_cilt-ciltsiz","8":"pa_tur-kitap","9":"pa_yayinevi-tudem-yayinlari","10":"pa_yazar-meg-rosoff","12":"first","13":"instock","14":"sale","15":"shipping-taxable","16":"purchasable","17":"product-type-simple"},"_links":{"self":[{"href":"https:\/\/roveyayinevi.com.tr\/index.php\/wp-json\/wp\/v2\/product\/717186","targetHints":{"allow":["GET"]}}],"collection":[{"href":"https:\/\/roveyayinevi.com.tr\/index.php\/wp-json\/wp\/v2\/product"}],"about":[{"href":"https:\/\/roveyayinevi.com.tr\/index.php\/wp-json\/wp\/v2\/types\/product"}],"wp:attachment":[{"href":"https:\/\/roveyayinevi.com.tr\/index.php\/wp-json\/wp\/v2\/media?parent=717186"}],"wp:term":[{"taxonomy":"product_brand","embeddable":true,"href":"https:\/\/roveyayinevi.com.tr\/index.php\/wp-json\/wp\/v2\/product_brand?post=717186"},{"taxonomy":"product_cat","embeddable":true,"href":"https:\/\/roveyayinevi.com.tr\/index.php\/wp-json\/wp\/v2\/product_cat?post=717186"},{"taxonomy":"product_tag","embeddable":true,"href":"https:\/\/roveyayinevi.com.tr\/index.php\/wp-json\/wp\/v2\/product_tag?post=717186"}],"curies":[{"name":"wp","href":"https:\/\/api.w.org\/{rel}","templated":true}]}}