{"id":717184,"date":"2025-08-27T17:52:30","date_gmt":"2025-08-27T14:52:30","guid":{"rendered":"https:\/\/roveyayinevi.com.tr\/index.php\/urun\/titresimsel-ses-terapisi-ile-sifa\/"},"modified":"2026-04-16T02:25:11","modified_gmt":"2026-04-15T23:25:11","slug":"titresimsel-ses-terapisi-ile-sifa","status":"publish","type":"product","link":"https:\/\/roveyayinevi.com.tr\/index.php\/urun\/titresimsel-ses-terapisi-ile-sifa\/","title":{"rendered":"Titre\u015fimsel Ses Terapisi ile \u015eifa"},"content":{"rendered":"<p>Eileen Day McKusick, masaj terapisi seanslar\u0131nda sesle terapi yapmaya ba\u015flad\u0131\u011f\u0131nda, akort \u00e7atallar\u0131yla m\u00fc\u015fterilerinin etraf\u0131n\u0131 saran enerji biyoalan\u0131n\u0131 tespit edebildi\u011fini ve s\u0131k\u0131nt\u0131lar\u0131n\u0131 duyabildi\u011fini fark etti. Bu s\u0131k\u0131nt\u0131lar\u0131n duygusal ve fiziksel travmalarla ba\u011flant\u0131l\u0131 oldu\u011funu ke\u015ffeden McKusick, akort \u00e7atallar\u0131n\u0131 bu travmalar\u0131n y\u0131llard\u0131r devam eden etkilerini yok etmek i\u00e7in kullanmaya ba\u015flad\u0131. McKusick bu kitapta sesle \u015fifa y\u00f6nteminin t\u00fcm detaylar\u0131n\u0131, akort \u00e7atallar\u0131n\u0131 kullanarak biyoalanda gizlenen ac\u0131y\u0131 ve travmatik deneyimlerin izlerini nas\u0131l ortadan kald\u0131raca\u011f\u0131n\u0131z\u0131 ve \u00e7akralar \u00fczerinde \u00e7al\u0131\u015fma y\u00f6ntemlerini anlat\u0131yor. Vaka anlat\u0131mlar\u0131 ve \u00e7akra haritalar\u0131yla zenginle\u015ftirdi\u011fi Titre\u015fimsel Ses Terapisi ile \u015eifa, ayn\u0131 zamanda McKusick\u2019in kendi iyile\u015fme yolculu\u011funun bir \u00f6zeti. <\/p>\n","protected":false},"excerpt":{"rendered":"<p>Eileen Day McKusick, masaj terapisi seanslar\u0131nda sesle terapi yapmaya ba\u015flad\u0131\u011f\u0131nda, akort \u00e7atallar\u0131yla m\u00fc\u015fterilerinin etraf\u0131n\u0131 saran enerji biyoalan\u0131n\u0131 tespit edebildi\u011fini ve s\u0131k\u0131nt\u0131lar\u0131n\u0131 duyabildi\u011fini fark etti. Bu s\u0131k\u0131nt\u0131lar\u0131n<span class=\"excerpt-hellip\"> [\u2026]<\/span><\/p>\n","protected":false},"featured_media":0,"template":"","meta":{"_monsterinsights_skip_tracking":false,"_monsterinsights_sitenote_active":false,"_monsterinsights_sitenote_note":"","_monsterinsights_sitenote_category":0},"product_brand":[],"product_cat":[12364,12376],"product_tag":[],"class_list":{"0":"post-717184","1":"product","2":"type-product","3":"status-publish","5":"product_cat-genel-konular","6":"product_cat-kisisel-gelisim","7":"pa_cilt-ciltsiz","8":"pa_tur-kitap","9":"pa_yayinevi-omega","10":"pa_yazar-eileen-day-mckusick","12":"first","13":"instock","14":"sale","15":"shipping-taxable","16":"purchasable","17":"product-type-simple"},"_links":{"self":[{"href":"https:\/\/roveyayinevi.com.tr\/index.php\/wp-json\/wp\/v2\/product\/717184","targetHints":{"allow":["GET"]}}],"collection":[{"href":"https:\/\/roveyayinevi.com.tr\/index.php\/wp-json\/wp\/v2\/product"}],"about":[{"href":"https:\/\/roveyayinevi.com.tr\/index.php\/wp-json\/wp\/v2\/types\/product"}],"wp:attachment":[{"href":"https:\/\/roveyayinevi.com.tr\/index.php\/wp-json\/wp\/v2\/media?parent=717184"}],"wp:term":[{"taxonomy":"product_brand","embeddable":true,"href":"https:\/\/roveyayinevi.com.tr\/index.php\/wp-json\/wp\/v2\/product_brand?post=717184"},{"taxonomy":"product_cat","embeddable":true,"href":"https:\/\/roveyayinevi.com.tr\/index.php\/wp-json\/wp\/v2\/product_cat?post=717184"},{"taxonomy":"product_tag","embeddable":true,"href":"https:\/\/roveyayinevi.com.tr\/index.php\/wp-json\/wp\/v2\/product_tag?post=717184"}],"curies":[{"name":"wp","href":"https:\/\/api.w.org\/{rel}","templated":true}]}}