{"id":717182,"date":"2025-08-27T17:52:29","date_gmt":"2025-08-27T14:52:29","guid":{"rendered":"https:\/\/roveyayinevi.com.tr\/index.php\/urun\/viking-mitleri\/"},"modified":"2026-04-16T02:25:11","modified_gmt":"2026-04-15T23:25:11","slug":"viking-mitleri","status":"publish","type":"product","link":"https:\/\/roveyayinevi.com.tr\/index.php\/urun\/viking-mitleri\/","title":{"rendered":"Viking Mitleri"},"content":{"rendered":"<p>Nesir Edda \u0130skandinav mitlerinin derlemesi niteli\u011finde bir eserdir. \u0130zlandal\u0131 tarih\u00e7i, \u015fair, hukuk\u00e7u ve siyasal lider Snorri Sturluson 13. y\u00fczy\u0131l ba\u015flar\u0131nda, \u0130skandinav halklar\u0131 aras\u0131nda y\u00fczy\u0131llard\u0131r \u015fiir formunda anlat\u0131lagelen s\u00f6ylenceleri d\u00fczyaz\u0131ya ge\u00e7irerek bir araya getirmi\u015f ve kitapla\u015ft\u0131rm\u0131\u015ft\u0131r. Herodotos ya da Thukydides Eski Yunan halklar\u0131 i\u00e7in ne anlam ta\u015f\u0131yorsa Snorri Sturluson da \u0130skandinavyal\u0131lar i\u00e7in o anlama gelir. Onun sayesinde \u0130skandinav halklar\u0131n\u0131n imgelemine kaydolmu\u015f \u00f6nemli olaylara ili\u015fkin anlat\u0131mlar g\u00fcn\u00fcm\u00fcze ula\u015fm\u0131\u015ft\u0131r. \u0130skandinav kozmogonisi ve panteonu hakk\u0131nda e\u015fsiz bir kaynak olan Nesir Edda mitoloji merakl\u0131lar\u0131 ve ara\u015ft\u0131rmac\u0131lar i\u00e7in \u00e7ok \u00f6nemli bir metindir. <\/p>\n","protected":false},"excerpt":{"rendered":"<p>Nesir Edda \u0130skandinav mitlerinin derlemesi niteli\u011finde bir eserdir. \u0130zlandal\u0131 tarih\u00e7i, \u015fair, hukuk\u00e7u ve siyasal lider Snorri Sturluson 13. y\u00fczy\u0131l ba\u015flar\u0131nda, \u0130skandinav halklar\u0131 aras\u0131nda y\u00fczy\u0131llard\u0131r \u015fiir formunda<span class=\"excerpt-hellip\"> [\u2026]<\/span><\/p>\n","protected":false},"featured_media":0,"template":"","meta":{"_monsterinsights_skip_tracking":false,"_monsterinsights_sitenote_active":false,"_monsterinsights_sitenote_note":"","_monsterinsights_sitenote_category":0},"product_brand":[],"product_cat":[12312,12304],"product_tag":[],"class_list":{"0":"post-717182","1":"product","2":"type-product","3":"status-publish","5":"product_cat-diger","6":"product_cat-tarih","7":"pa_cilt-ciltsiz","8":"pa_tur-kitap","9":"pa_yayinevi-say-yayinlari","10":"pa_yazar-snorri-sturluson","12":"first","13":"instock","14":"sale","15":"shipping-taxable","16":"purchasable","17":"product-type-simple"},"_links":{"self":[{"href":"https:\/\/roveyayinevi.com.tr\/index.php\/wp-json\/wp\/v2\/product\/717182","targetHints":{"allow":["GET"]}}],"collection":[{"href":"https:\/\/roveyayinevi.com.tr\/index.php\/wp-json\/wp\/v2\/product"}],"about":[{"href":"https:\/\/roveyayinevi.com.tr\/index.php\/wp-json\/wp\/v2\/types\/product"}],"wp:attachment":[{"href":"https:\/\/roveyayinevi.com.tr\/index.php\/wp-json\/wp\/v2\/media?parent=717182"}],"wp:term":[{"taxonomy":"product_brand","embeddable":true,"href":"https:\/\/roveyayinevi.com.tr\/index.php\/wp-json\/wp\/v2\/product_brand?post=717182"},{"taxonomy":"product_cat","embeddable":true,"href":"https:\/\/roveyayinevi.com.tr\/index.php\/wp-json\/wp\/v2\/product_cat?post=717182"},{"taxonomy":"product_tag","embeddable":true,"href":"https:\/\/roveyayinevi.com.tr\/index.php\/wp-json\/wp\/v2\/product_tag?post=717182"}],"curies":[{"name":"wp","href":"https:\/\/api.w.org\/{rel}","templated":true}]}}