{"id":717180,"date":"2025-08-27T17:52:28","date_gmt":"2025-08-27T14:52:28","guid":{"rendered":"https:\/\/roveyayinevi.com.tr\/index.php\/urun\/bitkiler-sasirtici-fen-projeleri\/"},"modified":"2025-12-30T10:20:01","modified_gmt":"2025-12-30T07:20:01","slug":"bitkiler-sasirtici-fen-projeleri","status":"publish","type":"product","link":"https:\/\/roveyayinevi.com.tr\/index.php\/urun\/bitkiler-sasirtici-fen-projeleri\/","title":{"rendered":"Bitkiler -\u015ea\u015f\u0131rt\u0131c\u0131 Fen Projeleri"},"content":{"rendered":"<p>Sevgili \u00f6\u011frenciler, \u015ea\u015f\u0131rt\u0131c\u0131 Fen Projeleri, fen bilimleri dersinizdekolayl\u0131kla yararlanabilece\u011finiz bir kaynak niteli\u011fi ta\u015f\u0131maktad\u0131r.Dizideki kitaplar, t\u00fcm\u00fcn\u00fcz\u00fcn rahatl\u0131kla anlayabilece\u011fi sade bir dillehaz\u0131rlanm\u0131\u015ft\u0131r.Ayr\u0131ca, her kitapta fen bilimleriyle ilgili \u015fa\u015f\u0131rt\u0131c\u0131 ger\u00e7ekler, d\u00fc\u015f\u00fcncetestleri, resimli s\u00f6zl\u00fck ve basit materyallerle yapabilece\u011finiz pek \u00e7okdeney bulunmaktad\u0131r. Her kitab\u0131n sonunda ise bu konununterminolojisini yans\u0131tan bir dizin b\u00f6l\u00fcm\u00fc yer almaktad\u0131r.<\/p>\n","protected":false},"excerpt":{"rendered":"<p>Sevgili \u00f6\u011frenciler, \u015ea\u015f\u0131rt\u0131c\u0131 Fen Projeleri, fen bilimleri dersinizdekolayl\u0131kla yararlanabilece\u011finiz bir kaynak niteli\u011fi ta\u015f\u0131maktad\u0131r.Dizideki kitaplar, t\u00fcm\u00fcn\u00fcz\u00fcn rahatl\u0131kla anlayabilece\u011fi sade bir dillehaz\u0131rlanm\u0131\u015ft\u0131r.Ayr\u0131ca, her kitapta fen bilimleriyle ilgili \u015fa\u015f\u0131rt\u0131c\u0131<span class=\"excerpt-hellip\"> [\u2026]<\/span><\/p>\n","protected":false},"featured_media":0,"template":"","meta":{"_monsterinsights_skip_tracking":false,"_monsterinsights_sitenote_active":false,"_monsterinsights_sitenote_note":"","_monsterinsights_sitenote_category":0},"product_brand":[],"product_cat":[12274,15842],"product_tag":[],"class_list":{"0":"post-717180","1":"product","2":"type-product","3":"status-publish","5":"product_cat-cocuk-ve-genclik-kitaplari","6":"product_cat-egitici-kitaplar","7":"pa_cilt-ciltsiz","8":"pa_tur-kitap","9":"pa_yayinevi-altin-kitaplar","10":"pa_yazar-sally-hewitt","12":"first","13":"instock","14":"sale","15":"shipping-taxable","16":"purchasable","17":"product-type-simple"},"_links":{"self":[{"href":"https:\/\/roveyayinevi.com.tr\/index.php\/wp-json\/wp\/v2\/product\/717180","targetHints":{"allow":["GET"]}}],"collection":[{"href":"https:\/\/roveyayinevi.com.tr\/index.php\/wp-json\/wp\/v2\/product"}],"about":[{"href":"https:\/\/roveyayinevi.com.tr\/index.php\/wp-json\/wp\/v2\/types\/product"}],"wp:attachment":[{"href":"https:\/\/roveyayinevi.com.tr\/index.php\/wp-json\/wp\/v2\/media?parent=717180"}],"wp:term":[{"taxonomy":"product_brand","embeddable":true,"href":"https:\/\/roveyayinevi.com.tr\/index.php\/wp-json\/wp\/v2\/product_brand?post=717180"},{"taxonomy":"product_cat","embeddable":true,"href":"https:\/\/roveyayinevi.com.tr\/index.php\/wp-json\/wp\/v2\/product_cat?post=717180"},{"taxonomy":"product_tag","embeddable":true,"href":"https:\/\/roveyayinevi.com.tr\/index.php\/wp-json\/wp\/v2\/product_tag?post=717180"}],"curies":[{"name":"wp","href":"https:\/\/api.w.org\/{rel}","templated":true}]}}