{"id":717173,"date":"2025-08-27T17:52:24","date_gmt":"2025-08-27T14:52:24","guid":{"rendered":"https:\/\/roveyayinevi.com.tr\/index.php\/urun\/turkiye-ulusal-varlik-fonu\/"},"modified":"2026-04-16T02:25:11","modified_gmt":"2026-04-15T23:25:11","slug":"turkiye-ulusal-varlik-fonu","status":"publish","type":"product","link":"https:\/\/roveyayinevi.com.tr\/index.php\/urun\/turkiye-ulusal-varlik-fonu\/","title":{"rendered":"T\u00fcrkiye Ulusal Varl\u0131k Fonu"},"content":{"rendered":"<p>Varl\u0131k Fonu Kavram\u0131 Varl\u0131k Fonunun Amac\u0131 ve T\u00fcrleri Ulusal Varl\u0131k Fonlar\u0131n\u0131n Uluslararas\u0131 D\u00fczeydeki \u00d6nemi Varl\u0131k Fonlar\u0131n\u0131n Denetlenmesi: Santiago Prensipleri, Santiago Endeksi ve A\u00e7\u0131kl\u0131k Endeksi Ulusal Varl\u0131k Fonlar\u0131n\u0131n Olas\u0131 Ekonomik Etkileri \u00dclke Makroekonomik G\u00f6stergeleri ve Varl\u0131k Fonlar\u0131 Se\u00e7ilmi\u015f Varl\u0131k Fonlar\u0131n\u0131n De\u011ferlendirilmesi T\u00fcrkiye Cumhuriyeti Makroekonomik G\u00f6stergeleri ve Ulusal Varl\u0131k Fonu Se\u00e7ilmi\u015f \u00dclke Ulusal Varl\u0131k Fonlar\u0131 ile T\u00fcrkiye Varl\u0131k Fonu Kar\u015f\u0131la\u015ft\u0131rmas\u0131 <\/p>\n","protected":false},"excerpt":{"rendered":"<p>Varl\u0131k Fonu Kavram\u0131 Varl\u0131k Fonunun Amac\u0131 ve T\u00fcrleri Ulusal Varl\u0131k Fonlar\u0131n\u0131n Uluslararas\u0131 D\u00fczeydeki \u00d6nemi Varl\u0131k Fonlar\u0131n\u0131n Denetlenmesi: Santiago Prensipleri, Santiago Endeksi ve A\u00e7\u0131kl\u0131k Endeksi Ulusal Varl\u0131k<span class=\"excerpt-hellip\"> [\u2026]<\/span><\/p>\n","protected":false},"featured_media":0,"template":"","meta":{"_monsterinsights_skip_tracking":false,"_monsterinsights_sitenote_active":false,"_monsterinsights_sitenote_note":"","_monsterinsights_sitenote_category":0},"product_brand":[],"product_cat":[20333,13043],"product_tag":[],"class_list":{"0":"post-717173","1":"product","2":"type-product","3":"status-publish","5":"product_cat-diger-ekonomi","6":"product_cat-ekonomi","7":"pa_cilt-ciltsiz","8":"pa_tur-kitap","9":"pa_yayinevi-gazi-kitabevi","10":"pa_yazar-kolektif","12":"first","13":"instock","14":"sale","15":"shipping-taxable","16":"purchasable","17":"product-type-simple"},"_links":{"self":[{"href":"https:\/\/roveyayinevi.com.tr\/index.php\/wp-json\/wp\/v2\/product\/717173","targetHints":{"allow":["GET"]}}],"collection":[{"href":"https:\/\/roveyayinevi.com.tr\/index.php\/wp-json\/wp\/v2\/product"}],"about":[{"href":"https:\/\/roveyayinevi.com.tr\/index.php\/wp-json\/wp\/v2\/types\/product"}],"wp:attachment":[{"href":"https:\/\/roveyayinevi.com.tr\/index.php\/wp-json\/wp\/v2\/media?parent=717173"}],"wp:term":[{"taxonomy":"product_brand","embeddable":true,"href":"https:\/\/roveyayinevi.com.tr\/index.php\/wp-json\/wp\/v2\/product_brand?post=717173"},{"taxonomy":"product_cat","embeddable":true,"href":"https:\/\/roveyayinevi.com.tr\/index.php\/wp-json\/wp\/v2\/product_cat?post=717173"},{"taxonomy":"product_tag","embeddable":true,"href":"https:\/\/roveyayinevi.com.tr\/index.php\/wp-json\/wp\/v2\/product_tag?post=717173"}],"curies":[{"name":"wp","href":"https:\/\/api.w.org\/{rel}","templated":true}]}}