{"id":717172,"date":"2025-08-27T17:52:23","date_gmt":"2025-08-27T14:52:23","guid":{"rendered":"https:\/\/roveyayinevi.com.tr\/index.php\/urun\/kahpe-veda\/"},"modified":"2026-04-16T02:25:11","modified_gmt":"2026-04-15T23:25:11","slug":"kahpe-veda","status":"publish","type":"product","link":"https:\/\/roveyayinevi.com.tr\/index.php\/urun\/kahpe-veda\/","title":{"rendered":"Kahpe Veda"},"content":{"rendered":"<p>Yar\u0131\u015f at\u0131n\u0131n g\u00f6zlerinde \u00f6ld\u00fc insanl\u0131k&#8230; Hedefe ko\u015farken \u00f6\u011frendi insano\u011flunun akl\u0131n \u00f6n\u00fcne ge\u00e7en h\u0131rs\u0131n\u0131&#8230; K\u0131zmad\u0131, dar\u0131lmad\u0131 insanlara, \u00f6d\u00fcller getirdi&#8230; Kar\u015f\u0131l\u0131\u011f\u0131nda bir tutam sevgi, bir tutam vefa istedi. Kar\u015f\u0131l\u0131k beklemeden s\u0131rt\u0131n\u0131 ok\u015fayan birine sevdaland\u0131. G\u00fc\u00e7ten, kuvvetten d\u00fc\u015f\u00fcnce \u00f6\u011frendi, zalimi, vicdans\u0131z\u0131&#8230; Siyah g\u00f6zlerinde sakl\u0131yd\u0131 kazand\u0131\u011f\u0131 yar\u0131\u015flar\u0131n hikayesi&#8230; uzun kirpiklerinde as\u0131l\u0131 kald\u0131 \u2018Kahpe Veda&#8230;\u2019 Sara G\u00fcl Turan\u2019\u0131n bu e\u015fsiz eseri 2015 y\u0131l\u0131nda yay\u0131nland\u0131ktan hemen sonra, ba\u015fka bir jokey ve taya uygulanarak film yap\u0131ld\u0131. Tabii yazar\u0131n izni olmadan&#8230; <\/p>\n","protected":false},"excerpt":{"rendered":"<p>Yar\u0131\u015f at\u0131n\u0131n g\u00f6zlerinde \u00f6ld\u00fc insanl\u0131k&#8230; Hedefe ko\u015farken \u00f6\u011frendi insano\u011flunun akl\u0131n \u00f6n\u00fcne ge\u00e7en h\u0131rs\u0131n\u0131&#8230; K\u0131zmad\u0131, dar\u0131lmad\u0131 insanlara, \u00f6d\u00fcller getirdi&#8230; Kar\u015f\u0131l\u0131\u011f\u0131nda bir tutam sevgi, bir tutam vefa istedi.<span class=\"excerpt-hellip\"> [\u2026]<\/span><\/p>\n","protected":false},"featured_media":0,"template":"","meta":{"_monsterinsights_skip_tracking":false,"_monsterinsights_sitenote_active":false,"_monsterinsights_sitenote_note":"","_monsterinsights_sitenote_category":0},"product_brand":[],"product_cat":[12291,12711],"product_tag":[],"class_list":{"0":"post-717172","1":"product","2":"type-product","3":"status-publish","5":"product_cat-edebiyat","6":"product_cat-roman-oyku","7":"pa_cilt-ciltsiz","8":"pa_tur-kitap","9":"pa_yayinevi-ayata-kitap","10":"pa_yazar-sara-gul-turan","12":"first","13":"instock","14":"sale","15":"shipping-taxable","16":"purchasable","17":"product-type-simple"},"_links":{"self":[{"href":"https:\/\/roveyayinevi.com.tr\/index.php\/wp-json\/wp\/v2\/product\/717172","targetHints":{"allow":["GET"]}}],"collection":[{"href":"https:\/\/roveyayinevi.com.tr\/index.php\/wp-json\/wp\/v2\/product"}],"about":[{"href":"https:\/\/roveyayinevi.com.tr\/index.php\/wp-json\/wp\/v2\/types\/product"}],"wp:attachment":[{"href":"https:\/\/roveyayinevi.com.tr\/index.php\/wp-json\/wp\/v2\/media?parent=717172"}],"wp:term":[{"taxonomy":"product_brand","embeddable":true,"href":"https:\/\/roveyayinevi.com.tr\/index.php\/wp-json\/wp\/v2\/product_brand?post=717172"},{"taxonomy":"product_cat","embeddable":true,"href":"https:\/\/roveyayinevi.com.tr\/index.php\/wp-json\/wp\/v2\/product_cat?post=717172"},{"taxonomy":"product_tag","embeddable":true,"href":"https:\/\/roveyayinevi.com.tr\/index.php\/wp-json\/wp\/v2\/product_tag?post=717172"}],"curies":[{"name":"wp","href":"https:\/\/api.w.org\/{rel}","templated":true}]}}