{"id":717169,"date":"2025-08-27T17:52:21","date_gmt":"2025-08-27T14:52:21","guid":{"rendered":"https:\/\/roveyayinevi.com.tr\/index.php\/urun\/yunan-kulturunde-tragedya\/"},"modified":"2026-04-16T02:25:11","modified_gmt":"2026-04-15T23:25:11","slug":"yunan-kulturunde-tragedya","status":"publish","type":"product","link":"https:\/\/roveyayinevi.com.tr\/index.php\/urun\/yunan-kulturunde-tragedya\/","title":{"rendered":"Yunan K\u00fclt\u00fcr\u00fcnde Tragedya"},"content":{"rendered":"<p>Arka Kapak Yaz\u0131s\u0131: \u2018\u2019Ah, karanl\u0131k bulutu! \u00dczerimi saran, s\u0131n\u0131rs\u0131z, kar\u015f\u0131 konulmaz, beni ezen korkun\u00e7 bulut! Ah! Ac\u0131lar i\u011fne gibi can\u0131ma bat\u0131yor, k\u00f6t\u00fcl\u00fcklerimin an\u0131s\u0131 i\u00e7ime i\u015fliyor. Ah! Hemen beni bunlardan, buralardan uzaklara g\u00f6t\u00fcr\u00fcn\u00fcz. Beni al\u0131p g\u00f6t\u00fcr\u00fcn\u00fcz! Bu i\u011fren\u00e7 belay\u0131, karg\u0131\u015fl\u0131lar aras\u0131nda bir karg\u0131\u015fl\u0131y\u0131, tanr\u0131lar\u0131n en \u00e7ok i\u011frendi\u011fi insan\u0131\u2019\u2019 \u2018\u2019Yunan mitologyas\u0131nda, Tragedya her \u015feyden \u00f6nce bir yazg\u0131 sorunudur. \u0130nsanlar, tanr\u0131lara inan\u0131rlar ve yazg\u0131lar\u0131n\u0131n da tanr\u0131lara ba\u011fl\u0131 oldu\u011funu san\u0131rlar; bu tanr\u0131lara boyun e\u011ferler. Mitologyada, yazg\u0131-fatum kader- \u00f6nemli bir yer tutar. \u0130nsanlar\u0131n yazg\u0131lar\u0131n\u0131 \u00f6nceden bilirler fakat sadece bir tan\u0131r ya da tanr\u0131\u00e7a bu yazg\u0131y\u0131 de\u011fi\u015ftirebilir. <\/p>\n","protected":false},"excerpt":{"rendered":"<p>Arka Kapak Yaz\u0131s\u0131: \u2018\u2019Ah, karanl\u0131k bulutu! \u00dczerimi saran, s\u0131n\u0131rs\u0131z, kar\u015f\u0131 konulmaz, beni ezen korkun\u00e7 bulut! Ah! Ac\u0131lar i\u011fne gibi can\u0131ma bat\u0131yor, k\u00f6t\u00fcl\u00fcklerimin an\u0131s\u0131 i\u00e7ime i\u015fliyor. Ah!<span class=\"excerpt-hellip\"> [\u2026]<\/span><\/p>\n","protected":false},"featured_media":0,"template":"","meta":{"_monsterinsights_skip_tracking":false,"_monsterinsights_sitenote_active":false,"_monsterinsights_sitenote_note":"","_monsterinsights_sitenote_category":0},"product_brand":[],"product_cat":[20039,13488],"product_tag":[],"class_list":{"0":"post-717169","1":"product","2":"type-product","3":"status-publish","5":"product_cat-kultur-tarihi","6":"product_cat-toplum-ve-insan","7":"pa_cilt-ciltsiz","8":"pa_tur-kitap","9":"pa_yayinevi-cem-yayinevi","10":"pa_yazar-husen-portakal","12":"first","13":"instock","14":"sale","15":"shipping-taxable","16":"purchasable","17":"product-type-simple"},"_links":{"self":[{"href":"https:\/\/roveyayinevi.com.tr\/index.php\/wp-json\/wp\/v2\/product\/717169","targetHints":{"allow":["GET"]}}],"collection":[{"href":"https:\/\/roveyayinevi.com.tr\/index.php\/wp-json\/wp\/v2\/product"}],"about":[{"href":"https:\/\/roveyayinevi.com.tr\/index.php\/wp-json\/wp\/v2\/types\/product"}],"wp:attachment":[{"href":"https:\/\/roveyayinevi.com.tr\/index.php\/wp-json\/wp\/v2\/media?parent=717169"}],"wp:term":[{"taxonomy":"product_brand","embeddable":true,"href":"https:\/\/roveyayinevi.com.tr\/index.php\/wp-json\/wp\/v2\/product_brand?post=717169"},{"taxonomy":"product_cat","embeddable":true,"href":"https:\/\/roveyayinevi.com.tr\/index.php\/wp-json\/wp\/v2\/product_cat?post=717169"},{"taxonomy":"product_tag","embeddable":true,"href":"https:\/\/roveyayinevi.com.tr\/index.php\/wp-json\/wp\/v2\/product_tag?post=717169"}],"curies":[{"name":"wp","href":"https:\/\/api.w.org\/{rel}","templated":true}]}}