{"id":717168,"date":"2025-08-27T17:52:20","date_gmt":"2025-08-27T14:52:20","guid":{"rendered":"https:\/\/roveyayinevi.com.tr\/index.php\/urun\/gantz-cilt-7\/"},"modified":"2026-04-16T02:25:11","modified_gmt":"2026-04-15T23:25:11","slug":"gantz-cilt-7","status":"publish","type":"product","link":"https:\/\/roveyayinevi.com.tr\/index.php\/urun\/gantz-cilt-7\/","title":{"rendered":"Gantz Cilt 7"},"content":{"rendered":"<p>Buda\u2019n\u0131n halinden memnun \u015fekilde oturup, y\u00fcz\u00fcnde tatl\u0131 bir g\u00fcl\u00fcmsemeyle d\u00fcnyaya bar\u0131\u015f vadeden bir tanr\u0131 oldu\u011funu d\u00fc\u015f\u00fcnebilirsiniz. Oysa durum \u00e7ok farkl\u0131 Gantz d\u00fcnyas\u0131nda ve Buda heykelleri, akla hayale gelmeyecek bir sald\u0131rganl\u0131k sergiliyorlar. Tokyo\u2019nun en \u00f6nemli tap\u0131naklar\u0131n birinde yer alan heykeller uzayl\u0131lar\u0131n kontrol\u00fc alt\u0131nda\u2026 Bakal\u0131m Gantz\u2019\u0131n uzayl\u0131lar\u0131 haklamak \u00fczere g\u00f6nderdi\u011fi ekipten hayatta kalmay\u0131 ba\u015faran olacak m\u0131\u2026 B\u00fcy\u00fck bir keyifle okuyup devam\u0131n\u0131 heyecanla bekledi\u011finiz yeti\u015fkin mangas\u0131 Gantz, hi\u00e7 d\u00fc\u015fmeyen temposuyla devam ediyor. <\/p>\n","protected":false},"excerpt":{"rendered":"<p>Buda\u2019n\u0131n halinden memnun \u015fekilde oturup, y\u00fcz\u00fcnde tatl\u0131 bir g\u00fcl\u00fcmsemeyle d\u00fcnyaya bar\u0131\u015f vadeden bir tanr\u0131 oldu\u011funu d\u00fc\u015f\u00fcnebilirsiniz. Oysa durum \u00e7ok farkl\u0131 Gantz d\u00fcnyas\u0131nda ve Buda heykelleri, akla<span class=\"excerpt-hellip\"> [\u2026]<\/span><\/p>\n","protected":false},"featured_media":0,"template":"","meta":{"_monsterinsights_skip_tracking":false,"_monsterinsights_sitenote_active":false,"_monsterinsights_sitenote_note":"","_monsterinsights_sitenote_category":0},"product_brand":[],"product_cat":[12291,12711],"product_tag":[],"class_list":{"0":"post-717168","1":"product","2":"type-product","3":"status-publish","5":"product_cat-edebiyat","6":"product_cat-roman-oyku","7":"pa_cilt-ciltsiz","8":"pa_tur-kitap","9":"pa_yayinevi-kurukafa","10":"pa_yazar-hiroya-oku","12":"first","13":"instock","14":"sale","15":"shipping-taxable","16":"purchasable","17":"product-type-simple"},"_links":{"self":[{"href":"https:\/\/roveyayinevi.com.tr\/index.php\/wp-json\/wp\/v2\/product\/717168","targetHints":{"allow":["GET"]}}],"collection":[{"href":"https:\/\/roveyayinevi.com.tr\/index.php\/wp-json\/wp\/v2\/product"}],"about":[{"href":"https:\/\/roveyayinevi.com.tr\/index.php\/wp-json\/wp\/v2\/types\/product"}],"wp:attachment":[{"href":"https:\/\/roveyayinevi.com.tr\/index.php\/wp-json\/wp\/v2\/media?parent=717168"}],"wp:term":[{"taxonomy":"product_brand","embeddable":true,"href":"https:\/\/roveyayinevi.com.tr\/index.php\/wp-json\/wp\/v2\/product_brand?post=717168"},{"taxonomy":"product_cat","embeddable":true,"href":"https:\/\/roveyayinevi.com.tr\/index.php\/wp-json\/wp\/v2\/product_cat?post=717168"},{"taxonomy":"product_tag","embeddable":true,"href":"https:\/\/roveyayinevi.com.tr\/index.php\/wp-json\/wp\/v2\/product_tag?post=717168"}],"curies":[{"name":"wp","href":"https:\/\/api.w.org\/{rel}","templated":true}]}}