{"id":717167,"date":"2025-08-27T17:52:19","date_gmt":"2025-08-27T14:52:19","guid":{"rendered":"https:\/\/roveyayinevi.com.tr\/index.php\/urun\/uzak-diyarlar-gidilmez-kentler\/"},"modified":"2026-04-16T02:25:11","modified_gmt":"2026-04-15T23:25:11","slug":"uzak-diyarlar-gidilmez-kentler","status":"publish","type":"product","link":"https:\/\/roveyayinevi.com.tr\/index.php\/urun\/uzak-diyarlar-gidilmez-kentler\/","title":{"rendered":"Uzak Diyarlar Gidilmez Kentler"},"content":{"rendered":"<p>Do\u011fuda uzanan da\u011flard\u0131 Garp diyar\u0131nda Bal\u0131k\u00e7\u0131 liman\u0131n\u0131 g\u00f6zeten\u2026 Yama\u00e7lar\u0131na beyaz evler dizili, Bah\u00e7elerinde nar a\u011fa\u00e7lar\u0131 Derelere bakan ta\u015fl\u0131 toprakta Iss\u0131z \u00fcz\u00fcm ba\u011flar\u0131.Bir yanda denizin beri yakas\u0131, \u00d6tesi uzaklardayd\u0131\u2026<\/p>\n","protected":false},"excerpt":{"rendered":"<p>Do\u011fuda uzanan da\u011flard\u0131 Garp diyar\u0131nda Bal\u0131k\u00e7\u0131 liman\u0131n\u0131 g\u00f6zeten\u2026 Yama\u00e7lar\u0131na beyaz evler dizili, Bah\u00e7elerinde nar a\u011fa\u00e7lar\u0131 Derelere bakan ta\u015fl\u0131 toprakta Iss\u0131z \u00fcz\u00fcm ba\u011flar\u0131.Bir yanda denizin beri yakas\u0131,<span class=\"excerpt-hellip\"> [\u2026]<\/span><\/p>\n","protected":false},"featured_media":0,"template":"","meta":{"_monsterinsights_skip_tracking":false,"_monsterinsights_sitenote_active":false,"_monsterinsights_sitenote_note":"","_monsterinsights_sitenote_category":0},"product_brand":[],"product_cat":[12291,12509],"product_tag":[],"class_list":{"0":"post-717167","1":"product","2":"type-product","3":"status-publish","5":"product_cat-edebiyat","6":"product_cat-siir","7":"pa_cilt-ciltsiz","8":"pa_tur-kitap","9":"pa_yayinevi-kirmizi-kedi-yayinevi","10":"pa_yazar-tuncer-erdem","12":"first","13":"instock","14":"sale","15":"shipping-taxable","16":"purchasable","17":"product-type-simple"},"_links":{"self":[{"href":"https:\/\/roveyayinevi.com.tr\/index.php\/wp-json\/wp\/v2\/product\/717167","targetHints":{"allow":["GET"]}}],"collection":[{"href":"https:\/\/roveyayinevi.com.tr\/index.php\/wp-json\/wp\/v2\/product"}],"about":[{"href":"https:\/\/roveyayinevi.com.tr\/index.php\/wp-json\/wp\/v2\/types\/product"}],"wp:attachment":[{"href":"https:\/\/roveyayinevi.com.tr\/index.php\/wp-json\/wp\/v2\/media?parent=717167"}],"wp:term":[{"taxonomy":"product_brand","embeddable":true,"href":"https:\/\/roveyayinevi.com.tr\/index.php\/wp-json\/wp\/v2\/product_brand?post=717167"},{"taxonomy":"product_cat","embeddable":true,"href":"https:\/\/roveyayinevi.com.tr\/index.php\/wp-json\/wp\/v2\/product_cat?post=717167"},{"taxonomy":"product_tag","embeddable":true,"href":"https:\/\/roveyayinevi.com.tr\/index.php\/wp-json\/wp\/v2\/product_tag?post=717167"}],"curies":[{"name":"wp","href":"https:\/\/api.w.org\/{rel}","templated":true}]}}