{"id":717163,"date":"2025-08-27T17:52:16","date_gmt":"2025-08-27T14:52:16","guid":{"rendered":"https:\/\/roveyayinevi.com.tr\/index.php\/urun\/hepyek\/"},"modified":"2026-04-16T02:25:11","modified_gmt":"2026-04-15T23:25:11","slug":"hepyek","status":"publish","type":"product","link":"https:\/\/roveyayinevi.com.tr\/index.php\/urun\/hepyek\/","title":{"rendered":"Hepyek"},"content":{"rendered":"<p>Uzun zamand\u0131r ne yazaca\u011f\u0131n\u0131 merakla bekledi\u011fimiz, birden fazla t\u00fcrde yazd\u0131klar\u0131yla olduk\u00e7a geni\u015f bir okuyucu kitlesine hitap eden Seray \u015eahiner\u2019in yeni \u00f6yk\u00fc kitab\u0131 Hepyek manifesto niteli\u011fi ta\u015f\u0131yor&#8230; \u015eimdiye dek \u015eahiner edebiyat\u0131nda pek a\u015fina olmad\u0131\u011f\u0131m\u0131z sulara cesurca giriliyor Hepyek\u2019te. K\u0131r \u00f6yk\u00fcs\u00fc \u00e7\u0131k\u0131yor kar\u015f\u0131m\u0131za ama bu tan\u0131d\u0131\u011f\u0131m\u0131z bir k\u0131r de\u011fil. Erkek anlat\u0131c\u0131lar, komiler, dans\u00f6zler, babaanneler; hastane odalar\u0131, yeti\u015ftirme yurtlar\u0131&#8230; Hepsi bir arada, kimsenin kurmad\u0131\u011f\u0131 bir \u00e7etenin \u00fcyeleri\u2026 Hepsi bir arada, hepyek ile y\u00fczle\u015fmenin ne demek oldu\u011funu tek ba\u015f\u0131na anlat\u0131yor.  \u0130nsanl\u0131k tarihi, biraz da ileti\u015fim ara\u00e7lar\u0131n\u0131n tarihi olarak okunabilir. Bu ara\u00e7lar\u0131n neredeyse her biriyle kimi zaman sezdirerek, kimi zaman do\u011frudan anarak u\u011fra\u015f\u0131yor \u015eahiner. Bunlar\u0131 edebiyat\u0131n meselesi haline getiriyor. Hepyek; Ha\u015fim \u0130\u015fcan Ge\u00e7idi\u2019ne her girdi\u011finde bisiklet almaya karar verip ge\u00e7itten \u00e7\u0131kar \u00e7\u0131kmaz bu hayali unutanlar\u0131n, fesle\u011fen g\u00f6r\u00fcnce gayr\u0131 ihtiyari ok\u015fay\u0131p elini koklayanlar\u0131n, sokak \u00e7alg\u0131c\u0131lar\u0131na para verenlerin, niyet etmedikleri d\u00fcnyan\u0131n fal\u0131na gaipten i\u015faretlerle bakanlar\u0131n, hayatta kalma yolu olarak oyunu benimseyenlerin kitab\u0131\u2026 Ama hakikaten \u201csadece\u201d bu kadar\u0131 de\u011fil. \u015eimdi, hepyek gelebilir! <\/p>\n","protected":false},"excerpt":{"rendered":"<p>Uzun zamand\u0131r ne yazaca\u011f\u0131n\u0131 merakla bekledi\u011fimiz, birden fazla t\u00fcrde yazd\u0131klar\u0131yla olduk\u00e7a geni\u015f bir okuyucu kitlesine hitap eden Seray \u015eahiner\u2019in yeni \u00f6yk\u00fc kitab\u0131 Hepyek manifesto niteli\u011fi ta\u015f\u0131yor&#8230;<span class=\"excerpt-hellip\"> [\u2026]<\/span><\/p>\n","protected":false},"featured_media":0,"template":"","meta":{"_monsterinsights_skip_tracking":false,"_monsterinsights_sitenote_active":false,"_monsterinsights_sitenote_note":"","_monsterinsights_sitenote_category":0},"product_brand":[],"product_cat":[12291,12711],"product_tag":[],"class_list":{"0":"post-717163","1":"product","2":"type-product","3":"status-publish","5":"product_cat-edebiyat","6":"product_cat-roman-oyku","7":"pa_cilt-ciltsiz","8":"pa_tur-kitap","9":"pa_yayinevi-everest-yayinlari","10":"pa_yazar-seray-sahiner","12":"first","13":"instock","14":"sale","15":"shipping-taxable","16":"purchasable","17":"product-type-simple"},"_links":{"self":[{"href":"https:\/\/roveyayinevi.com.tr\/index.php\/wp-json\/wp\/v2\/product\/717163","targetHints":{"allow":["GET"]}}],"collection":[{"href":"https:\/\/roveyayinevi.com.tr\/index.php\/wp-json\/wp\/v2\/product"}],"about":[{"href":"https:\/\/roveyayinevi.com.tr\/index.php\/wp-json\/wp\/v2\/types\/product"}],"wp:attachment":[{"href":"https:\/\/roveyayinevi.com.tr\/index.php\/wp-json\/wp\/v2\/media?parent=717163"}],"wp:term":[{"taxonomy":"product_brand","embeddable":true,"href":"https:\/\/roveyayinevi.com.tr\/index.php\/wp-json\/wp\/v2\/product_brand?post=717163"},{"taxonomy":"product_cat","embeddable":true,"href":"https:\/\/roveyayinevi.com.tr\/index.php\/wp-json\/wp\/v2\/product_cat?post=717163"},{"taxonomy":"product_tag","embeddable":true,"href":"https:\/\/roveyayinevi.com.tr\/index.php\/wp-json\/wp\/v2\/product_tag?post=717163"}],"curies":[{"name":"wp","href":"https:\/\/api.w.org\/{rel}","templated":true}]}}