{"id":717161,"date":"2025-08-27T17:52:15","date_gmt":"2025-08-27T14:52:15","guid":{"rendered":"https:\/\/roveyayinevi.com.tr\/index.php\/urun\/tipi-2\/"},"modified":"2026-04-16T02:25:10","modified_gmt":"2026-04-15T23:25:10","slug":"tipi-2","status":"publish","type":"product","link":"https:\/\/roveyayinevi.com.tr\/index.php\/urun\/tipi-2\/","title":{"rendered":"Tipi"},"content":{"rendered":"<p>Doktor Platon \u0130lyi\u00e7 Garin, gizemli bir salg\u0131n\u0131n pen\u00e7esindeki Dolgoye k\u00f6y\u00fcne gitmek zorundad\u0131r. Bunun i\u00e7in g\u00fcler y\u00fczl\u00fc ve uysal k\u0131zak\u00e7\u0131 Perhu\u015fa\u2019yla beraber yola \u00e7\u0131kar. Yan\u0131ndaki a\u015f\u0131, bu korkun\u00e7 hastal\u0131\u011f\u0131n yay\u0131lmas\u0131n\u0131 \u00f6nleyecektir. Ancak aniden bast\u0131ran kar f\u0131rt\u0131nas\u0131yla birlikte g\u00f6z g\u00f6z\u00fc g\u00f6rmemeye, tan\u0131d\u0131k yollar \u00f6rt\u00fclmeye ba\u015flar. Birka\u00e7 saatlik bir yolculuk, zaman\u0131n ve mek\u00e2n\u0131n sonsuzlu\u011fa uzand\u0131\u011f\u0131, rastlant\u0131larla hayallerin birbirine ge\u00e7ti\u011fi destans\u0131 bir aray\u0131\u015f halini alacakt\u0131r. \u00c7a\u011fda\u015f Rus yaz\u0131n\u0131n\u0131n en \u00e7arp\u0131c\u0131 ve \u00f6zg\u00fcn kalemlerinden Vladimir Sorokin, hi\u00e7bir yere \u00e7\u0131kmayan yollar\u0131 izleyerek korku ve merak dolu bir d\u00fcnya yarat\u0131yor. Tipi, Tolstoy\u2019a ve Turgenyev\u2019e ait bir d\u00fcnyada bilimkurgu \u00f6\u011felerle s\u00fcslenmi\u015f bir k\u00e2bus, g\u00fcn\u00fcm\u00fcze \u0131\u015f\u0131k tutan \u00e7a\u011fda\u015f bir k\u0131\u015f masal\u0131. \u00c7eviri edebiyat d\u00fcnyas\u0131n\u0131n en sevdi\u011fi \u00e7a\u011fda\u015f Rus romanc\u0131 olan Vladimir Sorokin, \u00fclkesinin amans\u0131z so\u011fu\u011funu ayn\u0131 ac\u0131mas\u0131zl\u0131kla anlat\u0131yor. Tipi, Tolstoy\u2019un \u00f6yk\u00fcs\u00fc \u00fczerine, manevi derslerin d\u00e2hice bir \u015fekilde \u00fczeri silinerek yaz\u0131lm\u0131\u015f delice bir fantezi. Joshua Cohen, Harper\u2019s Magazine <\/p>\n","protected":false},"excerpt":{"rendered":"<p>Doktor Platon \u0130lyi\u00e7 Garin, gizemli bir salg\u0131n\u0131n pen\u00e7esindeki Dolgoye k\u00f6y\u00fcne gitmek zorundad\u0131r. Bunun i\u00e7in g\u00fcler y\u00fczl\u00fc ve uysal k\u0131zak\u00e7\u0131 Perhu\u015fa\u2019yla beraber yola \u00e7\u0131kar. Yan\u0131ndaki a\u015f\u0131, bu<span class=\"excerpt-hellip\"> [\u2026]<\/span><\/p>\n","protected":false},"featured_media":0,"template":"","meta":{"_monsterinsights_skip_tracking":false,"_monsterinsights_sitenote_active":false,"_monsterinsights_sitenote_note":"","_monsterinsights_sitenote_category":0},"product_brand":[],"product_cat":[13661,12291],"product_tag":[],"class_list":{"0":"post-717161","1":"product","2":"type-product","3":"status-publish","5":"product_cat-diger-ulke-edebiyatlari","6":"product_cat-edebiyat","7":"pa_cilt-ciltsiz","8":"pa_tur-kitap","9":"pa_yayinevi-can-yayinlari","10":"pa_yazar-vladimir-sorokin","12":"first","13":"instock","14":"sale","15":"shipping-taxable","16":"purchasable","17":"product-type-simple"},"_links":{"self":[{"href":"https:\/\/roveyayinevi.com.tr\/index.php\/wp-json\/wp\/v2\/product\/717161","targetHints":{"allow":["GET"]}}],"collection":[{"href":"https:\/\/roveyayinevi.com.tr\/index.php\/wp-json\/wp\/v2\/product"}],"about":[{"href":"https:\/\/roveyayinevi.com.tr\/index.php\/wp-json\/wp\/v2\/types\/product"}],"wp:attachment":[{"href":"https:\/\/roveyayinevi.com.tr\/index.php\/wp-json\/wp\/v2\/media?parent=717161"}],"wp:term":[{"taxonomy":"product_brand","embeddable":true,"href":"https:\/\/roveyayinevi.com.tr\/index.php\/wp-json\/wp\/v2\/product_brand?post=717161"},{"taxonomy":"product_cat","embeddable":true,"href":"https:\/\/roveyayinevi.com.tr\/index.php\/wp-json\/wp\/v2\/product_cat?post=717161"},{"taxonomy":"product_tag","embeddable":true,"href":"https:\/\/roveyayinevi.com.tr\/index.php\/wp-json\/wp\/v2\/product_tag?post=717161"}],"curies":[{"name":"wp","href":"https:\/\/api.w.org\/{rel}","templated":true}]}}